{"id":15151,"date":"2017-09-20T11:34:57","date_gmt":"2017-09-20T11:34:57","guid":{"rendered":"https:\/\/lawgoldberg.com\/practice-areas\/litigation\/"},"modified":"2022-12-23T05:44:55","modified_gmt":"2022-12-23T05:44:55","slug":"litigio","status":"publish","type":"page","link":"https:\/\/lawgoldberg.com\/es\/practice-areas\/litigio\/","title":{"rendered":"litigio"},"content":{"rendered":"<div id=\"cmsmasters_row_tc8ayr3478\" class=\"cmsmasters_row cmsmasters_color_scheme_default home_feature_box cmsmasters_row_top_default cmsmasters_row_bot_default cmsmasters_row_boxed\">\n<div class=\"cmsmasters_row_outer_parent\">\n<div class=\"cmsmasters_row_outer\">\n<div class=\"cmsmasters_row_inner\">\n<div class=\"cmsmasters_row_margin cmsmasters_row_columns_behavior\">\n<div id=\"cmsmasters_column_005cf6fe5f\" class=\"cmsmasters_column one_third\">\n<div class=\"cmsmasters_column_inner\"><div id=\"cmsmasters_fb_6ha61j31wm\" class=\"cmsmasters_featured_block\">\n<a href=\"http:\/\/lawgoldberg.com\/practice-areas\/litigation\/contract-commercial-litigation\/\" class=\"featured_block_link\"><\/a><div class=\"featured_block_inner\">\n<div class=\"featured_block_text\">\n<h3>Contrato \/ Litigio Mercantil<\/h3>\n<p class=\"headline_aligner\">El Contrato ha obligado a los hombres a su palabra desde los albores de nuestra existencia.<\/p>\n<div id=\"cmsmasters_button_6ha61j31wm\" class=\"button_wrap\"><a href=\"https:\/\/lawgoldberg.com\/es\/practice-areas\/litigio\/contrato-litigio-comercial\/\" class=\"cmsmasters_button\"><span>Aprende m\u00e1s<\/span><\/a><\/div>\n\n<\/div>\n<\/div>\n<\/div>\n<\/div><\/div>\n<div id=\"cmsmasters_column_e925aa937e\" class=\"cmsmasters_column one_third\">\n<div class=\"cmsmasters_column_inner\"><div id=\"cmsmasters_fb_zmpyeys0if\" class=\"cmsmasters_featured_block\">\n<a href=\"http:\/\/lawgoldberg.com\/practice-areas\/litigation\/property-law\/\" class=\"featured_block_link\"><\/a><div class=\"featured_block_inner\">\n<div class=\"featured_block_text\">\n<h3 class=\"entry-title\">Ley de Propiedad<\/h3>\n<p>\u00a1Ay del contratista, Sub e incluso del proveedor de material para los proyectos de estos dos \u00faltimos!<\/p>\n<div id=\"cmsmasters_button_zmpyeys0if\" class=\"button_wrap\"><a href=\"https:\/\/lawgoldberg.com\/es\/practice-areas\/litigio\/ley-de-propiedad\/\" class=\"cmsmasters_button\"><span>Aprende m\u00e1s<\/span><\/a><\/div>\n\n<\/div>\n<\/div>\n<\/div>\n<\/div><\/div>\n<div id=\"cmsmasters_column_ffbb007dca\" class=\"cmsmasters_column one_third\">\n<div class=\"cmsmasters_column_inner\"><div id=\"cmsmasters_fb_ivozp21nr\" class=\"cmsmasters_featured_block\">\n<a href=\"http:\/\/lawgoldberg.com\/practice-areas\/litigation\/property-damage-insurance-claims\/\" class=\"featured_block_link\"><\/a><div class=\"featured_block_inner\">\n<div class=\"featured_block_text\">\n<h3 class=\"entry-title\">Reclamaciones de seguro de da\u00f1os a la propiedad<\/h3>\n<p>Texas no aguantar\u00e1 la mala fe de las compa\u00f1\u00edas de seguros hacia sus propios clientes.<\/p>\n<div id=\"cmsmasters_button_ivozp21nr\" class=\"button_wrap\"><a href=\"https:\/\/lawgoldberg.com\/es\/practice-areas\/litigio\/reclamaciones-de-seguros-por-danos-a-la-propiedad\/\" class=\"cmsmasters_button\"><span>Aprende m\u00e1s<\/span><\/a><\/div>\n\n<\/div>\n<\/div>\n<\/div>\n<\/div><\/div>\n<\/div>\n<\/div>\n<\/div>\n<\/div>\n<\/div>\n<div id=\"cmsmasters_row_hu4kk2hcgu\" class=\"cmsmasters_row cmsmasters_color_scheme_default home_feature_box cmsmasters_row_top_default cmsmasters_row_bot_default cmsmasters_row_boxed\">\n<div class=\"cmsmasters_row_outer_parent\">\n<div class=\"cmsmasters_row_outer\">\n<div class=\"cmsmasters_row_inner\">\n<div class=\"cmsmasters_row_margin\">\n<div id=\"cmsmasters_column_1gyu67xwr\" class=\"cmsmasters_column one_third\">\n<div class=\"cmsmasters_column_inner\"><div id=\"cmsmasters_fb_gri96ycrfp\" class=\"cmsmasters_featured_block\">\n<a href=\"http:\/\/lawgoldberg.com\/practice-areas\/litigation\/contract-commercial-litigation\/\" class=\"featured_block_link\"><\/a><div class=\"featured_block_inner\">\n<div class=\"featured_block_text\">\n<h3 class=\"entry-title\">Litigio testamentario<\/h3>\n<p>\u00bfCrees que tu disputa familiar despu\u00e9s de la muerte de un pariente cercano es mala o novedosa? Recuerda que los humanos han estado peleando por la herencia desde que Jacob y su hermano gemelo Esa\u00fa.<\/p>\n<div id=\"cmsmasters_button_gri96ycrfp\" class=\"button_wrap\"><a href=\"https:\/\/lawgoldberg.com\/es\/practice-areas\/litigio\/litigio-testamentario\/\" class=\"cmsmasters_button\"><span>Aprende m\u00e1s<\/span><\/a><\/div>\n\n<\/div>\n<\/div>\n<\/div>\n<\/div><\/div>\n<div id=\"cmsmasters_column_906ziyqtzp\" class=\"cmsmasters_column one_third\">\n<div class=\"cmsmasters_column_inner\"><div id=\"cmsmasters_fb_3o2s48px3o\" class=\"cmsmasters_featured_block\">\n<a href=\"http:\/\/lawgoldberg.com\/practice-areas\/litigation\/property-law\/\" class=\"featured_block_link\"><\/a><div class=\"featured_block_inner\">\n<div class=\"featured_block_text\">\n<h3 class=\"entry-title\">Lesiones Personales \/ Muerte Injusta<\/h3>\n<p>Los derechos civiles, tambi\u00e9n conocidos como derechos exigibles, son derechos garantizados y protegidos por la Constituci\u00f3n de los Estados Unidos.<\/p>\n<div id=\"cmsmasters_button_3o2s48px3o\" class=\"button_wrap\"><a href=\"https:\/\/lawgoldberg.com\/es\/practice-areas\/litigio\/lesion-personal-muerte-por-negligencia\/\" class=\"cmsmasters_button\"><span>Aprende m\u00e1s<\/span><\/a><\/div>\n\n<\/div>\n<\/div>\n<\/div>\n<\/div><\/div>\n<div id=\"cmsmasters_column_f44d1gl6ip\" class=\"cmsmasters_column one_third\">\n<div class=\"cmsmasters_column_inner\"><\/div><\/div>\n<\/div>\n<\/div>\n<\/div>\n<\/div>\n<\/div>\n<div id=\"cmsmasters_row_170f167f05\" class=\"cmsmasters_row cmsmasters_color_scheme_default cmsmasters_row_top_default cmsmasters_row_bot_default cmsmasters_row_boxed\">\n<div class=\"cmsmasters_row_outer_parent\">\n<div class=\"cmsmasters_row_outer\">\n<div class=\"cmsmasters_row_inner\">\n<div class=\"cmsmasters_row_margin\">\n<div id=\"cmsmasters_column_f721314c47\" class=\"cmsmasters_column one_first\">\n<div class=\"cmsmasters_column_inner\">\n<div id=\"cmsmasters_divider_ermcxtwh8\" class=\"cmsmasters_divider cmsmasters_divider_width_long cmsmasters_divider_pos_center\"><\/div>\n<div id=\"cmsmasters_heading_9b09b83b32\" class=\"cmsmasters_heading_wrap cmsmasters_heading_align_center\">\n\t<h3 class=\"cmsmasters_heading\">Sign Up for The Goldberg Globe<\/h3>\n<\/div>\n<div class=\"cmsmasters_sidebar sidebar_layout_11 subscriber-form\"><div class=\"cl\"><\/div>\n<\/div>\n<\/div><\/div>\n<div id=\"cmsmasters_column_l8o80bw4n\" class=\"cmsmasters_column one_first\">\n<div class=\"cmsmasters_column_inner\"><\/div><\/div>\n<\/div>\n<\/div>\n<\/div>\n<\/div>\n<\/div>\n\n","protected":false},"excerpt":{"rendered":"","protected":false},"author":3,"featured_media":0,"parent":15087,"menu_order":0,"comment_status":"closed","ping_status":"closed","template":"","meta":{"_acf_changed":false,"footnotes":""},"class_list":["post-15151","page","type-page","status-publish","hentry"],"acf":[],"yoast_head":"<!-- This site is optimized with the Yoast SEO plugin v26.5 - https:\/\/yoast.com\/wordpress\/plugins\/seo\/ -->\n<title>Ligitation Attorneys in Houston, TX - Goldberg Law Office<\/title>\n<meta name=\"description\" content=\"At Goldberg Law we&#039;re your Houston litigation experts. We tackle contract litigation, property law, damage claims, probate litigation &amp; more. Contact us today.\" \/>\n<meta name=\"robots\" content=\"index, follow, max-snippet:-1, max-image-preview:large, max-video-preview:-1\" \/>\n<link rel=\"canonical\" href=\"https:\/\/lawgoldberg.com\/es\/practice-areas\/litigio\/\" \/>\n<meta property=\"og:locale\" content=\"es_ES\" \/>\n<meta property=\"og:type\" content=\"article\" \/>\n<meta property=\"og:title\" content=\"Ligitation Attorneys in Houston, TX - Goldberg Law Office\" \/>\n<meta property=\"og:description\" content=\"At Goldberg Law we&#039;re your Houston litigation experts. We tackle contract litigation, property law, damage claims, probate litigation &amp; more. Contact us today.\" \/>\n<meta property=\"og:url\" content=\"https:\/\/lawgoldberg.com\/es\/practice-areas\/litigio\/\" \/>\n<meta property=\"og:site_name\" content=\"The Goldberg Law Office PLLC\" \/>\n<meta property=\"article:modified_time\" content=\"2022-12-23T05:44:55+00:00\" \/>\n<meta name=\"twitter:card\" content=\"summary_large_image\" \/>\n<meta name=\"twitter:label1\" content=\"Tiempo de lectura\" \/>\n\t<meta name=\"twitter:data1\" content=\"2 minutos\" \/>\n<script type=\"application\/ld+json\" class=\"yoast-schema-graph\">{\"@context\":\"https:\/\/schema.org\",\"@graph\":[{\"@type\":\"WebPage\",\"@id\":\"https:\/\/lawgoldberg.com\/es\/practice-areas\/litigio\/\",\"url\":\"https:\/\/lawgoldberg.com\/es\/practice-areas\/litigio\/\",\"name\":\"Ligitation Attorneys in Houston, TX - Goldberg Law Office\",\"isPartOf\":{\"@id\":\"https:\/\/lawgoldberg.com\/#website\"},\"datePublished\":\"2017-09-20T11:34:57+00:00\",\"dateModified\":\"2022-12-23T05:44:55+00:00\",\"description\":\"At Goldberg Law we're your Houston litigation experts. We tackle contract litigation, property law, damage claims, probate litigation & more. Contact us today.\",\"breadcrumb\":{\"@id\":\"https:\/\/lawgoldberg.com\/es\/practice-areas\/litigio\/#breadcrumb\"},\"inLanguage\":\"es\",\"potentialAction\":[{\"@type\":\"ReadAction\",\"target\":[\"https:\/\/lawgoldberg.com\/es\/practice-areas\/litigio\/\"]}]},{\"@type\":\"BreadcrumbList\",\"@id\":\"https:\/\/lawgoldberg.com\/es\/practice-areas\/litigio\/#breadcrumb\",\"itemListElement\":[{\"@type\":\"ListItem\",\"position\":1,\"name\":\"Home\",\"item\":\"https:\/\/lawgoldberg.com\/es\/\"},{\"@type\":\"ListItem\",\"position\":2,\"name\":\"Practice Areas\",\"item\":\"https:\/\/lawgoldberg.com\/es\/practice-areas\/\"},{\"@type\":\"ListItem\",\"position\":3,\"name\":\"litigio\"}]},{\"@type\":\"WebSite\",\"@id\":\"https:\/\/lawgoldberg.com\/#website\",\"url\":\"https:\/\/lawgoldberg.com\/\",\"name\":\"The Goldberg Law Office PLLC\",\"description\":\"Justice you shall pursue Justice\",\"potentialAction\":[{\"@type\":\"SearchAction\",\"target\":{\"@type\":\"EntryPoint\",\"urlTemplate\":\"https:\/\/lawgoldberg.com\/?s={search_term_string}\"},\"query-input\":{\"@type\":\"PropertyValueSpecification\",\"valueRequired\":true,\"valueName\":\"search_term_string\"}}],\"inLanguage\":\"es\"}]}<\/script>\n<!-- \/ Yoast SEO plugin. -->","yoast_head_json":{"title":"Ligitation Attorneys in Houston, TX - Goldberg Law Office","description":"At Goldberg Law we're your Houston litigation experts. We tackle contract litigation, property law, damage claims, probate litigation & more. Contact us today.","robots":{"index":"index","follow":"follow","max-snippet":"max-snippet:-1","max-image-preview":"max-image-preview:large","max-video-preview":"max-video-preview:-1"},"canonical":"https:\/\/lawgoldberg.com\/es\/practice-areas\/litigio\/","og_locale":"es_ES","og_type":"article","og_title":"Ligitation Attorneys in Houston, TX - Goldberg Law Office","og_description":"At Goldberg Law we're your Houston litigation experts. We tackle contract litigation, property law, damage claims, probate litigation & more. Contact us today.","og_url":"https:\/\/lawgoldberg.com\/es\/practice-areas\/litigio\/","og_site_name":"The Goldberg Law Office PLLC","article_modified_time":"2022-12-23T05:44:55+00:00","twitter_card":"summary_large_image","twitter_misc":{"Tiempo de lectura":"2 minutos"},"schema":{"@context":"https:\/\/schema.org","@graph":[{"@type":"WebPage","@id":"https:\/\/lawgoldberg.com\/es\/practice-areas\/litigio\/","url":"https:\/\/lawgoldberg.com\/es\/practice-areas\/litigio\/","name":"Ligitation Attorneys in Houston, TX - Goldberg Law Office","isPartOf":{"@id":"https:\/\/lawgoldberg.com\/#website"},"datePublished":"2017-09-20T11:34:57+00:00","dateModified":"2022-12-23T05:44:55+00:00","description":"At Goldberg Law we're your Houston litigation experts. We tackle contract litigation, property law, damage claims, probate litigation & more. Contact us today.","breadcrumb":{"@id":"https:\/\/lawgoldberg.com\/es\/practice-areas\/litigio\/#breadcrumb"},"inLanguage":"es","potentialAction":[{"@type":"ReadAction","target":["https:\/\/lawgoldberg.com\/es\/practice-areas\/litigio\/"]}]},{"@type":"BreadcrumbList","@id":"https:\/\/lawgoldberg.com\/es\/practice-areas\/litigio\/#breadcrumb","itemListElement":[{"@type":"ListItem","position":1,"name":"Home","item":"https:\/\/lawgoldberg.com\/es\/"},{"@type":"ListItem","position":2,"name":"Practice Areas","item":"https:\/\/lawgoldberg.com\/es\/practice-areas\/"},{"@type":"ListItem","position":3,"name":"litigio"}]},{"@type":"WebSite","@id":"https:\/\/lawgoldberg.com\/#website","url":"https:\/\/lawgoldberg.com\/","name":"The Goldberg Law Office PLLC","description":"Justice you shall pursue Justice","potentialAction":[{"@type":"SearchAction","target":{"@type":"EntryPoint","urlTemplate":"https:\/\/lawgoldberg.com\/?s={search_term_string}"},"query-input":{"@type":"PropertyValueSpecification","valueRequired":true,"valueName":"search_term_string"}}],"inLanguage":"es"}]}},"_links":{"self":[{"href":"https:\/\/lawgoldberg.com\/es\/wp-json\/wp\/v2\/pages\/15151","targetHints":{"allow":["GET"]}}],"collection":[{"href":"https:\/\/lawgoldberg.com\/es\/wp-json\/wp\/v2\/pages"}],"about":[{"href":"https:\/\/lawgoldberg.com\/es\/wp-json\/wp\/v2\/types\/page"}],"author":[{"embeddable":true,"href":"https:\/\/lawgoldberg.com\/es\/wp-json\/wp\/v2\/users\/3"}],"replies":[{"embeddable":true,"href":"https:\/\/lawgoldberg.com\/es\/wp-json\/wp\/v2\/comments?post=15151"}],"version-history":[{"count":9,"href":"https:\/\/lawgoldberg.com\/es\/wp-json\/wp\/v2\/pages\/15151\/revisions"}],"predecessor-version":[{"id":16773,"href":"https:\/\/lawgoldberg.com\/es\/wp-json\/wp\/v2\/pages\/15151\/revisions\/16773"}],"up":[{"embeddable":true,"href":"https:\/\/lawgoldberg.com\/es\/wp-json\/wp\/v2\/pages\/15087"}],"wp:attachment":[{"href":"https:\/\/lawgoldberg.com\/es\/wp-json\/wp\/v2\/media?parent=15151"}],"curies":[{"name":"wp","href":"https:\/\/api.w.org\/{rel}","templated":true}]}}