{"id":15116,"date":"2020-10-06T06:52:04","date_gmt":"2020-10-06T06:52:04","guid":{"rendered":"https:\/\/lawgoldberg.com\/practice-areas\/home\/property-law\/"},"modified":"2022-12-22T12:39:58","modified_gmt":"2022-12-22T12:39:58","slug":"ley-de-propiedad","status":"publish","type":"page","link":"https:\/\/lawgoldberg.com\/es\/practice-areas\/litigio\/ley-de-propiedad\/","title":{"rendered":"Ley de Propiedad"},"content":{"rendered":"<div id=\"cmsmasters_row_o8bljjoqcs\" class=\"cmsmasters_row cmsmasters_color_scheme_default pra_area_pages cmsmasters_row_top_default cmsmasters_row_bot_default cmsmasters_row_boxed\">\n<div class=\"cmsmasters_row_outer_parent\">\n<div class=\"cmsmasters_row_outer\">\n<div class=\"cmsmasters_row_inner\">\n<div class=\"cmsmasters_row_margin\">\n<div id=\"cmsmasters_column_z20mx3jt98\" class=\"cmsmasters_column one_first\" data-animation=\"fadeInDown\" data-delay=\"0\">\n<div class=\"cmsmasters_column_inner\"><div class=\"custom_html\">\n<div class=\"menu_drop_down\">\n<a href=\"javascript:void(0)\" class=\"menu_drop_down_1\">Contratista\/Subcontratista\/Proveedor Grav\u00e1menes y Representaci\u00f3n<\/a><br \/>\n<a href=\"javascript:void(0)\" class=\"menu_drop_down_2\">Litigios de Construcci\u00f3n<\/a><br \/>\n<a href=\"javascript:void(0)\" class=\"menu_drop_down_3\">Asociaci\u00f3n de Propietarios\/Restricciones de escritura<\/a><br \/>\n<a href=\"javascript:void(0)\" class=\"menu_drop_down_4\">Disputas de l\u00edmites<\/a><br \/>\n<a href=\"javascript:void(0)\" class=\"menu_drop_down_5\">Propietario\/inquilino comercial<\/a>\n<\/div>\n<\/div>\n<div id=\"cmsmasters_fb_cndmrgj9v3\" class=\"cmsmasters_featured_block\">\n<div class=\"featured_block_inner\">\n<div class=\"featured_block_text\">\n<h2>Contratista\/Subcontratista\/Proveedor Grav\u00e1menes &amp; Representaci\u00f3n<\/h2>\n\n<\/div>\n<\/div>\n<\/div>\n<div class=\"cmsmasters_quotes cmsmasters_quotes_grid quote_one quote_white_bg\">\n<span class=\"cmsmasters_quotes_vert\"><span><\/span><\/span><div class=\"cmsmasters_quotes_list\">\n<div class=\"cmsmasters_quote\">\n<!-- Start Quote Grid Article -->\r\n<article class=\"cmsmasters_quote_inner\">\r\n<figure class=\"cmsmasters_quote_image\"><\/figure><div class=\"cmsmasters_quote_info_wrap\"><header class=\"cmsmasters_quote_header\"><h5 class=\"cmsmasters_quote_title\">Walter Fielding (Tom Hanks), The Money Pit<\/h5><\/header><div class=\"cmsmasters_quote_content\">\n<p>El hecho de que hayan venido a cobrar el dinero no es garant\u00eda de que vayan a hacer el trabajo&#8230; y si lo hacen&#8230; \u00a1no puedo pagarlo!<\/p>\n<\/div><\/div><\/article>\r\n<!-- Finish Quote Grid Article -->\r\n\r\n<\/div>\n<span class=\"cl\"><\/span><\/div>\n<\/div><div id=\"cmsmasters_fb_p4k2mzxmqv\" class=\"cmsmasters_featured_block\">\n<div class=\"featured_block_inner\">\n<div class=\"featured_block_text\">\n<p class=\"font_7\">\u00a1Ay del contratista, Sub e incluso del proveedor de material para los proyectos de estos dos \u00faltimos! Trabajan en una de las industrias m\u00e1s brutales contra viento y marea: inclemencias del tiempo, propietarios volubles, inspectores de c\u00f3digos inconsistentes, subcontratistas volubles, mercados laborales ajustados, calendarios implacables, ajustadores de seguros irracionales y costos crecientes de materiales de construcci\u00f3n. Como si las probabilidades no fueran lo suficientemente altas, aquellos que deber\u00edan pagarlas con demasiada frecuencia deciden no hacerlo. A menudo, el papel se invierte: un subcontratista comete un error completo y total, pero a\u00fan as\u00ed presenta un gravamen sobre el proyecto cuando el GC leg\u00edtimamente rechaza el pago.<\/p>\n<p class=\"font_7\"><span class=\"wixGuard\">\u200b<\/span>En esta industria en particular, los litigios parecen ser una amenaza constante. Podemos ayudar. Con una d\u00e9cada representando a contratistas generales, subcontratistas, carpinteros, alba\u00f1iles, soldadores, enmarcadores, pintores, techadores, especialistas en cimientos, empresas de alquiler de equipos, arquitectos, ingenieros y empresas de servicios petroleros, sabemos c\u00f3mo pelear esta lucha. Ya sea que necesitemos presentar un gravamen y demandar para hacerlo cumplir para que le paguen, o debamos luchar contra un reclamo fr\u00edvolo contra su empresa, la oficina legal de Goldberg est\u00e1 lista para defenderlo a usted y los derechos de su empresa.<\/p>\n\n<\/div>\n<\/div>\n<\/div>\n<\/div><\/div>\n<\/div>\n<\/div>\n<\/div>\n<\/div>\n<\/div>\n<div id=\"cmsmasters_row_ocdiib26fv\" class=\"cmsmasters_row cmsmasters_color_scheme_default pra_area_pages cmsmasters_row_top_default cmsmasters_row_bot_default cmsmasters_row_boxed\">\n<div class=\"cmsmasters_row_outer_parent\">\n<div class=\"cmsmasters_row_outer\">\n<div class=\"cmsmasters_row_inner\">\n<div class=\"cmsmasters_row_margin\">\n<div id=\"cmsmasters_column_41ymjdhg0e\" class=\"cmsmasters_column one_first\" data-animation=\"fadeInDown\" data-delay=\"0\">\n<div class=\"cmsmasters_column_inner\"><div id=\"cmsmasters_fb_kmwc18j2g\" class=\"cmsmasters_featured_block\">\n<div class=\"featured_block_inner\">\n<div class=\"featured_block_text\">\n<h2>Litigios de Construcci\u00f3n<\/h2>\n\n<\/div>\n<\/div>\n<\/div>\n<div class=\"cmsmasters_quotes cmsmasters_quotes_grid quote_one quote_white_bg\">\n<span class=\"cmsmasters_quotes_vert\"><span><\/span><\/span><div class=\"cmsmasters_quotes_list\">\n<div class=\"cmsmasters_quote\">\n<!-- Start Quote Grid Article -->\r\n<article class=\"cmsmasters_quote_inner\">\r\n<figure class=\"cmsmasters_quote_image\"><\/figure><div class=\"cmsmasters_quote_info_wrap\"><header class=\"cmsmasters_quote_header\"><h5 class=\"cmsmasters_quote_title\">Walter Fielding (Tom Hanks), The Money Pit<\/h5><\/header><div class=\"cmsmasters_quote_content\">\n<p>Aqu\u00ed yace Walter Fielding. Compr\u00f3 una casa y eso lo mat\u00f3.<\/p>\n<\/div><\/div><\/article>\r\n<!-- Finish Quote Grid Article -->\r\n\r\n<\/div>\n<span class=\"cl\"><\/span><\/div>\n<\/div><div id=\"cmsmasters_fb_zmljt0n19c\" class=\"cmsmasters_featured_block\">\n<div class=\"featured_block_inner\">\n<div class=\"featured_block_text\">\n<p class=\"font_7\">La planificaci\u00f3n siempre comienza con facilidad. caras sonrientes Contratos firmados. Dinero listo para ser gastado. Entusiasmo y entusiasmo por abrir camino. Ya sea que desarrolle una parcela de tierra desde cero, remodele una oficina, construya un centro comercial, agregue una nueva ala a la sinagoga o construya la casa de sus sue\u00f1os, el comienzo siempre es la parte divertida. Pero con demasiada frecuencia, las cosas salen mal. El contratista ignor\u00f3 los planos del arquitecto. El ingeniero no incluy\u00f3 soporte cr\u00edtico para un muro de carga. El subcontratista de pisos instala vinilo en lugar de madera real. O tal vez alguien simplemente se olvid\u00f3 de cerrar con llave al final del d\u00eda, lo que result\u00f3 en una deuda por valor de decenas de miles de d\u00f3lares.<\/p>\n<p class=\"font_7\">Independientemente del problema, The Goldberg Law Office ha estado all\u00ed y lo ha combatido. Sabemos c\u00f3mo navegar estos problemas y las personalidades que son muy comunes en esta industria. Esta es nuestra timonera. Si\u00e9ntase c\u00f3modo confi\u00e1ndonos su caso.<\/p>\n\n<\/div>\n<\/div>\n<\/div>\n<\/div><\/div>\n<\/div>\n<\/div>\n<\/div>\n<\/div>\n<\/div>\n<div id=\"cmsmasters_row_0teqfasru\" class=\"cmsmasters_row cmsmasters_color_scheme_default pra_area_pages cmsmasters_row_top_default cmsmasters_row_bot_default cmsmasters_row_boxed\">\n<div class=\"cmsmasters_row_outer_parent\">\n<div class=\"cmsmasters_row_outer\">\n<div class=\"cmsmasters_row_inner\">\n<div class=\"cmsmasters_row_margin\">\n<div id=\"cmsmasters_column_emjxx2qlzd\" class=\"cmsmasters_column one_first\" data-animation=\"fadeInDown\" data-delay=\"0\">\n<div class=\"cmsmasters_column_inner\"><div id=\"cmsmasters_fb_go6v9eu6ik\" class=\"cmsmasters_featured_block\">\n<div class=\"featured_block_inner\">\n<div class=\"featured_block_text\">\n<h2>Asociaci\u00f3n de Propietarios\/Restricciones de escritura<\/h2>\n\n<\/div>\n<\/div>\n<\/div>\n<div class=\"cmsmasters_quotes cmsmasters_quotes_grid quote_one quote_white_bg\">\n<span class=\"cmsmasters_quotes_vert\"><span><\/span><\/span><div class=\"cmsmasters_quotes_list\">\n<div class=\"cmsmasters_quote\">\n<!-- Start Quote Grid Article -->\r\n<article class=\"cmsmasters_quote_inner\">\r\n<figure class=\"cmsmasters_quote_image\"><\/figure><div class=\"cmsmasters_quote_info_wrap\"><header class=\"cmsmasters_quote_header\"><h5 class=\"cmsmasters_quote_title\">Eric Hoffer.<\/h5><\/header><div class=\"cmsmasters_quote_content\">\n<p>Es m\u00e1s f\u00e1cil amar a la humanidad en su conjunto que amar al pr\u00f3jimo.<\/p>\n<\/div><\/div><\/article>\r\n<!-- Finish Quote Grid Article -->\r\n\r\n<\/div>\n<span class=\"cl\"><\/span><\/div>\n<\/div><div id=\"cmsmasters_fb_cz685w0dk\" class=\"cmsmasters_featured_block\">\n<div class=\"featured_block_inner\">\n<div class=\"featured_block_text\">\n<p class=\"font_7\">A medida que perd\u00edamos gradualmente nuestras libertades de la vida rural por los beneficios de la sociedad urbana organizada, incurr\u00edamos en m\u00e1s y m\u00e1s reglas y restricciones. Las Asociaciones de Propietarios (HOA, por sus siglas en ingl\u00e9s) representan ese mismo equilibrio entre garantizar a las personas su libertad y dictar reglas que deben ser cumplidas por todos dentro de ese vecindario determinado. Lo mismo puede decirse de los vecindarios con restricciones de escritura.<\/p>\n<p class=\"font_7\"><span class=\"wixGuard\">\u200b<\/span>No siempre es f\u00e1cil. Se hacen reglas con las que algunos no est\u00e1n de acuerdo. Las reglas son ignoradas por otros. Las reglas no son aplicadas por la asociaci\u00f3n. Las juntas de la HOA deciden hacer alarde de sus obligaciones con los miembros de la HOA. Tu vecino hace sonar su m\u00fasica a decibelios de estrella de rock hasta altas horas de la noche. Su cortac\u00e9sped no puede cumplir con la insistencia de la empresa administradora de que cada brizna de c\u00e9sped se corte a exactamente 0,27\u201d. Los ingresos del seguro de una gran tormenta no se comparten por igual. \u00bfQu\u00e9 hay que hacer? Sin la aplicaci\u00f3n de la ley, reina el caos.<\/p>\n<p class=\"font_7\"><span class=\"wixGuard\">\u200b<\/span>Todos debemos vivir con nuestros vecinos. Pero cuando esa tarea se vuelva demasiado dif\u00edcil, llame a esta firma.<\/p>\n\n<\/div>\n<\/div>\n<\/div>\n<\/div><\/div>\n<\/div>\n<\/div>\n<\/div>\n<\/div>\n<\/div>\n<div id=\"cmsmasters_row_46hdd4wd1\" class=\"cmsmasters_row cmsmasters_color_scheme_default pra_area_pages cmsmasters_row_top_default cmsmasters_row_bot_default cmsmasters_row_boxed\">\n<div class=\"cmsmasters_row_outer_parent\">\n<div class=\"cmsmasters_row_outer\">\n<div class=\"cmsmasters_row_inner\">\n<div class=\"cmsmasters_row_margin\">\n<div id=\"cmsmasters_column_o1w465fyig\" class=\"cmsmasters_column one_first\" data-animation=\"fadeInDown\" data-delay=\"0\">\n<div class=\"cmsmasters_column_inner\"><div id=\"cmsmasters_fb_wsm7o5he\" class=\"cmsmasters_featured_block\">\n<div class=\"featured_block_inner\">\n<div class=\"featured_block_text\">\n<h2 class=\"font_4\">Disputas de l\u00edmites<\/h2>\n\n<\/div>\n<\/div>\n<\/div>\n<div class=\"cmsmasters_quotes cmsmasters_quotes_grid quote_one quote_white_bg\">\n<span class=\"cmsmasters_quotes_vert\"><span><\/span><\/span><div class=\"cmsmasters_quotes_list\">\n<div class=\"cmsmasters_quote\">\n<!-- Start Quote Grid Article -->\r\n<article class=\"cmsmasters_quote_inner\">\r\n<figure class=\"cmsmasters_quote_image\"><\/figure><div class=\"cmsmasters_quote_info_wrap\"><header class=\"cmsmasters_quote_header\"><h5 class=\"cmsmasters_quote_title\">Nittai of Arbel, Pirkei Avot<\/h5><\/header><div class=\"cmsmasters_quote_content\">\n<p>Mant\u00e9ngase alejado de un mal vecino. No fraternices con un hombre malvado. Y no abandones la creencia en la retribuci\u00f3n.<\/p>\n<\/div><\/div><\/article>\r\n<!-- Finish Quote Grid Article -->\r\n\r\n<\/div>\n<span class=\"cl\"><\/span><\/div>\n<\/div><div id=\"cmsmasters_fb_b4ogtk0av9\" class=\"cmsmasters_featured_block\">\n<div class=\"featured_block_inner\">\n<div class=\"featured_block_text\">\n<p class=\"font_7\">Eso fue escrito hace mil a\u00f1os. Y qu\u00e9 poco han cambiado los humanos desde entonces. Los vecinos son vecinos. codiciamos. nos quejamos Nosotros juzgamos. Todo esto es normal. Pero cuando un vecino cree que otro ocupa el terreno del primero, las cosas se ponen interesantes. La ley de Texas con respecto a este tema se origina en el derecho consuetudinario ingl\u00e9s antiguo. Lo que funcion\u00f3 para ellos en el transcurso de los \u00faltimos milenios funciona para nosotros hoy con algunos ajustes, por supuesto.<\/p>\n<p class=\"font_7\"><span class=\"wixGuard\">\u200b<\/span>Las disputas de t\u00edtulos y l\u00edmites implican desacuerdos sobre qui\u00e9n es due\u00f1o de una propiedad y la cantidad de \u00e1rea que cubre la propiedad. La disputa puede resultar de dos levantamientos topogr\u00e1ficos diferentes. Puede resultar de la posesi\u00f3n adversa. Puede ser intencional. Puede ser involuntario. La disputa puede involucrar la superficie real de la tierra o puede centrarse en los derechos mineros subterr\u00e1neos. Todas estas son peleas que esta Firma ha peleado en nombre de sus clientes.<\/p>\n\n<\/div>\n<\/div>\n<\/div>\n<\/div><\/div>\n<\/div>\n<\/div>\n<\/div>\n<\/div>\n<\/div>\n<div id=\"cmsmasters_row_5s3ibxypgj\" class=\"cmsmasters_row cmsmasters_color_scheme_default cmsmasters_row_top_default cmsmasters_row_bot_default cmsmasters_row_boxed\">\n<div class=\"cmsmasters_row_outer_parent\">\n<div class=\"cmsmasters_row_outer\">\n<div class=\"cmsmasters_row_inner\">\n<div class=\"cmsmasters_row_margin\">\n<div id=\"cmsmasters_column_f5305822b0\" class=\"cmsmasters_column one_first\">\n<div class=\"cmsmasters_column_inner\">\n<div id=\"cmsmasters_divider_d37clo9m3o\" class=\"cmsmasters_divider cmsmasters_divider_width_long cmsmasters_divider_pos_center\"><\/div>\n<\/div><\/div>\n<\/div>\n<\/div>\n<\/div>\n<\/div>\n<\/div>\n<div id=\"cmsmasters_row_nh0uj90jh7\" class=\"cmsmasters_row cmsmasters_color_scheme_default cmsmasters_row_top_default cmsmasters_row_bot_default cmsmasters_row_boxed\">\n<div class=\"cmsmasters_row_outer_parent\">\n<div class=\"cmsmasters_row_outer\">\n<div class=\"cmsmasters_row_inner\">\n<div class=\"cmsmasters_row_margin\">\n<div id=\"cmsmasters_column_ncjf0lncc\" class=\"cmsmasters_column one_first\">\n<div class=\"cmsmasters_column_inner\"><div id=\"cmsmasters_heading_zq2keihjri\" class=\"cmsmasters_heading_wrap cmsmasters_heading_align_left\">\n\t<h2 class=\"cmsmasters_heading\">Propietario\/inquilino comercial<\/h2>\n<\/div><div class=\"cmsmasters_quotes cmsmasters_quotes_grid quote_one quote_bg\">\n<span class=\"cmsmasters_quotes_vert\"><span><\/span><\/span><div class=\"cmsmasters_quotes_list\">\n<div class=\"cmsmasters_quote\">\n<!-- Start Quote Grid Article -->\r\n<article class=\"cmsmasters_quote_inner\">\r\n<figure class=\"cmsmasters_quote_image\"><\/figure><div class=\"cmsmasters_quote_info_wrap\"><header class=\"cmsmasters_quote_header\"><h5 class=\"cmsmasters_quote_title\">Mark Twain<\/h5><\/header><div class=\"cmsmasters_quote_content\">\n<p>Compra tierra, ya no la est\u00e1n haciendo.<\/p>\n<\/div><\/div><\/article>\r\n<!-- Finish Quote Grid Article -->\r\n\r\n<\/div>\n<span class=\"cl\"><\/span><\/div>\n<\/div><div class=\"cmsmasters_text\">\n<p class=\"font_7\">Los inquilinos tienen derechos. Los propietarios tienen derechos. El contrato de arrendamiento firmado por ambos rige la relaci\u00f3n. El C\u00f3digo de Propiedad de Texas rige la relaci\u00f3n. Entonces, \u00bfcu\u00e1l es el resultado cuando las partes no est\u00e1n de acuerdo sobre un tema o no se llevan bien? \u00bfC\u00f3mo se maneja el incumplimiento del acuerdo? \u00bfQu\u00e9 debe hacer un inquilino cuando recibe un trato indebido? \u00bfCu\u00e1les son los recursos del propietario cuando se aprovecha?<\/p>\n<p class=\"font_7\"><span class=\"wixGuard\">\u200b<\/span>Los problemas de propietarios e inquilinos son tan delicados porque tienen un gran impacto en lo que es importante para nosotros: nuestros lugares de residencia, lugar de trabajo, propiedades de inversi\u00f3n. Inherente al arrendamiento de un espacio existe una relaci\u00f3n con otra parte. Y a menudo hay poco m\u00e1s para vincular a las dos partes m\u00e1s all\u00e1 del contrato de arrendamiento original.<\/p>\n<p class=\"font_7\"><span class=\"wixGuard\">\u200b<\/span>Ll\u00e1menos sobre su problema. Como siempre, priorizaremos la resoluci\u00f3n pac\u00edfica de sus problemas. Si no se encuentra ninguno, resolveremos los problemas en los tribunales.<\/p>\n<\/div>\n<\/div><\/div>\n<\/div>\n<\/div>\n<\/div>\n<\/div>\n<\/div>\n<div id=\"cmsmasters_row_2rsuv0v4ud\" class=\"cmsmasters_row cmsmasters_color_scheme_default cmsmasters_row_top_default cmsmasters_row_bot_default cmsmasters_row_boxed\">\n<div class=\"cmsmasters_row_outer_parent\">\n<div class=\"cmsmasters_row_outer\">\n<div class=\"cmsmasters_row_inner\">\n<div class=\"cmsmasters_row_margin\">\n<div id=\"cmsmasters_column_303sq37l4t\" class=\"cmsmasters_column one_first\">\n<div class=\"cmsmasters_column_inner\">\n<div id=\"cmsmasters_divider_925fug5fvp\" class=\"cmsmasters_divider cmsmasters_divider_width_long cmsmasters_divider_pos_center\"><\/div>\n<\/div><\/div>\n<\/div>\n<\/div>\n<\/div>\n<\/div>\n<\/div>\n<div id=\"cmsmasters_row_u6fovdbfja\" class=\"cmsmasters_row cmsmasters_color_scheme_default cmsmasters_row_top_default cmsmasters_row_bot_default cmsmasters_row_boxed\">\n<div class=\"cmsmasters_row_outer_parent\">\n<div class=\"cmsmasters_row_outer\">\n<div class=\"cmsmasters_row_inner\">\n<div class=\"cmsmasters_row_margin\">\n<div id=\"cmsmasters_column_f721314c47\" class=\"cmsmasters_column one_first\">\n<div class=\"cmsmasters_column_inner\"><div id=\"cmsmasters_heading_f3wk7fgro\" class=\"cmsmasters_heading_wrap cmsmasters_heading_align_center\">\n\t<h3 class=\"cmsmasters_heading\">Sign Up for The Goldberg Globe<\/h3>\n<\/div>\n<div class=\"cmsmasters_sidebar sidebar_layout_11 subscriber-form\"><div class=\"cl\"><\/div>\n<\/div>\n<\/div><\/div>\n<\/div>\n<\/div>\n<\/div>\n<\/div>\n<\/div>\n\n","protected":false},"excerpt":{"rendered":"","protected":false},"author":3,"featured_media":0,"parent":15151,"menu_order":0,"comment_status":"closed","ping_status":"closed","template":"","meta":{"_acf_changed":false,"footnotes":""},"class_list":["post-15116","page","type-page","status-publish","hentry"],"acf":[],"yoast_head":"<!-- This site is optimized with the Yoast SEO plugin v26.5 - https:\/\/yoast.com\/wordpress\/plugins\/seo\/ -->\n<title>Property and Construction Litigation in Houston, TX<\/title>\n<meta name=\"description\" content=\"At Goldberg Law we focus on property law ranging from construction litigation to boundary disputes &amp; more in Houston. Let us help you, contact our firm today.\" \/>\n<meta name=\"robots\" content=\"index, follow, max-snippet:-1, max-image-preview:large, max-video-preview:-1\" \/>\n<link rel=\"canonical\" href=\"https:\/\/lawgoldberg.com\/es\/practice-areas\/litigio\/ley-de-propiedad\/\" \/>\n<meta property=\"og:locale\" content=\"es_ES\" \/>\n<meta property=\"og:type\" content=\"article\" \/>\n<meta property=\"og:title\" content=\"Property and Construction Litigation in Houston, TX\" \/>\n<meta property=\"og:description\" content=\"At Goldberg Law we focus on property law ranging from construction litigation to boundary disputes &amp; more in Houston. Let us help you, contact our firm today.\" \/>\n<meta property=\"og:url\" content=\"https:\/\/lawgoldberg.com\/es\/practice-areas\/litigio\/ley-de-propiedad\/\" \/>\n<meta property=\"og:site_name\" content=\"The Goldberg Law Office PLLC\" \/>\n<meta property=\"article:modified_time\" content=\"2022-12-22T12:39:58+00:00\" \/>\n<meta name=\"twitter:card\" content=\"summary_large_image\" \/>\n<meta name=\"twitter:label1\" content=\"Tiempo de lectura\" \/>\n\t<meta name=\"twitter:data1\" content=\"6 minutos\" \/>\n<script type=\"application\/ld+json\" class=\"yoast-schema-graph\">{\"@context\":\"https:\/\/schema.org\",\"@graph\":[{\"@type\":\"WebPage\",\"@id\":\"https:\/\/lawgoldberg.com\/es\/practice-areas\/litigio\/ley-de-propiedad\/\",\"url\":\"https:\/\/lawgoldberg.com\/es\/practice-areas\/litigio\/ley-de-propiedad\/\",\"name\":\"Property and Construction Litigation in Houston, TX\",\"isPartOf\":{\"@id\":\"https:\/\/lawgoldberg.com\/#website\"},\"datePublished\":\"2020-10-06T06:52:04+00:00\",\"dateModified\":\"2022-12-22T12:39:58+00:00\",\"description\":\"At Goldberg Law we focus on property law ranging from construction litigation to boundary disputes & more in Houston. Let us help you, contact our firm today.\",\"breadcrumb\":{\"@id\":\"https:\/\/lawgoldberg.com\/es\/practice-areas\/litigio\/ley-de-propiedad\/#breadcrumb\"},\"inLanguage\":\"es\",\"potentialAction\":[{\"@type\":\"ReadAction\",\"target\":[\"https:\/\/lawgoldberg.com\/es\/practice-areas\/litigio\/ley-de-propiedad\/\"]}]},{\"@type\":\"BreadcrumbList\",\"@id\":\"https:\/\/lawgoldberg.com\/es\/practice-areas\/litigio\/ley-de-propiedad\/#breadcrumb\",\"itemListElement\":[{\"@type\":\"ListItem\",\"position\":1,\"name\":\"Home\",\"item\":\"https:\/\/lawgoldberg.com\/es\/\"},{\"@type\":\"ListItem\",\"position\":2,\"name\":\"Practice Areas\",\"item\":\"https:\/\/lawgoldberg.com\/es\/practice-areas\/\"},{\"@type\":\"ListItem\",\"position\":3,\"name\":\"litigio\",\"item\":\"https:\/\/lawgoldberg.com\/es\/practice-areas\/litigio\/\"},{\"@type\":\"ListItem\",\"position\":4,\"name\":\"Ley de Propiedad\"}]},{\"@type\":\"WebSite\",\"@id\":\"https:\/\/lawgoldberg.com\/#website\",\"url\":\"https:\/\/lawgoldberg.com\/\",\"name\":\"The Goldberg Law Office PLLC\",\"description\":\"Justice you shall pursue Justice\",\"potentialAction\":[{\"@type\":\"SearchAction\",\"target\":{\"@type\":\"EntryPoint\",\"urlTemplate\":\"https:\/\/lawgoldberg.com\/?s={search_term_string}\"},\"query-input\":{\"@type\":\"PropertyValueSpecification\",\"valueRequired\":true,\"valueName\":\"search_term_string\"}}],\"inLanguage\":\"es\"}]}<\/script>\n<!-- \/ Yoast SEO plugin. -->","yoast_head_json":{"title":"Property and Construction Litigation in Houston, TX","description":"At Goldberg Law we focus on property law ranging from construction litigation to boundary disputes & more in Houston. Let us help you, contact our firm today.","robots":{"index":"index","follow":"follow","max-snippet":"max-snippet:-1","max-image-preview":"max-image-preview:large","max-video-preview":"max-video-preview:-1"},"canonical":"https:\/\/lawgoldberg.com\/es\/practice-areas\/litigio\/ley-de-propiedad\/","og_locale":"es_ES","og_type":"article","og_title":"Property and Construction Litigation in Houston, TX","og_description":"At Goldberg Law we focus on property law ranging from construction litigation to boundary disputes & more in Houston. Let us help you, contact our firm today.","og_url":"https:\/\/lawgoldberg.com\/es\/practice-areas\/litigio\/ley-de-propiedad\/","og_site_name":"The Goldberg Law Office PLLC","article_modified_time":"2022-12-22T12:39:58+00:00","twitter_card":"summary_large_image","twitter_misc":{"Tiempo de lectura":"6 minutos"},"schema":{"@context":"https:\/\/schema.org","@graph":[{"@type":"WebPage","@id":"https:\/\/lawgoldberg.com\/es\/practice-areas\/litigio\/ley-de-propiedad\/","url":"https:\/\/lawgoldberg.com\/es\/practice-areas\/litigio\/ley-de-propiedad\/","name":"Property and Construction Litigation in Houston, TX","isPartOf":{"@id":"https:\/\/lawgoldberg.com\/#website"},"datePublished":"2020-10-06T06:52:04+00:00","dateModified":"2022-12-22T12:39:58+00:00","description":"At Goldberg Law we focus on property law ranging from construction litigation to boundary disputes & more in Houston. Let us help you, contact our firm today.","breadcrumb":{"@id":"https:\/\/lawgoldberg.com\/es\/practice-areas\/litigio\/ley-de-propiedad\/#breadcrumb"},"inLanguage":"es","potentialAction":[{"@type":"ReadAction","target":["https:\/\/lawgoldberg.com\/es\/practice-areas\/litigio\/ley-de-propiedad\/"]}]},{"@type":"BreadcrumbList","@id":"https:\/\/lawgoldberg.com\/es\/practice-areas\/litigio\/ley-de-propiedad\/#breadcrumb","itemListElement":[{"@type":"ListItem","position":1,"name":"Home","item":"https:\/\/lawgoldberg.com\/es\/"},{"@type":"ListItem","position":2,"name":"Practice Areas","item":"https:\/\/lawgoldberg.com\/es\/practice-areas\/"},{"@type":"ListItem","position":3,"name":"litigio","item":"https:\/\/lawgoldberg.com\/es\/practice-areas\/litigio\/"},{"@type":"ListItem","position":4,"name":"Ley de Propiedad"}]},{"@type":"WebSite","@id":"https:\/\/lawgoldberg.com\/#website","url":"https:\/\/lawgoldberg.com\/","name":"The Goldberg Law Office PLLC","description":"Justice you shall pursue Justice","potentialAction":[{"@type":"SearchAction","target":{"@type":"EntryPoint","urlTemplate":"https:\/\/lawgoldberg.com\/?s={search_term_string}"},"query-input":{"@type":"PropertyValueSpecification","valueRequired":true,"valueName":"search_term_string"}}],"inLanguage":"es"}]}},"_links":{"self":[{"href":"https:\/\/lawgoldberg.com\/es\/wp-json\/wp\/v2\/pages\/15116","targetHints":{"allow":["GET"]}}],"collection":[{"href":"https:\/\/lawgoldberg.com\/es\/wp-json\/wp\/v2\/pages"}],"about":[{"href":"https:\/\/lawgoldberg.com\/es\/wp-json\/wp\/v2\/types\/page"}],"author":[{"embeddable":true,"href":"https:\/\/lawgoldberg.com\/es\/wp-json\/wp\/v2\/users\/3"}],"replies":[{"embeddable":true,"href":"https:\/\/lawgoldberg.com\/es\/wp-json\/wp\/v2\/comments?post=15116"}],"version-history":[{"count":4,"href":"https:\/\/lawgoldberg.com\/es\/wp-json\/wp\/v2\/pages\/15116\/revisions"}],"predecessor-version":[{"id":16756,"href":"https:\/\/lawgoldberg.com\/es\/wp-json\/wp\/v2\/pages\/15116\/revisions\/16756"}],"up":[{"embeddable":true,"href":"https:\/\/lawgoldberg.com\/es\/wp-json\/wp\/v2\/pages\/15151"}],"wp:attachment":[{"href":"https:\/\/lawgoldberg.com\/es\/wp-json\/wp\/v2\/media?parent=15116"}],"curies":[{"name":"wp","href":"https:\/\/api.w.org\/{rel}","templated":true}]}}