{"id":15112,"date":"2020-10-06T06:55:19","date_gmt":"2020-10-06T06:55:19","guid":{"rendered":"https:\/\/lawgoldberg.com\/practice-areas\/home\/probate-litigation\/"},"modified":"2022-12-22T13:14:34","modified_gmt":"2022-12-22T13:14:34","slug":"litigio-testamentario","status":"publish","type":"page","link":"https:\/\/lawgoldberg.com\/es\/practice-areas\/litigio\/litigio-testamentario\/","title":{"rendered":"Litigio testamentario"},"content":{"rendered":"<div id=\"cmsmasters_row_stbeil4cxg\" class=\"cmsmasters_row cmsmasters_color_scheme_default pra_area_pages cmsmasters_row_top_default cmsmasters_row_bot_default cmsmasters_row_boxed\">\n<div class=\"cmsmasters_row_outer_parent\">\n<div class=\"cmsmasters_row_outer\">\n<div class=\"cmsmasters_row_inner\">\n<div class=\"cmsmasters_row_margin\">\n<div id=\"cmsmasters_column_z20mx3jt98\" class=\"cmsmasters_column one_first\" data-animation=\"fadeInDown\" data-delay=\"0\">\n<div class=\"cmsmasters_column_inner\"><div id=\"cmsmasters_fb_ih9fahcbg\" class=\"cmsmasters_featured_block\">\n<div class=\"featured_block_inner\">\n<div class=\"featured_block_text\">\n<h2>Disputas sucesorias<\/h2>\n\n<\/div>\n<\/div>\n<\/div>\n<div class=\"cmsmasters_quotes cmsmasters_quotes_grid quote_one quote_white_bg\">\n<span class=\"cmsmasters_quotes_vert\"><span><\/span><\/span><div class=\"cmsmasters_quotes_list\">\n<div class=\"cmsmasters_quote\">\n<!-- Start Quote Grid Article -->\r\n<article class=\"cmsmasters_quote_inner\">\r\n<figure class=\"cmsmasters_quote_image\"><\/figure><div class=\"cmsmasters_quote_info_wrap\"><header class=\"cmsmasters_quote_header\"><h5 class=\"cmsmasters_quote_title\">Ambrose Bierce<\/h5><\/header><div class=\"cmsmasters_quote_content\">\n<p>La muerte no es el fin. Queda el litigio sobre la herencia.<\/p>\n<\/div><\/div><\/article>\r\n<!-- Finish Quote Grid Article -->\r\n\r\n<\/div>\n<span class=\"cl\"><\/span><\/div>\n<\/div><div id=\"cmsmasters_fb_cx02q66h0p\" class=\"cmsmasters_featured_block\">\n<div class=\"featured_block_inner\">\n<div class=\"featured_block_text\">\n<p class=\"font_7\">\u00bfCrees que tu disputa familiar despu\u00e9s de la muerte de un pariente cercano es mala o novedosa? Recuerda que los humanos han estado peleando por la herencia desde que Jacob y su hermano gemelo Esa\u00fa. Se libraron grandes guerras en todo el mundo por el derecho a heredar t\u00edtulos, tierras, fortunas y otros derechos. Las intrigas palaciegas y los asesinatos desde la Europa medieval hasta las antiguas dinast\u00edas chinas se centraron en nada m\u00e1s que en qui\u00e9n cuida (es decir, controla) al rey anciano o al emperador inv\u00e1lido o infante; hoy llamamos a esto \u00abtutela\u00bb, pero las peleas no son menos. feroz o astuto. Se firmaron tratados de paz y leyes nacionales para proteger el derecho de herencia de uno sobre otro.<\/p>\n<p class=\"font_7\"><span class=\"wixGuard\">\u200b<\/span>Las disputas sucesorias y sucesorias modernas, cuando se presentan a trav\u00e9s de nuestro sistema judicial, deben ser m\u00e1s ordenadas y menos criminales, aunque pueden no ser m\u00e1s pac\u00edficas o amistosas. Los fiduciarios designados por el tribunal, como los albaceas independientes, los administradores dependientes o los tutores, tienen la tarea de realizar sus deberes legales requeridos, ya sea pagar facturas, invertir adecuadamente, vender propiedades, garantizar el cuidado y el alojamiento adecuados, etc. A menudo, otros miembros de la familia o personas ajenas las partes (como los acreedores del difunto) demandan alegando mala conducta fiduciaria (p. ej., la fideicomisaria Trudy financia su colecci\u00f3n de huevos Faberg\u00e9 con los fondos del Fideicomiso familiar), incumplimiento (p. ej., el administrador dependiente Dennis se niega a entregar los coleccionables de Star Wars Lunch Box seg\u00fan el testamento al primo Carl), mala gesti\u00f3n (la guardiana de la herencia Edna us\u00f3 el dinero de la abuela para instalar una pantalla plana 3D de 58 pulgadas en lugar de reparar el techo que gotea) o alguna factura impaga contra la herencia (el abuelo George acumul\u00f3 $ 37,000 en su Premium Walmart Mastercard antes de fallecer, y ahora es el momento de pagar). A veces, el fiduciario tiene que demandar a otros para hacer cumplir un testamento (p. ej., la prima Merle est\u00e1 manejando el viejo Chevy del abuelo fallecido, aunque el testamento dice que la prima Charlene se queda con la camioneta reliquia familiar. La administradora independiente Irma necesita recuperar el Chevy), o alg\u00fan otro correcto (p. ej., la prima Lou-Anne se mud\u00f3 a la casa de la abuela, no le da a la abuela su medicaci\u00f3n diaria y lleva puestas todas las joyas de la abuela. Gregg, el tutor legal, necesita salvar el d\u00eda).<\/p>\n<p class=\"font_7\"><span class=\"wixGuard\">\u200b<\/span>Sabemos que estas disputas pueden ser serias, sustanciales y personales. Haremos todo lo posible para separar la emoci\u00f3n de la l\u00f3gica, ayudar a nuestros clientes a sopesar los costos del litigio frente a los beneficios y luego buscar la victoria a trav\u00e9s del equilibrio adecuado de litigio agresivo y diplomacia astuta.<\/p>\n\n<\/div>\n<\/div>\n<\/div>\n<\/div><\/div>\n<\/div>\n<\/div>\n<\/div>\n<\/div>\n<\/div>\n<div id=\"cmsmasters_row_eqt1852n1h\" class=\"cmsmasters_row cmsmasters_color_scheme_default pra_area_pages cmsmasters_row_top_default cmsmasters_row_bot_default cmsmasters_row_boxed\">\n<div class=\"cmsmasters_row_outer_parent\">\n<div class=\"cmsmasters_row_outer\">\n<div class=\"cmsmasters_row_inner\">\n<div class=\"cmsmasters_row_margin\">\n<div id=\"cmsmasters_column_41ymjdhg0e\" class=\"cmsmasters_column one_first\" data-animation=\"fadeInDown\" data-delay=\"0\">\n<div class=\"cmsmasters_column_inner\"><div id=\"cmsmasters_fb_2j4hua7rlj\" class=\"cmsmasters_featured_block\">\n<div class=\"featured_block_inner\">\n<div class=\"featured_block_text\">\n<h2 class=\"font_4\">Concurso de voluntades<\/h2>\n\n<\/div>\n<\/div>\n<\/div>\n<div class=\"cmsmasters_quotes cmsmasters_quotes_grid quote_one quote_white_bg\">\n<span class=\"cmsmasters_quotes_vert\"><span><\/span><\/span><div class=\"cmsmasters_quotes_list\">\n<div class=\"cmsmasters_quote\">\n<!-- Start Quote Grid Article -->\r\n<article class=\"cmsmasters_quote_inner\">\r\n<figure class=\"cmsmasters_quote_image\"><\/figure><div class=\"cmsmasters_quote_info_wrap\"><header class=\"cmsmasters_quote_header\"><h5 class=\"cmsmasters_quote_title\">Mark Twain<\/h5><\/header><div class=\"cmsmasters_quote_content\">\n<p class=\"font_7\">Me negu\u00e9 a asistir a su funeral, pero escrib\u00ed una carta muy bonita explicando que lo aprobaba.<\/p>\n<\/div><\/div><\/article>\r\n<!-- Finish Quote Grid Article -->\r\n\r\n<\/div>\n<span class=\"cl\"><\/span><\/div>\n<\/div><div id=\"cmsmasters_fb_kjku416qkb\" class=\"cmsmasters_featured_block\">\n<div class=\"featured_block_inner\">\n<div class=\"featured_block_text\">\n<p class=\"font_7\">Un adulto en su sano juicio tiene derecho a legar sus bienes terrenales a quien quiera. Despu\u00e9s de todo, es su voluntad. La familia que espera heredar puede disgustarse al saber que un difunto cambi\u00f3 su testamento para otorgar un amable cuidador a expensas de la familia. Pueden optar entonces por impugnar los \u00faltimos deseos del difunto. Y, a menudo, tal demanda personificar\u00eda la codicia. Sin embargo, otras veces, la familia debe desconfiar de los cambios de un anciano en un testamento que ocurrieron poco despu\u00e9s de que un familiar o vecino oportunista se mud\u00f3 con el difunto y\/o influy\u00f3 indebidamente en \u00e9l.<\/p>\n<p class=\"font_7\"><span class=\"wixGuard\">\u200b<\/span>Una impugnaci\u00f3n de testamento busca \u201celiminar\u201d a trav\u00e9s de una demanda una \u00daltima Voluntad y Testamento y evitar que un tribunal acepte ese testamento como un documento legal v\u00e1lido. El objetivo de una demanda de este tipo es evitar que los bienes de alguien se dividan de acuerdo con un testamento.<\/p>\n\n<\/div>\n<\/div>\n<\/div>\n<\/div><\/div>\n<\/div>\n<\/div>\n<\/div>\n<\/div>\n<\/div>\n<div id=\"cmsmasters_row_qk7ux15ia\" class=\"cmsmasters_row cmsmasters_color_scheme_default pra_area_pages cmsmasters_row_top_default cmsmasters_row_bot_default cmsmasters_row_boxed\">\n<div class=\"cmsmasters_row_outer_parent\">\n<div class=\"cmsmasters_row_outer\">\n<div class=\"cmsmasters_row_inner\">\n<div class=\"cmsmasters_row_margin\">\n<div id=\"cmsmasters_column_emjxx2qlzd\" class=\"cmsmasters_column one_first\" data-animation=\"fadeInDown\" data-delay=\"0\">\n<div class=\"cmsmasters_column_inner\"><div id=\"cmsmasters_fb_mtxv0ei6on\" class=\"cmsmasters_featured_block\">\n<div class=\"featured_block_inner\">\n<div class=\"featured_block_text\">\n<h2 class=\"font_4\">Disputas de confianza<\/h2>\n\n<\/div>\n<\/div>\n<\/div>\n<div class=\"cmsmasters_quotes cmsmasters_quotes_grid quote_one quote_white_bg\">\n<span class=\"cmsmasters_quotes_vert\"><span><\/span><\/span><div class=\"cmsmasters_quotes_list\">\n<div class=\"cmsmasters_quote\">\n<!-- Start Quote Grid Article -->\r\n<article class=\"cmsmasters_quote_inner\">\r\n<figure class=\"cmsmasters_quote_image\"><\/figure><div class=\"cmsmasters_quote_info_wrap\"><header class=\"cmsmasters_quote_header\"><h5 class=\"cmsmasters_quote_title\">Leo Tolstoy<\/h5><\/header><div class=\"cmsmasters_quote_content\">\n<p>Todas las familias felices son iguales; cada familia infeliz es infeliz a su manera<\/p>\n<\/div><\/div><\/article>\r\n<!-- Finish Quote Grid Article -->\r\n\r\n<\/div>\n<span class=\"cl\"><\/span><\/div>\n<\/div><div id=\"cmsmasters_fb_r4of2asf7g\" class=\"cmsmasters_featured_block\">\n<div class=\"featured_block_inner\">\n<div class=\"featured_block_text\">\n<p class=\"font_7\">Un individuo, ya sea en vida o por su \u00daltima Voluntad y Testamento, puede crear un Fideicomiso para administrar bienes destinados a otro. Las personas eligen establecer fideicomisos para mantener fondos para un menor hasta que alcance cierta edad. A veces, los fideicomisos se establecen para manejar y hacer crecer los activos, incluso mientras se distribuyen algunos en nombre de varios miembros de la familia.<\/p>\n<p class=\"font_7\"><span class=\"wixGuard\">\u200b<\/span>As\u00ed como puede haber muchas razones y objetivos para un fideicomiso, tambi\u00e9n puede haber demasiados para demandar por uno. El Fideicomisario que administra los activos podr\u00eda administrar mal el dinero (por ejemplo, \u00ab\u00a1Esta empresa Enron no puede fallar! Pondr\u00e9 todos los huevos del Fideicomiso en esa canasta\u00bb), abusar de su posici\u00f3n (por ejemplo, \u00abClaro, podr\u00eda vender este Monet y depositar el dinero en las cuentas del Fideicomiso, o podr\u00eda colgarlo en mi comedor por un tiempo\u201d), o no seguir los t\u00e9rminos y condiciones del Fideicomiso (por ejemplo, \u201cEs cierto que seg\u00fan el Fideicomiso, la nieta Denise tiene derecho a $3,000.00 por mes, pero no me gust\u00f3 su actitud en el tel\u00e9fono ayer. Creo que la castigar\u00e9 con un dep\u00f3sito de $1,000.00 en su lugar.\u201d). Por otra parte, los t\u00e9rminos de las condiciones del Fideicomiso pueden ser vagos (p. ej., \u00abEl Fideicomiso debe cuidar bien de todos los beneficiarios\u00bb) o imposibles de llevar a cabo (p. ej., exigir que el Fideicomiso distribuya los activos por igual entre los beneficiarios, pero los activos son varios autos coleccionables de diferentes valores que no se pueden vender seg\u00fan los t\u00e9rminos del Fideicomiso).<\/p>\n\n<\/div>\n<\/div>\n<\/div>\n<\/div><\/div>\n<\/div>\n<\/div>\n<\/div>\n<\/div>\n<\/div>\n<div id=\"cmsmasters_row_22cmvbfi4i\" class=\"cmsmasters_row cmsmasters_color_scheme_default cmsmasters_row_top_default cmsmasters_row_bot_default cmsmasters_row_boxed\">\n<div class=\"cmsmasters_row_outer_parent\">\n<div class=\"cmsmasters_row_outer\">\n<div class=\"cmsmasters_row_inner\">\n<div class=\"cmsmasters_row_margin\">\n<div id=\"cmsmasters_column_303sq37l4t\" class=\"cmsmasters_column one_first\">\n<div class=\"cmsmasters_column_inner\">\n<div id=\"cmsmasters_divider_v7vqmaolyz\" class=\"cmsmasters_divider cmsmasters_divider_width_long cmsmasters_divider_pos_center\"><\/div>\n<\/div><\/div>\n<\/div>\n<\/div>\n<\/div>\n<\/div>\n<\/div>\n<div id=\"cmsmasters_row_tunsnbcf89\" class=\"cmsmasters_row cmsmasters_color_scheme_default cmsmasters_row_top_default cmsmasters_row_bot_default cmsmasters_row_boxed\">\n<div class=\"cmsmasters_row_outer_parent\">\n<div class=\"cmsmasters_row_outer\">\n<div class=\"cmsmasters_row_inner\">\n<div class=\"cmsmasters_row_margin\">\n<div id=\"cmsmasters_column_f721314c47\" class=\"cmsmasters_column one_first\">\n<div class=\"cmsmasters_column_inner\"><div id=\"cmsmasters_heading_n0ffvbbutj\" class=\"cmsmasters_heading_wrap cmsmasters_heading_align_center\">\n\t<h3 class=\"cmsmasters_heading\">Sign Up for The Goldberg Globe<\/h3>\n<\/div>\n<div class=\"cmsmasters_sidebar sidebar_layout_11 subscriber-form\"><div class=\"cl\"><\/div>\n<\/div>\n<\/div><\/div>\n<\/div>\n<\/div>\n<\/div>\n<\/div>\n<\/div>\n\n","protected":false},"excerpt":{"rendered":"","protected":false},"author":3,"featured_media":0,"parent":15151,"menu_order":0,"comment_status":"closed","ping_status":"closed","template":"","meta":{"_acf_changed":false,"footnotes":""},"class_list":["post-15112","page","type-page","status-publish","hentry"],"acf":[],"yoast_head":"<!-- This site is optimized with the Yoast SEO plugin v26.5 - https:\/\/yoast.com\/wordpress\/plugins\/seo\/ -->\n<title>Probate Litigation in Houston, TX - Goldberg Law Office<\/title>\n<meta name=\"description\" content=\"The Goldberg Law Office tackles probate estate &amp; trust disputes, and will contest litigation in the Houston area. Get the proper protection, contact us today.\" \/>\n<meta name=\"robots\" content=\"index, follow, max-snippet:-1, max-image-preview:large, max-video-preview:-1\" \/>\n<link rel=\"canonical\" href=\"https:\/\/lawgoldberg.com\/es\/practice-areas\/litigio\/litigio-testamentario\/\" \/>\n<meta property=\"og:locale\" content=\"es_ES\" \/>\n<meta property=\"og:type\" content=\"article\" \/>\n<meta property=\"og:title\" content=\"Probate Litigation in Houston, TX - Goldberg Law Office\" \/>\n<meta property=\"og:description\" content=\"The Goldberg Law Office tackles probate estate &amp; trust disputes, and will contest litigation in the Houston area. Get the proper protection, contact us today.\" \/>\n<meta property=\"og:url\" content=\"https:\/\/lawgoldberg.com\/es\/practice-areas\/litigio\/litigio-testamentario\/\" \/>\n<meta property=\"og:site_name\" content=\"The Goldberg Law Office PLLC\" \/>\n<meta property=\"article:modified_time\" content=\"2022-12-22T13:14:34+00:00\" \/>\n<meta name=\"twitter:card\" content=\"summary_large_image\" \/>\n<meta name=\"twitter:label1\" content=\"Tiempo de lectura\" \/>\n\t<meta name=\"twitter:data1\" content=\"5 minutos\" \/>\n<script type=\"application\/ld+json\" class=\"yoast-schema-graph\">{\"@context\":\"https:\/\/schema.org\",\"@graph\":[{\"@type\":\"WebPage\",\"@id\":\"https:\/\/lawgoldberg.com\/es\/practice-areas\/litigio\/litigio-testamentario\/\",\"url\":\"https:\/\/lawgoldberg.com\/es\/practice-areas\/litigio\/litigio-testamentario\/\",\"name\":\"Probate Litigation in Houston, TX - Goldberg Law Office\",\"isPartOf\":{\"@id\":\"https:\/\/lawgoldberg.com\/#website\"},\"datePublished\":\"2020-10-06T06:55:19+00:00\",\"dateModified\":\"2022-12-22T13:14:34+00:00\",\"description\":\"The Goldberg Law Office tackles probate estate & trust disputes, and will contest litigation in the Houston area. Get the proper protection, contact us today.\",\"breadcrumb\":{\"@id\":\"https:\/\/lawgoldberg.com\/es\/practice-areas\/litigio\/litigio-testamentario\/#breadcrumb\"},\"inLanguage\":\"es\",\"potentialAction\":[{\"@type\":\"ReadAction\",\"target\":[\"https:\/\/lawgoldberg.com\/es\/practice-areas\/litigio\/litigio-testamentario\/\"]}]},{\"@type\":\"BreadcrumbList\",\"@id\":\"https:\/\/lawgoldberg.com\/es\/practice-areas\/litigio\/litigio-testamentario\/#breadcrumb\",\"itemListElement\":[{\"@type\":\"ListItem\",\"position\":1,\"name\":\"Home\",\"item\":\"https:\/\/lawgoldberg.com\/es\/\"},{\"@type\":\"ListItem\",\"position\":2,\"name\":\"Practice Areas\",\"item\":\"https:\/\/lawgoldberg.com\/es\/practice-areas\/\"},{\"@type\":\"ListItem\",\"position\":3,\"name\":\"litigio\",\"item\":\"https:\/\/lawgoldberg.com\/es\/practice-areas\/litigio\/\"},{\"@type\":\"ListItem\",\"position\":4,\"name\":\"Litigio testamentario\"}]},{\"@type\":\"WebSite\",\"@id\":\"https:\/\/lawgoldberg.com\/#website\",\"url\":\"https:\/\/lawgoldberg.com\/\",\"name\":\"The Goldberg Law Office PLLC\",\"description\":\"Justice you shall pursue Justice\",\"potentialAction\":[{\"@type\":\"SearchAction\",\"target\":{\"@type\":\"EntryPoint\",\"urlTemplate\":\"https:\/\/lawgoldberg.com\/?s={search_term_string}\"},\"query-input\":{\"@type\":\"PropertyValueSpecification\",\"valueRequired\":true,\"valueName\":\"search_term_string\"}}],\"inLanguage\":\"es\"}]}<\/script>\n<!-- \/ Yoast SEO plugin. -->","yoast_head_json":{"title":"Probate Litigation in Houston, TX - Goldberg Law Office","description":"The Goldberg Law Office tackles probate estate & trust disputes, and will contest litigation in the Houston area. Get the proper protection, contact us today.","robots":{"index":"index","follow":"follow","max-snippet":"max-snippet:-1","max-image-preview":"max-image-preview:large","max-video-preview":"max-video-preview:-1"},"canonical":"https:\/\/lawgoldberg.com\/es\/practice-areas\/litigio\/litigio-testamentario\/","og_locale":"es_ES","og_type":"article","og_title":"Probate Litigation in Houston, TX - Goldberg Law Office","og_description":"The Goldberg Law Office tackles probate estate & trust disputes, and will contest litigation in the Houston area. Get the proper protection, contact us today.","og_url":"https:\/\/lawgoldberg.com\/es\/practice-areas\/litigio\/litigio-testamentario\/","og_site_name":"The Goldberg Law Office PLLC","article_modified_time":"2022-12-22T13:14:34+00:00","twitter_card":"summary_large_image","twitter_misc":{"Tiempo de lectura":"5 minutos"},"schema":{"@context":"https:\/\/schema.org","@graph":[{"@type":"WebPage","@id":"https:\/\/lawgoldberg.com\/es\/practice-areas\/litigio\/litigio-testamentario\/","url":"https:\/\/lawgoldberg.com\/es\/practice-areas\/litigio\/litigio-testamentario\/","name":"Probate Litigation in Houston, TX - Goldberg Law Office","isPartOf":{"@id":"https:\/\/lawgoldberg.com\/#website"},"datePublished":"2020-10-06T06:55:19+00:00","dateModified":"2022-12-22T13:14:34+00:00","description":"The Goldberg Law Office tackles probate estate & trust disputes, and will contest litigation in the Houston area. Get the proper protection, contact us today.","breadcrumb":{"@id":"https:\/\/lawgoldberg.com\/es\/practice-areas\/litigio\/litigio-testamentario\/#breadcrumb"},"inLanguage":"es","potentialAction":[{"@type":"ReadAction","target":["https:\/\/lawgoldberg.com\/es\/practice-areas\/litigio\/litigio-testamentario\/"]}]},{"@type":"BreadcrumbList","@id":"https:\/\/lawgoldberg.com\/es\/practice-areas\/litigio\/litigio-testamentario\/#breadcrumb","itemListElement":[{"@type":"ListItem","position":1,"name":"Home","item":"https:\/\/lawgoldberg.com\/es\/"},{"@type":"ListItem","position":2,"name":"Practice Areas","item":"https:\/\/lawgoldberg.com\/es\/practice-areas\/"},{"@type":"ListItem","position":3,"name":"litigio","item":"https:\/\/lawgoldberg.com\/es\/practice-areas\/litigio\/"},{"@type":"ListItem","position":4,"name":"Litigio testamentario"}]},{"@type":"WebSite","@id":"https:\/\/lawgoldberg.com\/#website","url":"https:\/\/lawgoldberg.com\/","name":"The Goldberg Law Office PLLC","description":"Justice you shall pursue Justice","potentialAction":[{"@type":"SearchAction","target":{"@type":"EntryPoint","urlTemplate":"https:\/\/lawgoldberg.com\/?s={search_term_string}"},"query-input":{"@type":"PropertyValueSpecification","valueRequired":true,"valueName":"search_term_string"}}],"inLanguage":"es"}]}},"_links":{"self":[{"href":"https:\/\/lawgoldberg.com\/es\/wp-json\/wp\/v2\/pages\/15112","targetHints":{"allow":["GET"]}}],"collection":[{"href":"https:\/\/lawgoldberg.com\/es\/wp-json\/wp\/v2\/pages"}],"about":[{"href":"https:\/\/lawgoldberg.com\/es\/wp-json\/wp\/v2\/types\/page"}],"author":[{"embeddable":true,"href":"https:\/\/lawgoldberg.com\/es\/wp-json\/wp\/v2\/users\/3"}],"replies":[{"embeddable":true,"href":"https:\/\/lawgoldberg.com\/es\/wp-json\/wp\/v2\/comments?post=15112"}],"version-history":[{"count":4,"href":"https:\/\/lawgoldberg.com\/es\/wp-json\/wp\/v2\/pages\/15112\/revisions"}],"predecessor-version":[{"id":16762,"href":"https:\/\/lawgoldberg.com\/es\/wp-json\/wp\/v2\/pages\/15112\/revisions\/16762"}],"up":[{"embeddable":true,"href":"https:\/\/lawgoldberg.com\/es\/wp-json\/wp\/v2\/pages\/15151"}],"wp:attachment":[{"href":"https:\/\/lawgoldberg.com\/es\/wp-json\/wp\/v2\/media?parent=15112"}],"curies":[{"name":"wp","href":"https:\/\/api.w.org\/{rel}","templated":true}]}}