{"id":15108,"date":"2020-10-06T06:51:22","date_gmt":"2020-10-06T06:51:22","guid":{"rendered":"https:\/\/lawgoldberg.com\/practice-areas\/home\/contract-commercial-litigation\/"},"modified":"2022-12-22T12:26:32","modified_gmt":"2022-12-22T12:26:32","slug":"contrato-litigio-comercial","status":"publish","type":"page","link":"https:\/\/lawgoldberg.com\/es\/practice-areas\/litigio\/contrato-litigio-comercial\/","title":{"rendered":"Contrato \/ Litigio Comercial"},"content":{"rendered":"<div id=\"cmsmasters_row_z2lr7q73\" class=\"cmsmasters_row cmsmasters_color_scheme_default pra_area_pages cmsmasters_row_top_default cmsmasters_row_bot_default cmsmasters_row_boxed\">\n<div class=\"cmsmasters_row_outer_parent\">\n<div class=\"cmsmasters_row_outer\">\n<div class=\"cmsmasters_row_inner\">\n<div class=\"cmsmasters_row_margin\">\n<div id=\"cmsmasters_column_z20mx3jt98\" class=\"cmsmasters_column one_first\" data-animation=\"fadeInDown\" data-delay=\"0\">\n<div class=\"cmsmasters_column_inner\"><div id=\"cmsmasters_fb_lq6x6izti\" class=\"cmsmasters_featured_block\">\n<div class=\"featured_block_inner\">\n<div class=\"featured_block_text\">\n<h2 class=\"font_4\">Incumplimiento de contrato<\/h2>\n<p id=\"cmsms_heading_5757ce4780801\" class=\"cmsms_heading\">El Contrato ha obligado a los hombres a su palabra desde los albores de nuestra existencia. Un contrato puede ser creado por palabras, apretones de manos, firmas, documentos extensos, entendimientos impl\u00edcitos o la operaci\u00f3n de la ley.<\/p>\n\n<\/div>\n<\/div>\n<\/div>\n<div class=\"cmsmasters_quotes cmsmasters_quotes_grid quote_one quote_white_bg\">\n<span class=\"cmsmasters_quotes_vert\"><span><\/span><\/span><div class=\"cmsmasters_quotes_list\">\n<div class=\"cmsmasters_quote\">\n<!-- Start Quote Grid Article -->\r\n<article class=\"cmsmasters_quote_inner\">\r\n<figure class=\"cmsmasters_quote_image\"><\/figure><div class=\"cmsmasters_quote_info_wrap\"><header class=\"cmsmasters_quote_header\"><h5 class=\"cmsmasters_quote_title\">George Washington<\/h5><\/header><div class=\"cmsmasters_quote_content\">\n<p>No emprenda lo que no puede realizar, pero tenga cuidado de mantener su promesa.<\/p>\n<\/div><\/div><\/article>\r\n<!-- Finish Quote Grid Article -->\r\n\r\n<\/div>\n<span class=\"cl\"><\/span><\/div>\n<\/div><div id=\"cmsmasters_fb_qpji2h7trc\" class=\"cmsmasters_featured_block\">\n<div class=\"featured_block_inner\">\n<div class=\"featured_block_text\">\n<p class=\"font_7\">Nuestra larga tradici\u00f3n legal de derecho contractual no se basa en una esperanza defectuosa de un futuro ut\u00f3pico en el que todos se lleven bien. Todo lo contrario: nuestra ley reconoce que los humanos ser\u00e1n humanos; no estar\u00e1n de acuerdo; discutir\u00e1n sobre los detalles, con demasiada frecuencia no cumplir\u00e1n con sus obligaciones, o simplemente estropear\u00e1n algo. Y afortunadamente, tenemos los tribunales para remediar tales situaciones en lugar de m\u00e9todos previamente desacreditados (por ejemplo, duelos, juicio por combate, visitas de mafiosos, etc.).<\/p>\n<p class=\"font_7\">La ejecuci\u00f3n judicial de los t\u00e9rminos de un contrato es uno de los pilares fundamentales del s\u00f3lido sistema de derecho civil de nuestra naci\u00f3n. Permite que nuestra econom\u00eda se desempe\u00f1e tan bien como lo ha hecho durante el tiempo que lo ha hecho porque las partes contratantes pueden estar seguras de que sus contratos se cumplir\u00e1n. Con esa confianza, es m\u00e1s probable que las partes contraten bienes y servicios, lo que a su vez conduce a una mayor actividad econ\u00f3mica y, por lo tanto, a la prosperidad. \u00bfY cu\u00e1l es la mejor manera de garantizar el capitalismo de libre mercado que a trav\u00e9s de un litigio que obligue a todos a seguir las reglas?<\/p>\n\n<\/div>\n<\/div>\n<\/div>\n<\/div><\/div>\n<\/div>\n<\/div>\n<\/div>\n<\/div>\n<\/div>\n<div id=\"cmsmasters_row_p5xi2g3mu\" class=\"cmsmasters_row cmsmasters_color_scheme_default pra_area_pages cmsmasters_row_top_default cmsmasters_row_bot_default cmsmasters_row_boxed\">\n<div class=\"cmsmasters_row_outer_parent\">\n<div class=\"cmsmasters_row_outer\">\n<div class=\"cmsmasters_row_inner\">\n<div class=\"cmsmasters_row_margin\">\n<div id=\"cmsmasters_column_41ymjdhg0e\" class=\"cmsmasters_column one_first\" data-animation=\"fadeInDown\" data-delay=\"0\">\n<div class=\"cmsmasters_column_inner\"><div id=\"cmsmasters_fb_p9xal5gvsh\" class=\"cmsmasters_featured_block\">\n<div class=\"featured_block_inner\">\n<div class=\"featured_block_text\">\n<h2>Litigio de cobranza comercial<\/h2>\n\n<\/div>\n<\/div>\n<\/div>\n<div class=\"cmsmasters_quotes cmsmasters_quotes_grid quote_one quote_white_bg\">\n<span class=\"cmsmasters_quotes_vert\"><span><\/span><\/span><div class=\"cmsmasters_quotes_list\">\n<div class=\"cmsmasters_quote\">\n<!-- Start Quote Grid Article -->\r\n<article class=\"cmsmasters_quote_inner\">\r\n<figure class=\"cmsmasters_quote_image\"><\/figure><div class=\"cmsmasters_quote_info_wrap\"><header class=\"cmsmasters_quote_header\"><h5 class=\"cmsmasters_quote_title\">Benjamin Franklin<\/h5><\/header><div class=\"cmsmasters_quote_content\">\n<p>Los acreedores tienen mejores recuerdos que las deudoras<\/p>\n<\/div><\/div><\/article>\r\n<!-- Finish Quote Grid Article -->\r\n\r\n<\/div>\n<span class=\"cl\"><\/span><\/div>\n<\/div><div id=\"cmsmasters_fb_nvf0pqwq8g\" class=\"cmsmasters_featured_block\">\n<div class=\"featured_block_inner\">\n<div class=\"featured_block_text\">\n<p class=\"font_7\">El pago oportuno de las facturas es el combustible inyectado en el tanque de la empresa. Es demasiado f\u00e1cil para los clientes solicitar servicios y bienes, pero no es tan f\u00e1cil ofrecer el pago. Pero el proceso de cobrar las deudas pendientes puede ser como un campo minado sin marcar. \u00bfDebe el cobro de esta deuda poner en peligro una relaci\u00f3n s\u00f3lida con un cliente duradero? \u00bfC\u00f3mo puede una demanda jugar a favor financiero de una empresa? \u00bfC\u00f3mo se pueden minimizar los honorarios de los abogados para justificar la recuperaci\u00f3n de una cantidad finita de dinero adeudado? \u00bfCu\u00e1l es el mensaje correcto que se debe enviar a trav\u00e9s de los litigios, especialmente a medida que aumenta la frecuencia de las demandas: f\u00e1cil de llevar, pero indulgente, o duro y que no se pague mal?<\/p>\n<p class=\"font_7\"><span class=\"wixGuard\">\u200b<\/span>Habiendo trabajado en estrecha colaboraci\u00f3n con docenas de empresas locales, entidades fuera del estado, organizaciones sin fines de lucro y empresas extranjeras, sabemos que no existe una soluci\u00f3n \u00fanica para todos. Sabemos que nuestros clientes pueden desear enfocarse m\u00e1s en obtener nuevos ingresos, en lugar de perseguir facturas impagas. Sabemos c\u00f3mo trabajar con hombres y mujeres de negocios para encontrar el equilibrio adecuado para ellos. Ya sea que el enfoque sea agresivo, diplom\u00e1tico o cooperativo, podremos cambiar de marcha en consecuencia.<\/p>\n<p class=\"font_7\"><span class=\"wixGuard\">\u200b<\/span>Hemos sido miembros de la lista de abogados The American Lawyers Quarterly durante varios a\u00f1os.<\/p>\n\n<\/div>\n<\/div>\n<\/div>\n<div class=\"cmsmasters_img  cmsmasters_image_l\"><img decoding=\"async\" src=\"https:\/\/lawgoldberg.com\/wp-content\/uploads\/2020\/10\/link_1.jpg\" \/><\/div><div class=\"cmsmasters_quotes cmsmasters_quotes_grid quote_one quote_white_bg\">\n<span class=\"cmsmasters_quotes_vert\"><span><\/span><\/span><div class=\"cmsmasters_quotes_list\">\n<div class=\"cmsmasters_quote\">\n<!-- Start Quote Grid Article -->\r\n<article class=\"cmsmasters_quote_inner\">\r\n<figure class=\"cmsmasters_quote_image\"><\/figure><div class=\"cmsmasters_quote_info_wrap\"><header class=\"cmsmasters_quote_header\"><h5 class=\"cmsmasters_quote_title\"> William Shakespeare, Hamlet.<\/h5><\/header><div class=\"cmsmasters_quote_content\">\n<p>Ni un prestatario ni un prestamista sean; porque el pr\u00e9stamo a menudo se pierde a s\u00ed mismo y al amigo, y el pr\u00e9stamo embota el filo de la agricultura.<\/p>\n<\/div><\/div><\/article>\r\n<!-- Finish Quote Grid Article -->\r\n\r\n<\/div>\n<span class=\"cl\"><\/span><\/div>\n<\/div>\n<\/div><\/div>\n<\/div>\n<\/div>\n<\/div>\n<\/div>\n<\/div>\n<div id=\"cmsmasters_row_iw6lbq305\" class=\"cmsmasters_row cmsmasters_color_scheme_default pra_area_pages cmsmasters_row_top_default cmsmasters_row_bot_default cmsmasters_row_boxed\">\n<div class=\"cmsmasters_row_outer_parent\">\n<div class=\"cmsmasters_row_outer\">\n<div class=\"cmsmasters_row_inner\">\n<div class=\"cmsmasters_row_margin\">\n<div id=\"cmsmasters_column_emjxx2qlzd\" class=\"cmsmasters_column one_first\" data-animation=\"fadeInDown\" data-delay=\"0\">\n<div class=\"cmsmasters_column_inner\"><div id=\"cmsmasters_fb_r42r09yav4\" class=\"cmsmasters_featured_block\">\n<div class=\"featured_block_inner\">\n<div class=\"featured_block_text\">\n<h2 class=\"font_4\">Disputas de asociaci\u00f3n<\/h2>\n\n<\/div>\n<\/div>\n<\/div>\n<div class=\"cmsmasters_quotes cmsmasters_quotes_grid quote_one quote_white_bg\">\n<span class=\"cmsmasters_quotes_vert\"><span><\/span><\/span><div class=\"cmsmasters_quotes_list\">\n<div class=\"cmsmasters_quote\">\n<!-- Start Quote Grid Article -->\r\n<article class=\"cmsmasters_quote_inner\">\r\n<figure class=\"cmsmasters_quote_image\"><\/figure><div class=\"cmsmasters_quote_info_wrap\"><header class=\"cmsmasters_quote_header\"><h5 class=\"cmsmasters_quote_title\">Adam<\/h5><\/header><div class=\"cmsmasters_quote_content\">\n<p>No es de la benevolencia del carnicero, del cervecero o del panadero de lo que esperamos nuestra comida, sino de su consideraci\u00f3n por su propio inter\u00e9s.<\/p>\n<\/div><\/div><\/article>\r\n<!-- Finish Quote Grid Article -->\r\n\r\n<\/div>\n<span class=\"cl\"><\/span><\/div>\n<\/div><div id=\"cmsmasters_fb_2cmu3g24e8\" class=\"cmsmasters_featured_block\">\n<div class=\"featured_block_inner\">\n<div class=\"featured_block_text\">\n<p class=\"font_7\">Se dice que las asociaciones son, proporcionalmente, el tipo de empresa comercial m\u00e1s exitosa que la gente puede esperar. Pero con el potencial adicional para el \u00e9xito viene un riesgo anticipado de que los socios no est\u00e9n de acuerdo, se caigan en desgracia el uno con el otro y simplemente act\u00faen ilegalmente.<\/p>\n<p class=\"font_7\"><span class=\"wixGuard\">\u200b<\/span>Es nuestra esperanza evitar litigios siempre que sea posible. Si acude a nosotros, primero veremos lo que se ha hecho y lo que se puede hacer para salvar la asociaci\u00f3n de modo que la empresa pueda seguir haciendo lo que se propuso hacer. Es una verg\u00fcenza que una sociedad se desmorone por cualquier otra raz\u00f3n que no sea la falta de ingresos suficientes. Pero, de nuevo, a veces una pelea simplemente no se puede evitar. Estaremos listos para hacer nuestra parte para luchar cuando se agoten todas las alternativas.<\/p>\n<p class=\"font_7\"><span class=\"wixGuard\">\u200b<\/span>Los socios siempre tendr\u00e1n un contrato o acuerdo expl\u00edcito entre ellos, estatutos internos de la empresa o, al menos, la ley de Texas para definir la relaci\u00f3n. Cuando un socio incumple ese acuerdo, ignora los estatutos o se burla de la ley, se deben tomar medidas. El otro socio debe actuar de inmediato para proteger sus intereses. \u00bfFue la violaci\u00f3n un simple incumplimiento de contrato o algo m\u00e1s siniestro? Los socios tienen un estricto deber fiduciario entre s\u00ed. Se deben unos a otros un estricto deber de buena fe y franqueza. No pueden utilizar la relaci\u00f3n en su beneficio personal a expensas del otro socio.<\/p>\n<p class=\"font_7\"><span class=\"wixGuard\">\u200b<\/span>Una vez m\u00e1s, nuestro objetivo es hacer que el negocio vuelva a funcionar. Pero cuando eso no pueda suceder, llevaremos el asunto a los tribunales para resolver el problema.<\/p>\n\n<\/div>\n<\/div>\n<\/div>\n<\/div><\/div>\n<\/div>\n<\/div>\n<\/div>\n<\/div>\n<\/div>\n<div id=\"cmsmasters_row_ju6c3e4dyq\" class=\"cmsmasters_row cmsmasters_color_scheme_default pra_area_pages cmsmasters_row_top_default cmsmasters_row_bot_default cmsmasters_row_boxed\">\n<div class=\"cmsmasters_row_outer_parent\">\n<div class=\"cmsmasters_row_outer\">\n<div class=\"cmsmasters_row_inner\">\n<div class=\"cmsmasters_row_margin\">\n<div id=\"cmsmasters_column_o1w465fyig\" class=\"cmsmasters_column one_first\" data-animation=\"fadeInDown\" data-delay=\"0\">\n<div class=\"cmsmasters_column_inner\"><div id=\"cmsmasters_fb_fa3rlryza\" class=\"cmsmasters_featured_block\">\n<div class=\"featured_block_inner\">\n<div class=\"featured_block_text\">\n<h2 class=\"font_4\">UCC \/ Venta de Bienes<\/h2>\n\n<\/div>\n<\/div>\n<\/div>\n<div id=\"cmsmasters_fb_ig3ecmsojg\" class=\"cmsmasters_featured_block\">\n<div class=\"featured_block_inner\">\n<div class=\"featured_block_text\">\n<p class=\"font_7\">Casi todas las empresas tienen contratos con clientes, proveedores y distribuidores. Para las empresas involucradas en la venta de bienes, el C\u00f3digo Comercial Uniforme (UCC) es el marco legal general. Muchos contratos contienen cl\u00e1usulas alternativas de resoluci\u00f3n de disputas, que limitan los recursos procesales de un cliente a la conciliaci\u00f3n, la mediaci\u00f3n o el arbitraje.<\/p>\n<p class=\"font_7\">Los litigios que surjan de estas relaciones y acuerdos particulares requieren una comprensi\u00f3n particular de la ley. Y si bien el litigio puede ser m\u00e1s complejo, no es menos necesario cuando una parte perjudica a otra bajo el marco legal de la UCC. Lucharemos para ayudarlo a usted o a su negocio a obligar al infractor a cumplir con los t\u00e9rminos del contrato o pagar por el da\u00f1o que caus\u00f3.<\/p>\n\n<\/div>\n<\/div>\n<\/div>\n<\/div><\/div>\n<\/div>\n<\/div>\n<\/div>\n<\/div>\n<\/div>\n<div id=\"cmsmasters_row_3mceilpow6\" class=\"cmsmasters_row cmsmasters_color_scheme_default cmsmasters_row_top_default cmsmasters_row_bot_default cmsmasters_row_boxed\">\n<div class=\"cmsmasters_row_outer_parent\">\n<div class=\"cmsmasters_row_outer\">\n<div class=\"cmsmasters_row_inner\">\n<div class=\"cmsmasters_row_margin\">\n<div id=\"cmsmasters_column_f5305822b0\" class=\"cmsmasters_column one_first\">\n<div class=\"cmsmasters_column_inner\">\n<div id=\"cmsmasters_divider_25xsgj34s\" class=\"cmsmasters_divider cmsmasters_divider_width_long cmsmasters_divider_pos_center\"><\/div>\n<\/div><\/div>\n<\/div>\n<\/div>\n<\/div>\n<\/div>\n<\/div>\n<div id=\"cmsmasters_row_ccauitg93o\" class=\"cmsmasters_row cmsmasters_color_scheme_default cmsmasters_row_top_default cmsmasters_row_bot_default cmsmasters_row_boxed\">\n<div class=\"cmsmasters_row_outer_parent\">\n<div class=\"cmsmasters_row_outer\">\n<div class=\"cmsmasters_row_inner\">\n<div class=\"cmsmasters_row_margin\">\n<div id=\"cmsmasters_column_ncjf0lncc\" class=\"cmsmasters_column one_first\">\n<div class=\"cmsmasters_column_inner\"><div id=\"cmsmasters_heading_5b13t21ach\" class=\"cmsmasters_heading_wrap cmsmasters_heading_align_left\">\n\t<h2 class=\"cmsmasters_heading\">Ley de Pr\u00e1cticas Comerciales Enga\u00f1osas (DTPA)<\/h2>\n<\/div><div class=\"cmsmasters_text\">\n<p class=\"font_7\">La ley del estado de Texas ha brindado un nivel adicional de protecci\u00f3n para los consumidores de bienes y productos de Texas. Los vendedores y proveedores de tales bienes y servicios est\u00e1n sujetos a un est\u00e1ndar de comportamiento m\u00e1s alto en sus interacciones con sus clientes y consumidores. Los clientes perjudicados pueden demandar al vendedor\/proveedor por incumplimiento del contrato y por violaci\u00f3n de la DTPA. Se otorgan remedios especiales tales como reparar al cliente agraviado y otorgarle una sanci\u00f3n legal especial, que equivale a tres veces la cantidad de dinero realmente perdida por el cliente.<\/p>\n<p class=\"font_7\">Las pr\u00e1cticas enga\u00f1osas prohibidas var\u00edan en naturaleza. Algunos ejemplos son: prohibir que un vendedor de bienes mienta sobre la marca o la calidad de un producto; prohibir a un mec\u00e1nico exagerar las reparaciones necesarias y sus costos; prohibir a una compa\u00f1\u00eda hipotecaria agregar tarifas m\u00faltiples que no se informaron originalmente al acreedor hipotecario del cliente. Se proh\u00edben muchas m\u00e1s pr\u00e1cticas comerciales enga\u00f1osas. Si usted es cliente o cliente de una empresa que lo ha agraviado de alguna manera, debe comunicarse con nosotros de inmediato para programar una cita para analizar la posible infracci\u00f3n cometida.<\/p>\n<\/div>\n<\/div><\/div>\n<\/div>\n<\/div>\n<\/div>\n<\/div>\n<\/div>\n<div id=\"cmsmasters_row_enf3l28gh\" class=\"cmsmasters_row cmsmasters_color_scheme_default cmsmasters_row_top_default cmsmasters_row_bot_default cmsmasters_row_boxed\">\n<div class=\"cmsmasters_row_outer_parent\">\n<div class=\"cmsmasters_row_outer\">\n<div class=\"cmsmasters_row_inner\">\n<div class=\"cmsmasters_row_margin\">\n<div id=\"cmsmasters_column_303sq37l4t\" class=\"cmsmasters_column one_first\">\n<div class=\"cmsmasters_column_inner\">\n<div id=\"cmsmasters_divider_78ammj0an4\" class=\"cmsmasters_divider cmsmasters_divider_width_long cmsmasters_divider_pos_center\"><\/div>\n<\/div><\/div>\n<\/div>\n<\/div>\n<\/div>\n<\/div>\n<\/div>\n<div id=\"cmsmasters_row_yvq9sfltel\" class=\"cmsmasters_row cmsmasters_color_scheme_default cmsmasters_row_top_default cmsmasters_row_bot_default cmsmasters_row_boxed\">\n<div class=\"cmsmasters_row_outer_parent\">\n<div class=\"cmsmasters_row_outer\">\n<div class=\"cmsmasters_row_inner\">\n<div class=\"cmsmasters_row_margin\">\n<div id=\"cmsmasters_column_f721314c47\" class=\"cmsmasters_column one_first\">\n<div class=\"cmsmasters_column_inner\"><div id=\"cmsmasters_heading_888mmyf3ab\" class=\"cmsmasters_heading_wrap cmsmasters_heading_align_center\">\n\t<h3 class=\"cmsmasters_heading\">Sign Up for The Goldberg Globe<\/h3>\n<\/div>\n<div class=\"cmsmasters_sidebar sidebar_layout_11 subscriber-form\"><div class=\"cl\"><\/div>\n<\/div>\n<\/div><\/div>\n<\/div>\n<\/div>\n<\/div>\n<\/div>\n<\/div>\n\n","protected":false},"excerpt":{"rendered":"","protected":false},"author":3,"featured_media":0,"parent":15151,"menu_order":0,"comment_status":"closed","ping_status":"closed","template":"","meta":{"_acf_changed":false,"footnotes":""},"class_list":["post-15108","page","type-page","status-publish","hentry"],"acf":[],"yoast_head":"<!-- This site is optimized with the Yoast SEO plugin v26.5 - https:\/\/yoast.com\/wordpress\/plugins\/seo\/ -->\n<title>Houston Commercial &amp; Contract Litigation and Attorneys<\/title>\n<meta name=\"description\" content=\"The attorneys at Goldberg Law Office are your #1 commercial &amp; contract litigation experts in the Greater Houston Area. Contact us to make an appointment today.\" \/>\n<meta name=\"robots\" content=\"index, follow, max-snippet:-1, max-image-preview:large, max-video-preview:-1\" \/>\n<link rel=\"canonical\" href=\"https:\/\/lawgoldberg.com\/es\/practice-areas\/litigio\/contrato-litigio-comercial\/\" \/>\n<meta property=\"og:locale\" content=\"es_ES\" \/>\n<meta property=\"og:type\" content=\"article\" \/>\n<meta property=\"og:title\" content=\"Houston Commercial &amp; Contract Litigation and Attorneys\" \/>\n<meta property=\"og:description\" content=\"The attorneys at Goldberg Law Office are your #1 commercial &amp; contract litigation experts in the Greater Houston Area. Contact us to make an appointment today.\" \/>\n<meta property=\"og:url\" content=\"https:\/\/lawgoldberg.com\/es\/practice-areas\/litigio\/contrato-litigio-comercial\/\" \/>\n<meta property=\"og:site_name\" content=\"The Goldberg Law Office PLLC\" \/>\n<meta property=\"article:modified_time\" content=\"2022-12-22T12:26:32+00:00\" \/>\n<meta name=\"twitter:card\" content=\"summary_large_image\" \/>\n<meta name=\"twitter:label1\" content=\"Tiempo de lectura\" \/>\n\t<meta name=\"twitter:data1\" content=\"7 minutos\" \/>\n<script type=\"application\/ld+json\" class=\"yoast-schema-graph\">{\"@context\":\"https:\/\/schema.org\",\"@graph\":[{\"@type\":\"WebPage\",\"@id\":\"https:\/\/lawgoldberg.com\/es\/practice-areas\/litigio\/contrato-litigio-comercial\/\",\"url\":\"https:\/\/lawgoldberg.com\/es\/practice-areas\/litigio\/contrato-litigio-comercial\/\",\"name\":\"Houston Commercial & Contract Litigation and Attorneys\",\"isPartOf\":{\"@id\":\"https:\/\/lawgoldberg.com\/#website\"},\"datePublished\":\"2020-10-06T06:51:22+00:00\",\"dateModified\":\"2022-12-22T12:26:32+00:00\",\"description\":\"The attorneys at Goldberg Law Office are your #1 commercial & contract litigation experts in the Greater Houston Area. Contact us to make an appointment today.\",\"breadcrumb\":{\"@id\":\"https:\/\/lawgoldberg.com\/es\/practice-areas\/litigio\/contrato-litigio-comercial\/#breadcrumb\"},\"inLanguage\":\"es\",\"potentialAction\":[{\"@type\":\"ReadAction\",\"target\":[\"https:\/\/lawgoldberg.com\/es\/practice-areas\/litigio\/contrato-litigio-comercial\/\"]}]},{\"@type\":\"BreadcrumbList\",\"@id\":\"https:\/\/lawgoldberg.com\/es\/practice-areas\/litigio\/contrato-litigio-comercial\/#breadcrumb\",\"itemListElement\":[{\"@type\":\"ListItem\",\"position\":1,\"name\":\"Home\",\"item\":\"https:\/\/lawgoldberg.com\/es\/\"},{\"@type\":\"ListItem\",\"position\":2,\"name\":\"Practice Areas\",\"item\":\"https:\/\/lawgoldberg.com\/es\/practice-areas\/\"},{\"@type\":\"ListItem\",\"position\":3,\"name\":\"litigio\",\"item\":\"https:\/\/lawgoldberg.com\/es\/practice-areas\/litigio\/\"},{\"@type\":\"ListItem\",\"position\":4,\"name\":\"Contrato \/ Litigio Comercial\"}]},{\"@type\":\"WebSite\",\"@id\":\"https:\/\/lawgoldberg.com\/#website\",\"url\":\"https:\/\/lawgoldberg.com\/\",\"name\":\"The Goldberg Law Office PLLC\",\"description\":\"Justice you shall pursue Justice\",\"potentialAction\":[{\"@type\":\"SearchAction\",\"target\":{\"@type\":\"EntryPoint\",\"urlTemplate\":\"https:\/\/lawgoldberg.com\/?s={search_term_string}\"},\"query-input\":{\"@type\":\"PropertyValueSpecification\",\"valueRequired\":true,\"valueName\":\"search_term_string\"}}],\"inLanguage\":\"es\"}]}<\/script>\n<!-- \/ Yoast SEO plugin. -->","yoast_head_json":{"title":"Houston Commercial & Contract Litigation and Attorneys","description":"The attorneys at Goldberg Law Office are your #1 commercial & contract litigation experts in the Greater Houston Area. Contact us to make an appointment today.","robots":{"index":"index","follow":"follow","max-snippet":"max-snippet:-1","max-image-preview":"max-image-preview:large","max-video-preview":"max-video-preview:-1"},"canonical":"https:\/\/lawgoldberg.com\/es\/practice-areas\/litigio\/contrato-litigio-comercial\/","og_locale":"es_ES","og_type":"article","og_title":"Houston Commercial & Contract Litigation and Attorneys","og_description":"The attorneys at Goldberg Law Office are your #1 commercial & contract litigation experts in the Greater Houston Area. Contact us to make an appointment today.","og_url":"https:\/\/lawgoldberg.com\/es\/practice-areas\/litigio\/contrato-litigio-comercial\/","og_site_name":"The Goldberg Law Office PLLC","article_modified_time":"2022-12-22T12:26:32+00:00","twitter_card":"summary_large_image","twitter_misc":{"Tiempo de lectura":"7 minutos"},"schema":{"@context":"https:\/\/schema.org","@graph":[{"@type":"WebPage","@id":"https:\/\/lawgoldberg.com\/es\/practice-areas\/litigio\/contrato-litigio-comercial\/","url":"https:\/\/lawgoldberg.com\/es\/practice-areas\/litigio\/contrato-litigio-comercial\/","name":"Houston Commercial & Contract Litigation and Attorneys","isPartOf":{"@id":"https:\/\/lawgoldberg.com\/#website"},"datePublished":"2020-10-06T06:51:22+00:00","dateModified":"2022-12-22T12:26:32+00:00","description":"The attorneys at Goldberg Law Office are your #1 commercial & contract litigation experts in the Greater Houston Area. Contact us to make an appointment today.","breadcrumb":{"@id":"https:\/\/lawgoldberg.com\/es\/practice-areas\/litigio\/contrato-litigio-comercial\/#breadcrumb"},"inLanguage":"es","potentialAction":[{"@type":"ReadAction","target":["https:\/\/lawgoldberg.com\/es\/practice-areas\/litigio\/contrato-litigio-comercial\/"]}]},{"@type":"BreadcrumbList","@id":"https:\/\/lawgoldberg.com\/es\/practice-areas\/litigio\/contrato-litigio-comercial\/#breadcrumb","itemListElement":[{"@type":"ListItem","position":1,"name":"Home","item":"https:\/\/lawgoldberg.com\/es\/"},{"@type":"ListItem","position":2,"name":"Practice Areas","item":"https:\/\/lawgoldberg.com\/es\/practice-areas\/"},{"@type":"ListItem","position":3,"name":"litigio","item":"https:\/\/lawgoldberg.com\/es\/practice-areas\/litigio\/"},{"@type":"ListItem","position":4,"name":"Contrato \/ Litigio Comercial"}]},{"@type":"WebSite","@id":"https:\/\/lawgoldberg.com\/#website","url":"https:\/\/lawgoldberg.com\/","name":"The Goldberg Law Office PLLC","description":"Justice you shall pursue Justice","potentialAction":[{"@type":"SearchAction","target":{"@type":"EntryPoint","urlTemplate":"https:\/\/lawgoldberg.com\/?s={search_term_string}"},"query-input":{"@type":"PropertyValueSpecification","valueRequired":true,"valueName":"search_term_string"}}],"inLanguage":"es"}]}},"_links":{"self":[{"href":"https:\/\/lawgoldberg.com\/es\/wp-json\/wp\/v2\/pages\/15108","targetHints":{"allow":["GET"]}}],"collection":[{"href":"https:\/\/lawgoldberg.com\/es\/wp-json\/wp\/v2\/pages"}],"about":[{"href":"https:\/\/lawgoldberg.com\/es\/wp-json\/wp\/v2\/types\/page"}],"author":[{"embeddable":true,"href":"https:\/\/lawgoldberg.com\/es\/wp-json\/wp\/v2\/users\/3"}],"replies":[{"embeddable":true,"href":"https:\/\/lawgoldberg.com\/es\/wp-json\/wp\/v2\/comments?post=15108"}],"version-history":[{"count":6,"href":"https:\/\/lawgoldberg.com\/es\/wp-json\/wp\/v2\/pages\/15108\/revisions"}],"predecessor-version":[{"id":16753,"href":"https:\/\/lawgoldberg.com\/es\/wp-json\/wp\/v2\/pages\/15108\/revisions\/16753"}],"up":[{"embeddable":true,"href":"https:\/\/lawgoldberg.com\/es\/wp-json\/wp\/v2\/pages\/15151"}],"wp:attachment":[{"href":"https:\/\/lawgoldberg.com\/es\/wp-json\/wp\/v2\/media?parent=15108"}],"curies":[{"name":"wp","href":"https:\/\/api.w.org\/{rel}","templated":true}]}}