{"id":15106,"date":"2021-01-05T14:48:35","date_gmt":"2021-01-05T14:48:35","guid":{"rendered":"https:\/\/lawgoldberg.com\/practice-areas\/inmigracion\/student-immigration\/"},"modified":"2022-12-22T13:55:26","modified_gmt":"2022-12-22T13:55:26","slug":"inmigracion-de-estudiantes","status":"publish","type":"page","link":"https:\/\/lawgoldberg.com\/es\/practice-areas\/inmigracion\/inmigracion-de-estudiantes\/","title":{"rendered":"Inmigraci\u00f3n de estudiantes"},"content":{"rendered":"<div id=\"cmsmasters_row_z2lr7q73\" class=\"cmsmasters_row cmsmasters_color_scheme_default pra_area_pages cmsmasters_row_top_default cmsmasters_row_bot_default cmsmasters_row_boxed\">\n<div class=\"cmsmasters_row_outer_parent\">\n<div class=\"cmsmasters_row_outer\">\n<div class=\"cmsmasters_row_inner\">\n<div class=\"cmsmasters_row_margin\">\n<div id=\"cmsmasters_column_z20mx3jt98\" class=\"cmsmasters_column one_first\" data-animation=\"fadeInDown\" data-delay=\"0\">\n<div class=\"cmsmasters_column_inner\"><div id=\"cmsmasters_fb_lq6x6izti\" class=\"cmsmasters_featured_block\">\n<div class=\"featured_block_inner\">\n<div class=\"featured_block_text\">\n<h2>Inmigraci\u00f3n de Estudiantes<\/h2>\n<p>Abogado Goldberg entrevistado por NPR sobre restricciones m\u00e1s estrictas para titulares de visas de estudiantes<br \/>\nEscucha y lee\u00a0<a href=\"https:\/\/www.houstonpublicmedia.org\/articles\/news\/2018\/08\/13\/299929\/new-guidelines-toughen-enforcement-on-student-visa-violations\/?fbclid=IwAR0mIIhvVO_GQ9qe84-PdDxGHXIDuAII-smPjUcJfxw-Dkul1qh8PaGreCg\">AQU\u00cd<\/a><\/p>\n\n<\/div>\n<\/div>\n<\/div>\n<div class=\"cmsmasters_toggles toggles_mode_toggle\">\n<div class=\"cmsmasters_toggle_wrap\" data-tags=\"all \">\n<div class=\"cmsmasters_toggle_title\">\n<span class=\"cmsmasters_toggle_plus\">\n<span class=\"cmsmasters_toggle_plus_hor\"><\/span>\n<span class=\"cmsmasters_toggle_plus_vert\"><\/span>\n<\/span>\n<a href=\"#\">\u00bfCu\u00e1les son las opciones de inmigraci\u00f3n para los estudiantes?<\/a>\n<\/div>\n<div class=\"cmsmasters_toggle\">\n<div class=\"cmsmasters_toggle_inner\">\n<p>Dependiendo de su estatus migratorio actual en los EE. UU., puede tener varias opciones. Por lo general, las personas vienen a los Estados Unidos con la visa F-1. Al graduarse, un empleador le ofrece un trabajo al graduado y el estudiante cambia de estado de F-1 a H-1b. Desde all\u00ed,<\/p>\n<\/div>\n<\/div>\n<\/div><div class=\"cmsmasters_toggle_wrap\" data-tags=\"all \">\n<div class=\"cmsmasters_toggle_title\">\n<span class=\"cmsmasters_toggle_plus\">\n<span class=\"cmsmasters_toggle_plus_hor\"><\/span>\n<span class=\"cmsmasters_toggle_plus_vert\"><\/span>\n<\/span>\n<a href=\"#\">\u00bfQu\u00e9 es la visa F-1?<\/a>\n<\/div>\n<div class=\"cmsmasters_toggle\">\n<div class=\"cmsmasters_toggle_inner\">\n<p>La visa F-1 se emite a estudiantes de instituciones acad\u00e9micas aprobadas por inmigraci\u00f3n de EE. UU. Solo puede obtener la visa F-1 de un consulado estadounidense en el extranjero.<\/p>\n<\/div>\n<\/div>\n<\/div><div class=\"cmsmasters_toggle_wrap\" data-tags=\"all \">\n<div class=\"cmsmasters_toggle_title\">\n<span class=\"cmsmasters_toggle_plus\">\n<span class=\"cmsmasters_toggle_plus_hor\"><\/span>\n<span class=\"cmsmasters_toggle_plus_vert\"><\/span>\n<\/span>\n<a href=\"#\">Ya estoy en los Estados Unidos como visitante. \u00bfPuedo quedarme m\u00e1s tiempo en los EE. UU. si quiero estudiar ingl\u00e9s o obtener un t\u00edtulo secundario?<\/a>\n<\/div>\n<div class=\"cmsmasters_toggle\">\n<div class=\"cmsmasters_toggle_inner\">\n<p>Por lo general, no puede estudiar en un colegio o universidad si ingres\u00f3 con la visa de turista B-1\/B-2. Debe cambiar su estado migratorio al estado de estudiante F-1 si tiene la intenci\u00f3n de estudiar en los EE. UU. Surgen m\u00e1s complicaciones en este proceso ya que la administraci\u00f3n Trump ha tomado una posici\u00f3n m\u00e1s estricta en todo el proceso para que una persona cambie el estado de B-1 \/B-2 a F-1. Es MUY IMPORTANTE hablar con un abogado sobre esto antes de hacer el cambio.<\/p>\n<\/div>\n<\/div>\n<\/div><div class=\"cmsmasters_toggle_wrap\" data-tags=\"all \">\n<div class=\"cmsmasters_toggle_title\">\n<span class=\"cmsmasters_toggle_plus\">\n<span class=\"cmsmasters_toggle_plus_hor\"><\/span>\n<span class=\"cmsmasters_toggle_plus_vert\"><\/span>\n<\/span>\n<a href=\"#\">Soy estudiante y no vine a los Estados Unidos con una visa. \u00bfHay algo que pueda hacer para obtener un permiso de trabajo o legalizarme?<\/a>\n<\/div>\n<div class=\"cmsmasters_toggle\">\n<div class=\"cmsmasters_toggle_inner\">\n<p>Para una persona que ingres\u00f3 sin papeles o sin inspecci\u00f3n por parte de un oficial de inmigraci\u00f3n, la situaci\u00f3n puede ser complicada. Una posibilidad para un joven menor de 18 a\u00f1os puede ser el Estatus de Inmigrante Juvenil Especial, pero recomendamos contactar a un abogado para discutir m\u00e1s.<\/p>\n<\/div>\n<\/div>\n<\/div><div class=\"cmsmasters_toggle_wrap\" data-tags=\"all \">\n<div class=\"cmsmasters_toggle_title\">\n<span class=\"cmsmasters_toggle_plus\">\n<span class=\"cmsmasters_toggle_plus_hor\"><\/span>\n<span class=\"cmsmasters_toggle_plus_vert\"><\/span>\n<\/span>\n<a href=\"#\">\u00bfQu\u00e9 necesito probar para obtener la visa de estudiante F-1 o el estatus de estudiante F-1?<\/a>\n<\/div>\n<div class=\"cmsmasters_toggle\">\n<div class=\"cmsmasters_toggle_inner\">\n<p>Hay varios elementos que necesitan ser probados. A continuaci\u00f3n se muestra una breve lista, pero dependiendo del caso, inmigraci\u00f3n puede requerir m\u00e1s evidencia.<\/p>\n<ul>\n<li>Debe estar inscrito en un programa educativo \u00abacad\u00e9mico\u00bb, un programa de capacitaci\u00f3n en idiomas o un programa vocacional<\/li>\n<li>Su\u00a0escuela debe estar aprobada por USCIS<\/li>\n<li>Debes estar matriculado como estudiante a tiempo completo en la<br \/>\ninstituci\u00f3n<\/li>\n<li>Debe dominar el ingl\u00e9s o estar inscrito en\u00a0\u00a0\u00a0\u00a0 cursos que conduzcan al dominio del ingl\u00e9s<\/li>\n<li>Debe tener suficientes fondos disponibles para la autosuficiencia durante todo el curso de estudio propuesto.<\/li>\n<li>Debe mantener una residencia en el extranjero a la que no tiene intenci\u00f3n de renunciar.<\/li>\n<\/ul>\n<\/div>\n<\/div>\n<\/div><div class=\"cmsmasters_toggle_wrap\" data-tags=\"all \">\n<div class=\"cmsmasters_toggle_title\">\n<span class=\"cmsmasters_toggle_plus\">\n<span class=\"cmsmasters_toggle_plus_hor\"><\/span>\n<span class=\"cmsmasters_toggle_plus_vert\"><\/span>\n<\/span>\n<a href=\"#\">\u00bfCu\u00e1nto necesito estudiar para calificar para la visa de estudiante F-1 o el estatus de estudiante F-1?<\/a>\n<\/div>\n<div class=\"cmsmasters_toggle\">\n<div class=\"cmsmasters_toggle_inner\">\n<p>Debe ser un estudiante de tiempo completo para mantener un estatus migratorio legal. El horario de un estudiante de tiempo completo consta de 12 horas de clase por semana.<\/p>\n<\/div>\n<\/div>\n<\/div><div class=\"cmsmasters_toggle_wrap\" data-tags=\"all \">\n<div class=\"cmsmasters_toggle_title\">\n<span class=\"cmsmasters_toggle_plus\">\n<span class=\"cmsmasters_toggle_plus_hor\"><\/span>\n<span class=\"cmsmasters_toggle_plus_vert\"><\/span>\n<\/span>\n<a href=\"#\">\u00bfPuedo trabajar con mi visa de estudiante F-1?<\/a>\n<\/div>\n<div class=\"cmsmasters_toggle\">\n<div class=\"cmsmasters_toggle_inner\">\n<p>No. Los estudiantes pueden trabajar en el campus. Sin embargo, los estudiantes F-1 no pueden trabajar fuera del campus, a menos que reciban un permiso especial.<\/p>\n<\/div>\n<\/div>\n<\/div><div class=\"cmsmasters_toggle_wrap\" data-tags=\"all \">\n<div class=\"cmsmasters_toggle_title\">\n<span class=\"cmsmasters_toggle_plus\">\n<span class=\"cmsmasters_toggle_plus_hor\"><\/span>\n<span class=\"cmsmasters_toggle_plus_vert\"><\/span>\n<\/span>\n<a href=\"#\">\u00bfCu\u00e1nto dura la OPT (Formaci\u00f3n Pr\u00e1ctica Opcional)?<\/a>\n<\/div>\n<div class=\"cmsmasters_toggle\">\n<div class=\"cmsmasters_toggle_inner\">\n<p>Eso depende. Los estudiantes con t\u00edtulos en ciencias e ingenier\u00eda pueden tener hasta 3 a\u00f1os de OPT, mientras que la mayor\u00eda de los dem\u00e1s estudiantes son elegibles para trabajar durante 1 a\u00f1o en el programa OPT.<\/p>\n<\/div>\n<\/div>\n<\/div><\/div><div id=\"cmsmasters_fb_dj67s593zn\" class=\"cmsmasters_featured_block\">\n<div class=\"featured_block_inner\">\n<div class=\"featured_block_text\">\n<p><strong>\u00bfTienes m\u00e1s preguntas?<\/strong><\/p>\n<p>La <a href=\"http:\/\/lawgoldberg.com\/contact-us\/\">Bufete de abogados Goldberg<\/a>, PLLC se complace en ayudar a ser su abogado de inmigraci\u00f3n de estudiantes de EE. UU.<\/p>\n\n<\/div>\n<\/div>\n<\/div>\n<\/div><\/div>\n<\/div>\n<\/div>\n<\/div>\n<\/div>\n<\/div>\n<div id=\"cmsmasters_row_enf3l28gh\" class=\"cmsmasters_row cmsmasters_color_scheme_default cmsmasters_row_top_default cmsmasters_row_bot_default cmsmasters_row_boxed\">\n<div class=\"cmsmasters_row_outer_parent\">\n<div class=\"cmsmasters_row_outer\">\n<div class=\"cmsmasters_row_inner\">\n<div class=\"cmsmasters_row_margin\">\n<div id=\"cmsmasters_column_303sq37l4t\" class=\"cmsmasters_column one_first\">\n<div class=\"cmsmasters_column_inner\">\n<div id=\"cmsmasters_divider_78ammj0an4\" class=\"cmsmasters_divider cmsmasters_divider_width_long cmsmasters_divider_pos_center\"><\/div>\n<\/div><\/div>\n<\/div>\n<\/div>\n<\/div>\n<\/div>\n<\/div>\n<div id=\"cmsmasters_row_yvq9sfltel\" class=\"cmsmasters_row cmsmasters_color_scheme_default cmsmasters_row_top_default cmsmasters_row_bot_default cmsmasters_row_boxed\">\n<div class=\"cmsmasters_row_outer_parent\">\n<div class=\"cmsmasters_row_outer\">\n<div class=\"cmsmasters_row_inner\">\n<div class=\"cmsmasters_row_margin\">\n<div id=\"cmsmasters_column_f721314c47\" class=\"cmsmasters_column one_first\">\n<div class=\"cmsmasters_column_inner\"><div id=\"cmsmasters_heading_888mmyf3ab\" class=\"cmsmasters_heading_wrap cmsmasters_heading_align_center\">\n\t<h3 class=\"cmsmasters_heading\">Sign Up for The Goldberg Globe<\/h3>\n<\/div>\n<div class=\"cmsmasters_sidebar sidebar_layout_11 subscriber-form\"><div class=\"cl\"><\/div>\n<\/div>\n<\/div><\/div>\n<\/div>\n<\/div>\n<\/div>\n<\/div>\n<\/div>\n\n","protected":false},"excerpt":{"rendered":"","protected":false},"author":3,"featured_media":0,"parent":15100,"menu_order":0,"comment_status":"closed","ping_status":"closed","template":"","meta":{"_acf_changed":false,"footnotes":""},"class_list":["post-15106","page","type-page","status-publish","hentry"],"acf":[],"yoast_head":"<!-- This site is optimized with the Yoast SEO plugin v26.5 - https:\/\/yoast.com\/wordpress\/plugins\/seo\/ -->\n<title>Houston Student Immigration Assistance - Goldberg Law Office<\/title>\n<meta name=\"description\" content=\"The attorneys at Goldberg Law can help individuals apply for student immigration. Learn more about the F-1 visa process &amp; more. Contact the Goldberg Law Office.\" \/>\n<meta name=\"robots\" content=\"index, follow, max-snippet:-1, max-image-preview:large, max-video-preview:-1\" \/>\n<link rel=\"canonical\" href=\"https:\/\/lawgoldberg.com\/es\/practice-areas\/inmigracion\/inmigracion-de-estudiantes\/\" \/>\n<meta property=\"og:locale\" content=\"es_ES\" \/>\n<meta property=\"og:type\" content=\"article\" \/>\n<meta property=\"og:title\" content=\"Houston Student Immigration Assistance - Goldberg Law Office\" \/>\n<meta property=\"og:description\" content=\"The attorneys at Goldberg Law can help individuals apply for student immigration. Learn more about the F-1 visa process &amp; more. Contact the Goldberg Law Office.\" \/>\n<meta property=\"og:url\" content=\"https:\/\/lawgoldberg.com\/es\/practice-areas\/inmigracion\/inmigracion-de-estudiantes\/\" \/>\n<meta property=\"og:site_name\" content=\"The Goldberg Law Office PLLC\" \/>\n<meta property=\"article:modified_time\" content=\"2022-12-22T13:55:26+00:00\" \/>\n<meta name=\"twitter:card\" content=\"summary_large_image\" \/>\n<meta name=\"twitter:label1\" content=\"Tiempo de lectura\" \/>\n\t<meta name=\"twitter:data1\" content=\"3 minutos\" \/>\n<script type=\"application\/ld+json\" class=\"yoast-schema-graph\">{\"@context\":\"https:\/\/schema.org\",\"@graph\":[{\"@type\":\"WebPage\",\"@id\":\"https:\/\/lawgoldberg.com\/es\/practice-areas\/inmigracion\/inmigracion-de-estudiantes\/\",\"url\":\"https:\/\/lawgoldberg.com\/es\/practice-areas\/inmigracion\/inmigracion-de-estudiantes\/\",\"name\":\"Houston Student Immigration Assistance - Goldberg Law Office\",\"isPartOf\":{\"@id\":\"https:\/\/lawgoldberg.com\/#website\"},\"datePublished\":\"2021-01-05T14:48:35+00:00\",\"dateModified\":\"2022-12-22T13:55:26+00:00\",\"description\":\"The attorneys at Goldberg Law can help individuals apply for student immigration. Learn more about the F-1 visa process & more. Contact the Goldberg Law Office.\",\"breadcrumb\":{\"@id\":\"https:\/\/lawgoldberg.com\/es\/practice-areas\/inmigracion\/inmigracion-de-estudiantes\/#breadcrumb\"},\"inLanguage\":\"es\",\"potentialAction\":[{\"@type\":\"ReadAction\",\"target\":[\"https:\/\/lawgoldberg.com\/es\/practice-areas\/inmigracion\/inmigracion-de-estudiantes\/\"]}]},{\"@type\":\"BreadcrumbList\",\"@id\":\"https:\/\/lawgoldberg.com\/es\/practice-areas\/inmigracion\/inmigracion-de-estudiantes\/#breadcrumb\",\"itemListElement\":[{\"@type\":\"ListItem\",\"position\":1,\"name\":\"Home\",\"item\":\"https:\/\/lawgoldberg.com\/es\/\"},{\"@type\":\"ListItem\",\"position\":2,\"name\":\"Practice Areas\",\"item\":\"https:\/\/lawgoldberg.com\/es\/practice-areas\/\"},{\"@type\":\"ListItem\",\"position\":3,\"name\":\"Inmigraci\u00f3n\",\"item\":\"https:\/\/lawgoldberg.com\/es\/practice-areas\/inmigracion\/\"},{\"@type\":\"ListItem\",\"position\":4,\"name\":\"Inmigraci\u00f3n de estudiantes\"}]},{\"@type\":\"WebSite\",\"@id\":\"https:\/\/lawgoldberg.com\/#website\",\"url\":\"https:\/\/lawgoldberg.com\/\",\"name\":\"The Goldberg Law Office PLLC\",\"description\":\"Justice you shall pursue Justice\",\"potentialAction\":[{\"@type\":\"SearchAction\",\"target\":{\"@type\":\"EntryPoint\",\"urlTemplate\":\"https:\/\/lawgoldberg.com\/?s={search_term_string}\"},\"query-input\":{\"@type\":\"PropertyValueSpecification\",\"valueRequired\":true,\"valueName\":\"search_term_string\"}}],\"inLanguage\":\"es\"}]}<\/script>\n<!-- \/ Yoast SEO plugin. -->","yoast_head_json":{"title":"Houston Student Immigration Assistance - Goldberg Law Office","description":"The attorneys at Goldberg Law can help individuals apply for student immigration. Learn more about the F-1 visa process & more. Contact the Goldberg Law Office.","robots":{"index":"index","follow":"follow","max-snippet":"max-snippet:-1","max-image-preview":"max-image-preview:large","max-video-preview":"max-video-preview:-1"},"canonical":"https:\/\/lawgoldberg.com\/es\/practice-areas\/inmigracion\/inmigracion-de-estudiantes\/","og_locale":"es_ES","og_type":"article","og_title":"Houston Student Immigration Assistance - Goldberg Law Office","og_description":"The attorneys at Goldberg Law can help individuals apply for student immigration. Learn more about the F-1 visa process & more. Contact the Goldberg Law Office.","og_url":"https:\/\/lawgoldberg.com\/es\/practice-areas\/inmigracion\/inmigracion-de-estudiantes\/","og_site_name":"The Goldberg Law Office PLLC","article_modified_time":"2022-12-22T13:55:26+00:00","twitter_card":"summary_large_image","twitter_misc":{"Tiempo de lectura":"3 minutos"},"schema":{"@context":"https:\/\/schema.org","@graph":[{"@type":"WebPage","@id":"https:\/\/lawgoldberg.com\/es\/practice-areas\/inmigracion\/inmigracion-de-estudiantes\/","url":"https:\/\/lawgoldberg.com\/es\/practice-areas\/inmigracion\/inmigracion-de-estudiantes\/","name":"Houston Student Immigration Assistance - Goldberg Law Office","isPartOf":{"@id":"https:\/\/lawgoldberg.com\/#website"},"datePublished":"2021-01-05T14:48:35+00:00","dateModified":"2022-12-22T13:55:26+00:00","description":"The attorneys at Goldberg Law can help individuals apply for student immigration. Learn more about the F-1 visa process & more. Contact the Goldberg Law Office.","breadcrumb":{"@id":"https:\/\/lawgoldberg.com\/es\/practice-areas\/inmigracion\/inmigracion-de-estudiantes\/#breadcrumb"},"inLanguage":"es","potentialAction":[{"@type":"ReadAction","target":["https:\/\/lawgoldberg.com\/es\/practice-areas\/inmigracion\/inmigracion-de-estudiantes\/"]}]},{"@type":"BreadcrumbList","@id":"https:\/\/lawgoldberg.com\/es\/practice-areas\/inmigracion\/inmigracion-de-estudiantes\/#breadcrumb","itemListElement":[{"@type":"ListItem","position":1,"name":"Home","item":"https:\/\/lawgoldberg.com\/es\/"},{"@type":"ListItem","position":2,"name":"Practice Areas","item":"https:\/\/lawgoldberg.com\/es\/practice-areas\/"},{"@type":"ListItem","position":3,"name":"Inmigraci\u00f3n","item":"https:\/\/lawgoldberg.com\/es\/practice-areas\/inmigracion\/"},{"@type":"ListItem","position":4,"name":"Inmigraci\u00f3n de estudiantes"}]},{"@type":"WebSite","@id":"https:\/\/lawgoldberg.com\/#website","url":"https:\/\/lawgoldberg.com\/","name":"The Goldberg Law Office PLLC","description":"Justice you shall pursue Justice","potentialAction":[{"@type":"SearchAction","target":{"@type":"EntryPoint","urlTemplate":"https:\/\/lawgoldberg.com\/?s={search_term_string}"},"query-input":{"@type":"PropertyValueSpecification","valueRequired":true,"valueName":"search_term_string"}}],"inLanguage":"es"}]}},"_links":{"self":[{"href":"https:\/\/lawgoldberg.com\/es\/wp-json\/wp\/v2\/pages\/15106","targetHints":{"allow":["GET"]}}],"collection":[{"href":"https:\/\/lawgoldberg.com\/es\/wp-json\/wp\/v2\/pages"}],"about":[{"href":"https:\/\/lawgoldberg.com\/es\/wp-json\/wp\/v2\/types\/page"}],"author":[{"embeddable":true,"href":"https:\/\/lawgoldberg.com\/es\/wp-json\/wp\/v2\/users\/3"}],"replies":[{"embeddable":true,"href":"https:\/\/lawgoldberg.com\/es\/wp-json\/wp\/v2\/comments?post=15106"}],"version-history":[{"count":3,"href":"https:\/\/lawgoldberg.com\/es\/wp-json\/wp\/v2\/pages\/15106\/revisions"}],"predecessor-version":[{"id":16767,"href":"https:\/\/lawgoldberg.com\/es\/wp-json\/wp\/v2\/pages\/15106\/revisions\/16767"}],"up":[{"embeddable":true,"href":"https:\/\/lawgoldberg.com\/es\/wp-json\/wp\/v2\/pages\/15100"}],"wp:attachment":[{"href":"https:\/\/lawgoldberg.com\/es\/wp-json\/wp\/v2\/media?parent=15106"}],"curies":[{"name":"wp","href":"https:\/\/api.w.org\/{rel}","templated":true}]}}