{"id":15104,"date":"2021-01-05T14:32:16","date_gmt":"2021-01-05T14:32:16","guid":{"rendered":"https:\/\/lawgoldberg.com\/practice-areas\/inmigracion\/nonimmigrant-visas\/"},"modified":"2022-12-22T13:42:28","modified_gmt":"2022-12-22T13:42:28","slug":"visas-de-no-inmigrante","status":"publish","type":"page","link":"https:\/\/lawgoldberg.com\/es\/practice-areas\/inmigracion\/visas-de-no-inmigrante\/","title":{"rendered":"Visas de No inmigrante"},"content":{"rendered":"<div id=\"cmsmasters_row_z2lr7q73\" class=\"cmsmasters_row cmsmasters_color_scheme_default pra_area_pages cmsmasters_row_top_default cmsmasters_row_bot_default cmsmasters_row_boxed\">\n<div class=\"cmsmasters_row_outer_parent\">\n<div class=\"cmsmasters_row_outer\">\n<div class=\"cmsmasters_row_inner\">\n<div class=\"cmsmasters_row_margin\">\n<div id=\"cmsmasters_column_z20mx3jt98\" class=\"cmsmasters_column one_first\" data-animation=\"fadeInDown\" data-delay=\"0\">\n<div class=\"cmsmasters_column_inner\"><div id=\"cmsmasters_fb_lq6x6izti\" class=\"cmsmasters_featured_block\">\n<div class=\"featured_block_inner\">\n<div class=\"featured_block_text\">\n<h2>Visas de No inmigrante<\/h2>\n<p>Ayudamos a los clientes a obtener visas de inmigrantes y no inmigrantes, y discutimos con los clientes qu\u00e9 opci\u00f3n funcionar\u00eda mejor para su situaci\u00f3n particular.<\/p>\n<ul>\n<li>A-1\/A-2 diplom\u00e1ticos y personal de apoyo<\/li>\n<li>Visitante B-1\/B-2 por negocios o placer<\/li>\n<li>C\/D\u00a0 En tr\u00e1nsito\/Tripulantes<\/li>\n<li>Comerciante\/inversor de tratado E-1\/E-2<\/li>\n<li><a href=\"http:\/\/www.studentimmigrationlawyer.com\/student-immigration.html\">Alumna F-1<\/a><\/li>\n<li>H-1 trabajadora temporal<\/li>\n<li>H-2 trabajadora temporal<\/li>\n<li>Aprendiz extranjero H-3<\/li>\n<li>dependientes H-4<\/li>\n<li>Visitantes de intercambio J-1<\/li>\n<li>Prometida K-1<\/li>\n<li>Transferencia dentro de la empresa L-1<\/li>\n<li>Alumna m-1<\/li>\n<li>O-1 habilidad extraordinaria<\/li>\n<li>P-1 artistas int\u00e9rpretes o ejecutantes<\/li>\n<li>Q-1 intercambio cultural internacional<\/li>\n<li>R-1 trabajadoras religiosas<\/li>\n<li>TN Trade NAFTA y visas para dependientes<\/li>\n<li>Ampliaci\u00f3n de estancia<\/li>\n<li>Cambio de estatus de no inmigrante<\/li>\n<li>Exenciones<\/li>\n<li>Reemplazo de tarjetas I-94<\/li>\n<\/ul>\n\n<\/div>\n<\/div>\n<\/div>\n<\/div><\/div>\n<\/div>\n<\/div>\n<\/div>\n<\/div>\n<\/div>\n<div id=\"cmsmasters_row_enf3l28gh\" class=\"cmsmasters_row cmsmasters_color_scheme_default cmsmasters_row_top_default cmsmasters_row_bot_default cmsmasters_row_boxed\">\n<div class=\"cmsmasters_row_outer_parent\">\n<div class=\"cmsmasters_row_outer\">\n<div class=\"cmsmasters_row_inner\">\n<div class=\"cmsmasters_row_margin\">\n<div id=\"cmsmasters_column_303sq37l4t\" class=\"cmsmasters_column one_first\">\n<div class=\"cmsmasters_column_inner\">\n<div id=\"cmsmasters_divider_78ammj0an4\" class=\"cmsmasters_divider cmsmasters_divider_width_long cmsmasters_divider_pos_center\"><\/div>\n<\/div><\/div>\n<\/div>\n<\/div>\n<\/div>\n<\/div>\n<\/div>\n<div id=\"cmsmasters_row_yvq9sfltel\" class=\"cmsmasters_row cmsmasters_color_scheme_default cmsmasters_row_top_default cmsmasters_row_bot_default cmsmasters_row_boxed\">\n<div class=\"cmsmasters_row_outer_parent\">\n<div class=\"cmsmasters_row_outer\">\n<div class=\"cmsmasters_row_inner\">\n<div class=\"cmsmasters_row_margin\">\n<div id=\"cmsmasters_column_f721314c47\" class=\"cmsmasters_column one_first\">\n<div class=\"cmsmasters_column_inner\"><div id=\"cmsmasters_heading_888mmyf3ab\" class=\"cmsmasters_heading_wrap cmsmasters_heading_align_center\">\n\t<h3 class=\"cmsmasters_heading\">Sign Up for The Goldberg Globe<\/h3>\n<\/div>\n<div class=\"cmsmasters_sidebar sidebar_layout_11 subscriber-form\"><div class=\"cl\"><\/div>\n<\/div>\n<\/div><\/div>\n<\/div>\n<\/div>\n<\/div>\n<\/div>\n<\/div>\n\n","protected":false},"excerpt":{"rendered":"","protected":false},"author":3,"featured_media":0,"parent":15100,"menu_order":0,"comment_status":"closed","ping_status":"closed","template":"","meta":{"_acf_changed":false,"footnotes":""},"class_list":["post-15104","page","type-page","status-publish","hentry"],"acf":[],"yoast_head":"<!-- This site is optimized with the Yoast SEO plugin v26.5 - https:\/\/yoast.com\/wordpress\/plugins\/seo\/ -->\n<title>Houston Non-Immigrant Visa Lawyers - Goldberg Law Office<\/title>\n<meta name=\"description\" content=\"We assist clients in getting both non-immigrant &amp; immigrant visas in Houston. Call the Goldberg Law Office to discuss &amp; explore the best options for you.\" \/>\n<meta name=\"robots\" content=\"index, follow, max-snippet:-1, max-image-preview:large, max-video-preview:-1\" \/>\n<link rel=\"canonical\" href=\"https:\/\/lawgoldberg.com\/es\/practice-areas\/inmigracion\/visas-de-no-inmigrante\/\" \/>\n<meta property=\"og:locale\" content=\"es_ES\" \/>\n<meta property=\"og:type\" content=\"article\" \/>\n<meta property=\"og:title\" content=\"Houston Non-Immigrant Visa Lawyers - Goldberg Law Office\" \/>\n<meta property=\"og:description\" content=\"We assist clients in getting both non-immigrant &amp; immigrant visas in Houston. Call the Goldberg Law Office to discuss &amp; explore the best options for you.\" \/>\n<meta property=\"og:url\" content=\"https:\/\/lawgoldberg.com\/es\/practice-areas\/inmigracion\/visas-de-no-inmigrante\/\" \/>\n<meta property=\"og:site_name\" content=\"The Goldberg Law Office PLLC\" \/>\n<meta property=\"article:modified_time\" content=\"2022-12-22T13:42:28+00:00\" \/>\n<meta name=\"twitter:card\" content=\"summary_large_image\" \/>\n<meta name=\"twitter:label1\" content=\"Tiempo de lectura\" \/>\n\t<meta name=\"twitter:data1\" content=\"1 minuto\" \/>\n<script type=\"application\/ld+json\" class=\"yoast-schema-graph\">{\"@context\":\"https:\/\/schema.org\",\"@graph\":[{\"@type\":\"WebPage\",\"@id\":\"https:\/\/lawgoldberg.com\/es\/practice-areas\/inmigracion\/visas-de-no-inmigrante\/\",\"url\":\"https:\/\/lawgoldberg.com\/es\/practice-areas\/inmigracion\/visas-de-no-inmigrante\/\",\"name\":\"Houston Non-Immigrant Visa Lawyers - Goldberg Law Office\",\"isPartOf\":{\"@id\":\"https:\/\/lawgoldberg.com\/#website\"},\"datePublished\":\"2021-01-05T14:32:16+00:00\",\"dateModified\":\"2022-12-22T13:42:28+00:00\",\"description\":\"We assist clients in getting both non-immigrant & immigrant visas in Houston. Call the Goldberg Law Office to discuss & explore the best options for you.\",\"breadcrumb\":{\"@id\":\"https:\/\/lawgoldberg.com\/es\/practice-areas\/inmigracion\/visas-de-no-inmigrante\/#breadcrumb\"},\"inLanguage\":\"es\",\"potentialAction\":[{\"@type\":\"ReadAction\",\"target\":[\"https:\/\/lawgoldberg.com\/es\/practice-areas\/inmigracion\/visas-de-no-inmigrante\/\"]}]},{\"@type\":\"BreadcrumbList\",\"@id\":\"https:\/\/lawgoldberg.com\/es\/practice-areas\/inmigracion\/visas-de-no-inmigrante\/#breadcrumb\",\"itemListElement\":[{\"@type\":\"ListItem\",\"position\":1,\"name\":\"Home\",\"item\":\"https:\/\/lawgoldberg.com\/es\/\"},{\"@type\":\"ListItem\",\"position\":2,\"name\":\"Practice Areas\",\"item\":\"https:\/\/lawgoldberg.com\/es\/practice-areas\/\"},{\"@type\":\"ListItem\",\"position\":3,\"name\":\"Inmigraci\u00f3n\",\"item\":\"https:\/\/lawgoldberg.com\/es\/practice-areas\/inmigracion\/\"},{\"@type\":\"ListItem\",\"position\":4,\"name\":\"Visas de No inmigrante\"}]},{\"@type\":\"WebSite\",\"@id\":\"https:\/\/lawgoldberg.com\/#website\",\"url\":\"https:\/\/lawgoldberg.com\/\",\"name\":\"The Goldberg Law Office PLLC\",\"description\":\"Justice you shall pursue Justice\",\"potentialAction\":[{\"@type\":\"SearchAction\",\"target\":{\"@type\":\"EntryPoint\",\"urlTemplate\":\"https:\/\/lawgoldberg.com\/?s={search_term_string}\"},\"query-input\":{\"@type\":\"PropertyValueSpecification\",\"valueRequired\":true,\"valueName\":\"search_term_string\"}}],\"inLanguage\":\"es\"}]}<\/script>\n<!-- \/ Yoast SEO plugin. -->","yoast_head_json":{"title":"Houston Non-Immigrant Visa Lawyers - Goldberg Law Office","description":"We assist clients in getting both non-immigrant & immigrant visas in Houston. Call the Goldberg Law Office to discuss & explore the best options for you.","robots":{"index":"index","follow":"follow","max-snippet":"max-snippet:-1","max-image-preview":"max-image-preview:large","max-video-preview":"max-video-preview:-1"},"canonical":"https:\/\/lawgoldberg.com\/es\/practice-areas\/inmigracion\/visas-de-no-inmigrante\/","og_locale":"es_ES","og_type":"article","og_title":"Houston Non-Immigrant Visa Lawyers - Goldberg Law Office","og_description":"We assist clients in getting both non-immigrant & immigrant visas in Houston. Call the Goldberg Law Office to discuss & explore the best options for you.","og_url":"https:\/\/lawgoldberg.com\/es\/practice-areas\/inmigracion\/visas-de-no-inmigrante\/","og_site_name":"The Goldberg Law Office PLLC","article_modified_time":"2022-12-22T13:42:28+00:00","twitter_card":"summary_large_image","twitter_misc":{"Tiempo de lectura":"1 minuto"},"schema":{"@context":"https:\/\/schema.org","@graph":[{"@type":"WebPage","@id":"https:\/\/lawgoldberg.com\/es\/practice-areas\/inmigracion\/visas-de-no-inmigrante\/","url":"https:\/\/lawgoldberg.com\/es\/practice-areas\/inmigracion\/visas-de-no-inmigrante\/","name":"Houston Non-Immigrant Visa Lawyers - Goldberg Law Office","isPartOf":{"@id":"https:\/\/lawgoldberg.com\/#website"},"datePublished":"2021-01-05T14:32:16+00:00","dateModified":"2022-12-22T13:42:28+00:00","description":"We assist clients in getting both non-immigrant & immigrant visas in Houston. Call the Goldberg Law Office to discuss & explore the best options for you.","breadcrumb":{"@id":"https:\/\/lawgoldberg.com\/es\/practice-areas\/inmigracion\/visas-de-no-inmigrante\/#breadcrumb"},"inLanguage":"es","potentialAction":[{"@type":"ReadAction","target":["https:\/\/lawgoldberg.com\/es\/practice-areas\/inmigracion\/visas-de-no-inmigrante\/"]}]},{"@type":"BreadcrumbList","@id":"https:\/\/lawgoldberg.com\/es\/practice-areas\/inmigracion\/visas-de-no-inmigrante\/#breadcrumb","itemListElement":[{"@type":"ListItem","position":1,"name":"Home","item":"https:\/\/lawgoldberg.com\/es\/"},{"@type":"ListItem","position":2,"name":"Practice Areas","item":"https:\/\/lawgoldberg.com\/es\/practice-areas\/"},{"@type":"ListItem","position":3,"name":"Inmigraci\u00f3n","item":"https:\/\/lawgoldberg.com\/es\/practice-areas\/inmigracion\/"},{"@type":"ListItem","position":4,"name":"Visas de No inmigrante"}]},{"@type":"WebSite","@id":"https:\/\/lawgoldberg.com\/#website","url":"https:\/\/lawgoldberg.com\/","name":"The Goldberg Law Office PLLC","description":"Justice you shall pursue Justice","potentialAction":[{"@type":"SearchAction","target":{"@type":"EntryPoint","urlTemplate":"https:\/\/lawgoldberg.com\/?s={search_term_string}"},"query-input":{"@type":"PropertyValueSpecification","valueRequired":true,"valueName":"search_term_string"}}],"inLanguage":"es"}]}},"_links":{"self":[{"href":"https:\/\/lawgoldberg.com\/es\/wp-json\/wp\/v2\/pages\/15104","targetHints":{"allow":["GET"]}}],"collection":[{"href":"https:\/\/lawgoldberg.com\/es\/wp-json\/wp\/v2\/pages"}],"about":[{"href":"https:\/\/lawgoldberg.com\/es\/wp-json\/wp\/v2\/types\/page"}],"author":[{"embeddable":true,"href":"https:\/\/lawgoldberg.com\/es\/wp-json\/wp\/v2\/users\/3"}],"replies":[{"embeddable":true,"href":"https:\/\/lawgoldberg.com\/es\/wp-json\/wp\/v2\/comments?post=15104"}],"version-history":[{"count":2,"href":"https:\/\/lawgoldberg.com\/es\/wp-json\/wp\/v2\/pages\/15104\/revisions"}],"predecessor-version":[{"id":16765,"href":"https:\/\/lawgoldberg.com\/es\/wp-json\/wp\/v2\/pages\/15104\/revisions\/16765"}],"up":[{"embeddable":true,"href":"https:\/\/lawgoldberg.com\/es\/wp-json\/wp\/v2\/pages\/15100"}],"wp:attachment":[{"href":"https:\/\/lawgoldberg.com\/es\/wp-json\/wp\/v2\/media?parent=15104"}],"curies":[{"name":"wp","href":"https:\/\/api.w.org\/{rel}","templated":true}]}}