{"id":15102,"date":"2021-01-06T04:53:48","date_gmt":"2021-01-06T04:53:48","guid":{"rendered":"https:\/\/lawgoldberg.com\/practice-areas\/inmigracion\/dream-act\/"},"modified":"2022-12-22T14:03:24","modified_gmt":"2022-12-22T14:03:24","slug":"ley-dream","status":"publish","type":"page","link":"https:\/\/lawgoldberg.com\/es\/practice-areas\/inmigracion\/ley-dream\/","title":{"rendered":"Ley DREAM"},"content":{"rendered":"<div id=\"cmsmasters_row_z2lr7q73\" class=\"cmsmasters_row cmsmasters_color_scheme_default pra_area_pages cmsmasters_row_top_default cmsmasters_row_bot_default cmsmasters_row_boxed\">\n<div class=\"cmsmasters_row_outer_parent\">\n<div class=\"cmsmasters_row_outer\">\n<div class=\"cmsmasters_row_inner\">\n<div class=\"cmsmasters_row_margin\">\n<div id=\"cmsmasters_column_z20mx3jt98\" class=\"cmsmasters_column one_first\" data-animation=\"fadeInDown\" data-delay=\"0\">\n<div class=\"cmsmasters_column_inner\"><div id=\"cmsmasters_fb_lq6x6izti\" class=\"cmsmasters_featured_block img-with-text\">\n<div class=\"featured_block_inner\">\n<div class=\"featured_block_text\">\n<h2><strong>So\u00f1ador \u00abAcci\u00f3n Diferida\u00bb<\/strong><\/h2>\n<p><img loading=\"lazy\" decoding=\"async\" class=\"alignnone size-full wp-image-14910\" src=\"http:\/\/lawgoldberg.com\/wp-content\/uploads\/2021\/01\/dream-act.jpg\" alt=\"\" width=\"296\" height=\"208\" \/>El 7 de diciembre de 2020, USCIS anunci\u00f3 que ahora aceptar\u00e1 NUEVOS solicitantes de Acci\u00f3n Diferida. \u00a1Esta es una NOTICIA MUY EMOCIONANTE!<\/p>\n<p>A continuaci\u00f3n se muestra un poco de historia sobre el programa DACA. \u00a1Despu\u00e9s de leer a continuaci\u00f3n, si\u00e9ntase motivado para avanzar r\u00e1pidamente y asegurarse de estar cubierto bajo esta ventana de oportunidad para solicitar DACA HOY!<\/p>\n<p>\u00a1El 17 de julio de 2020, un juez de distrito en Maryland dictamin\u00f3 que los Servicios de Ciudadan\u00eda e Inmigraci\u00f3n de los Estados Unidos (USCIS) deben aceptar solicitudes de NUEVOS solicitantes de DACA!<\/p>\n<p>El 5 de septiembre de 2017, el presidente Trump declar\u00f3 que pondr\u00e1 fin al programa de \u00abAcci\u00f3n diferida\u00bb. La Acci\u00f3n Diferida, tambi\u00e9n conocida como DACA, fue una pol\u00edtica ejecutiva anunciada por el presidente Obama el 15 de junio de 2012.<\/p>\n<p>Anteriormente, solo las personas a las que ya se les hab\u00eda otorgado DACA pod\u00edan solicitar una renovaci\u00f3n de su estatus migratorio. Ahora, se aceptar\u00e1n nuevos solicitantes de DACA.<\/p>\n<p>Este programa a\u00fan est\u00e1 bajo litigio. La Corte Suprema de los EE. UU. escuch\u00f3 los argumentos sobre DACA, pero no ha emitido una decisi\u00f3n en este momento.<\/p>\n<p>La pol\u00edtica de Acci\u00f3n Diferida\/DACA brinda a cierta categor\u00eda de j\u00f3venes la capacidad de obtener documentos de inmigraci\u00f3n.<\/p>\n<p>M\u00e1s de 800.000 j\u00f3venes que ingresaron a los Estados Unidos a una edad temprana desde entonces se han beneficiado de la Acci\u00f3n Diferida y han recibido un permiso de trabajo o EAD (\u00abTarjeta de autorizaci\u00f3n de empleo\u00bb).<\/p>\n<p>La Acci\u00f3n Diferida tiene como objetivo ayudar a los j\u00f3venes que se habr\u00edan beneficiado de la \u00abLey del Sue\u00f1o\u00bb propuesta anteriormente. Esa legislaci\u00f3n nunca fue aprobada. La Acci\u00f3n Diferida es una pol\u00edtica que ayuda a los \u00abSo\u00f1adores\u00bb: personas que crecieron en los Estados Unidos pero que actualmente no tienen un estatus migratorio legal. La acci\u00f3n diferida se implement\u00f3 el\u00a0<strong>15 de agosto de 2012<\/strong>.<\/p>\n<p><strong>Para calificar para la \u00abAcci\u00f3n Diferida\u00bb, el solicitante debe cumplir con los siguientes requisitos:<\/strong><\/p>\n<p><em>1. Era menor de 31 a\u00f1os al 15 de junio de 2012;<br \/>\n2. Lleg\u00f3 a los EE. UU. antes de cumplir los 16 a\u00f1os;<br \/>\n3. Ha residido continuamente en los EE. UU. desde el 15 de junio de 2007 hasta el presente;<br \/>\n4. Estuvo f\u00edsicamente presente en los EE. UU. el 15 de junio de 2012 y en el momento de presentar la solicitud a USCIS;<br \/>\n5. Ingres\u00f3 sin inspecci\u00f3n antes del 15 de junio de 2012 o su estatus migratorio legal expir\u00f3 el 15 de junio de 2012;<br \/>\n6. Est\u00e1 actualmente en la escuela, se gradu\u00f3 u obtuvo un certificado de finalizaci\u00f3n de la escuela secundaria, obtuvo un GED o es un veterano retirado con honores de la Guardia Costera de los EE. UU. o las Fuerzas Armadas de los EE. UU. y<br \/>\n7. No ha sido condenado por un delito grave, un \u00abdelito menor significativo\u00bb, tres o m\u00e1s delitos menores, o no representa una amenaza para la seguridad nacional o la seguridad p\u00fablica.<\/em><\/p>\n<p><strong>Tenga en cuenta antes de aplicar<\/strong><\/p>\n<p>Antes de solicitar la Acci\u00f3n Diferida o CUALQUIER beneficio de inmigraci\u00f3n, es muy importante obtener la orientaci\u00f3n adecuada de alguien que tenga conocimientos y experiencia en las leyes de inmigraci\u00f3n de los EE. UU. Las personas con condenas penales, ya sean grandes o peque\u00f1as, deben\u00a0<a href=\"http:\/\/www.studentimmigrationlawyer.com\/contact-us.html\">Hablar con una abogada de inmigraci\u00f3n\u00a0<\/a>antes de solicitar la Acci\u00f3n Diferida.<\/p>\n<p>Estamos aqu\u00ed para ayudarlo a tomar la decisi\u00f3n correcta para usted y su situaci\u00f3n.<\/p>\n<p><a href=\"mailto:sara@lawgoldberg.com\"><strong>CORREO ELECTR\u00d3NICO Abogado de Inmigraci\u00f3n Estudiantil <\/strong><\/a><strong>\u00a0<\/strong><\/p>\n<p>O ll\u00e1menos para una <strong>Consulta telef\u00f3nica GRATUITA de DACA<\/strong><br \/>\n\u200ben <a href=\"tel:7139420600\">713-942-0600<\/a><\/p>\n<p>(Cont\u00e1ctenos para una consulta telef\u00f3nica GRATUITA de 10 minutos<br \/>\n***PARA CONSULTAS SOBRE DACA \u00daNICAMENTE***)<\/p>\n\n<\/div>\n<\/div>\n<\/div>\n<\/div><\/div>\n<\/div>\n<\/div>\n<\/div>\n<\/div>\n<\/div>\n<div id=\"cmsmasters_row_enf3l28gh\" class=\"cmsmasters_row cmsmasters_color_scheme_default cmsmasters_row_top_default cmsmasters_row_bot_default cmsmasters_row_boxed\">\n<div class=\"cmsmasters_row_outer_parent\">\n<div class=\"cmsmasters_row_outer\">\n<div class=\"cmsmasters_row_inner\">\n<div class=\"cmsmasters_row_margin\">\n<div id=\"cmsmasters_column_303sq37l4t\" class=\"cmsmasters_column one_first\">\n<div class=\"cmsmasters_column_inner\">\n<div id=\"cmsmasters_divider_78ammj0an4\" class=\"cmsmasters_divider cmsmasters_divider_width_long cmsmasters_divider_pos_center\"><\/div>\n<\/div><\/div>\n<\/div>\n<\/div>\n<\/div>\n<\/div>\n<\/div>\n<div id=\"cmsmasters_row_yvq9sfltel\" class=\"cmsmasters_row cmsmasters_color_scheme_default cmsmasters_row_top_default cmsmasters_row_bot_default cmsmasters_row_boxed\">\n<div class=\"cmsmasters_row_outer_parent\">\n<div class=\"cmsmasters_row_outer\">\n<div class=\"cmsmasters_row_inner\">\n<div class=\"cmsmasters_row_margin\">\n<div id=\"cmsmasters_column_f721314c47\" class=\"cmsmasters_column one_first\">\n<div class=\"cmsmasters_column_inner\"><div id=\"cmsmasters_heading_888mmyf3ab\" class=\"cmsmasters_heading_wrap cmsmasters_heading_align_center\">\n\t<h3 class=\"cmsmasters_heading\">Sign Up for The Goldberg Globe<\/h3>\n<\/div>\n<div class=\"cmsmasters_sidebar sidebar_layout_11 subscriber-form\"><div class=\"cl\"><\/div>\n<\/div>\n<\/div><\/div>\n<\/div>\n<\/div>\n<\/div>\n<\/div>\n<\/div>\n\n","protected":false},"excerpt":{"rendered":"","protected":false},"author":3,"featured_media":0,"parent":15100,"menu_order":0,"comment_status":"closed","ping_status":"closed","template":"","meta":{"_acf_changed":false,"footnotes":""},"class_list":["post-15102","page","type-page","status-publish","hentry"],"acf":[],"yoast_head":"<!-- This site is optimized with the Yoast SEO plugin v26.5 - https:\/\/yoast.com\/wordpress\/plugins\/seo\/ -->\n<title>DREAM Act &amp; Immigration Law in Houston - Goldberg Law Office<\/title>\n<meta name=\"description\" content=\"Learn more about the Dreamer &quot;Deferred Action&quot; program and how we can help. Call the Goldberg Law Office for a free 10 minute DACA phone consultation today.\" \/>\n<meta name=\"robots\" content=\"index, follow, max-snippet:-1, max-image-preview:large, max-video-preview:-1\" \/>\n<link rel=\"canonical\" href=\"https:\/\/lawgoldberg.com\/es\/practice-areas\/inmigracion\/ley-dream\/\" \/>\n<meta property=\"og:locale\" content=\"es_ES\" \/>\n<meta property=\"og:type\" content=\"article\" \/>\n<meta property=\"og:title\" content=\"DREAM Act &amp; Immigration Law in Houston - Goldberg Law Office\" \/>\n<meta property=\"og:description\" content=\"Learn more about the Dreamer &quot;Deferred Action&quot; program and how we can help. Call the Goldberg Law Office for a free 10 minute DACA phone consultation today.\" \/>\n<meta property=\"og:url\" content=\"https:\/\/lawgoldberg.com\/es\/practice-areas\/inmigracion\/ley-dream\/\" \/>\n<meta property=\"og:site_name\" content=\"The Goldberg Law Office PLLC\" \/>\n<meta property=\"article:modified_time\" content=\"2022-12-22T14:03:24+00:00\" \/>\n<meta property=\"og:image\" content=\"http:\/\/lawgoldberg.com\/wp-content\/uploads\/2021\/01\/dream-act.jpg\" \/>\n<meta name=\"twitter:card\" content=\"summary_large_image\" \/>\n<meta name=\"twitter:label1\" content=\"Tiempo de lectura\" \/>\n\t<meta name=\"twitter:data1\" content=\"4 minutos\" \/>\n<script type=\"application\/ld+json\" class=\"yoast-schema-graph\">{\"@context\":\"https:\/\/schema.org\",\"@graph\":[{\"@type\":\"WebPage\",\"@id\":\"https:\/\/lawgoldberg.com\/es\/practice-areas\/inmigracion\/ley-dream\/\",\"url\":\"https:\/\/lawgoldberg.com\/es\/practice-areas\/inmigracion\/ley-dream\/\",\"name\":\"DREAM Act & Immigration Law in Houston - Goldberg Law Office\",\"isPartOf\":{\"@id\":\"https:\/\/lawgoldberg.com\/#website\"},\"primaryImageOfPage\":{\"@id\":\"https:\/\/lawgoldberg.com\/es\/practice-areas\/inmigracion\/ley-dream\/#primaryimage\"},\"image\":{\"@id\":\"https:\/\/lawgoldberg.com\/es\/practice-areas\/inmigracion\/ley-dream\/#primaryimage\"},\"thumbnailUrl\":\"http:\/\/lawgoldberg.com\/wp-content\/uploads\/2021\/01\/dream-act.jpg\",\"datePublished\":\"2021-01-06T04:53:48+00:00\",\"dateModified\":\"2022-12-22T14:03:24+00:00\",\"description\":\"Learn more about the Dreamer \\\"Deferred Action\\\" program and how we can help. Call the Goldberg Law Office for a free 10 minute DACA phone consultation today.\",\"breadcrumb\":{\"@id\":\"https:\/\/lawgoldberg.com\/es\/practice-areas\/inmigracion\/ley-dream\/#breadcrumb\"},\"inLanguage\":\"es\",\"potentialAction\":[{\"@type\":\"ReadAction\",\"target\":[\"https:\/\/lawgoldberg.com\/es\/practice-areas\/inmigracion\/ley-dream\/\"]}]},{\"@type\":\"ImageObject\",\"inLanguage\":\"es\",\"@id\":\"https:\/\/lawgoldberg.com\/es\/practice-areas\/inmigracion\/ley-dream\/#primaryimage\",\"url\":\"http:\/\/lawgoldberg.com\/wp-content\/uploads\/2021\/01\/dream-act.jpg\",\"contentUrl\":\"http:\/\/lawgoldberg.com\/wp-content\/uploads\/2021\/01\/dream-act.jpg\"},{\"@type\":\"BreadcrumbList\",\"@id\":\"https:\/\/lawgoldberg.com\/es\/practice-areas\/inmigracion\/ley-dream\/#breadcrumb\",\"itemListElement\":[{\"@type\":\"ListItem\",\"position\":1,\"name\":\"Home\",\"item\":\"https:\/\/lawgoldberg.com\/es\/\"},{\"@type\":\"ListItem\",\"position\":2,\"name\":\"Practice Areas\",\"item\":\"https:\/\/lawgoldberg.com\/es\/practice-areas\/\"},{\"@type\":\"ListItem\",\"position\":3,\"name\":\"Inmigraci\u00f3n\",\"item\":\"https:\/\/lawgoldberg.com\/es\/practice-areas\/inmigracion\/\"},{\"@type\":\"ListItem\",\"position\":4,\"name\":\"Ley DREAM\"}]},{\"@type\":\"WebSite\",\"@id\":\"https:\/\/lawgoldberg.com\/#website\",\"url\":\"https:\/\/lawgoldberg.com\/\",\"name\":\"The Goldberg Law Office PLLC\",\"description\":\"Justice you shall pursue Justice\",\"potentialAction\":[{\"@type\":\"SearchAction\",\"target\":{\"@type\":\"EntryPoint\",\"urlTemplate\":\"https:\/\/lawgoldberg.com\/?s={search_term_string}\"},\"query-input\":{\"@type\":\"PropertyValueSpecification\",\"valueRequired\":true,\"valueName\":\"search_term_string\"}}],\"inLanguage\":\"es\"}]}<\/script>\n<!-- \/ Yoast SEO plugin. -->","yoast_head_json":{"title":"DREAM Act & Immigration Law in Houston - Goldberg Law Office","description":"Learn more about the Dreamer \"Deferred Action\" program and how we can help. Call the Goldberg Law Office for a free 10 minute DACA phone consultation today.","robots":{"index":"index","follow":"follow","max-snippet":"max-snippet:-1","max-image-preview":"max-image-preview:large","max-video-preview":"max-video-preview:-1"},"canonical":"https:\/\/lawgoldberg.com\/es\/practice-areas\/inmigracion\/ley-dream\/","og_locale":"es_ES","og_type":"article","og_title":"DREAM Act & Immigration Law in Houston - Goldberg Law Office","og_description":"Learn more about the Dreamer \"Deferred Action\" program and how we can help. Call the Goldberg Law Office for a free 10 minute DACA phone consultation today.","og_url":"https:\/\/lawgoldberg.com\/es\/practice-areas\/inmigracion\/ley-dream\/","og_site_name":"The Goldberg Law Office PLLC","article_modified_time":"2022-12-22T14:03:24+00:00","og_image":[{"url":"http:\/\/lawgoldberg.com\/wp-content\/uploads\/2021\/01\/dream-act.jpg","type":"","width":"","height":""}],"twitter_card":"summary_large_image","twitter_misc":{"Tiempo de lectura":"4 minutos"},"schema":{"@context":"https:\/\/schema.org","@graph":[{"@type":"WebPage","@id":"https:\/\/lawgoldberg.com\/es\/practice-areas\/inmigracion\/ley-dream\/","url":"https:\/\/lawgoldberg.com\/es\/practice-areas\/inmigracion\/ley-dream\/","name":"DREAM Act & Immigration Law in Houston - Goldberg Law Office","isPartOf":{"@id":"https:\/\/lawgoldberg.com\/#website"},"primaryImageOfPage":{"@id":"https:\/\/lawgoldberg.com\/es\/practice-areas\/inmigracion\/ley-dream\/#primaryimage"},"image":{"@id":"https:\/\/lawgoldberg.com\/es\/practice-areas\/inmigracion\/ley-dream\/#primaryimage"},"thumbnailUrl":"http:\/\/lawgoldberg.com\/wp-content\/uploads\/2021\/01\/dream-act.jpg","datePublished":"2021-01-06T04:53:48+00:00","dateModified":"2022-12-22T14:03:24+00:00","description":"Learn more about the Dreamer \"Deferred Action\" program and how we can help. Call the Goldberg Law Office for a free 10 minute DACA phone consultation today.","breadcrumb":{"@id":"https:\/\/lawgoldberg.com\/es\/practice-areas\/inmigracion\/ley-dream\/#breadcrumb"},"inLanguage":"es","potentialAction":[{"@type":"ReadAction","target":["https:\/\/lawgoldberg.com\/es\/practice-areas\/inmigracion\/ley-dream\/"]}]},{"@type":"ImageObject","inLanguage":"es","@id":"https:\/\/lawgoldberg.com\/es\/practice-areas\/inmigracion\/ley-dream\/#primaryimage","url":"http:\/\/lawgoldberg.com\/wp-content\/uploads\/2021\/01\/dream-act.jpg","contentUrl":"http:\/\/lawgoldberg.com\/wp-content\/uploads\/2021\/01\/dream-act.jpg"},{"@type":"BreadcrumbList","@id":"https:\/\/lawgoldberg.com\/es\/practice-areas\/inmigracion\/ley-dream\/#breadcrumb","itemListElement":[{"@type":"ListItem","position":1,"name":"Home","item":"https:\/\/lawgoldberg.com\/es\/"},{"@type":"ListItem","position":2,"name":"Practice Areas","item":"https:\/\/lawgoldberg.com\/es\/practice-areas\/"},{"@type":"ListItem","position":3,"name":"Inmigraci\u00f3n","item":"https:\/\/lawgoldberg.com\/es\/practice-areas\/inmigracion\/"},{"@type":"ListItem","position":4,"name":"Ley DREAM"}]},{"@type":"WebSite","@id":"https:\/\/lawgoldberg.com\/#website","url":"https:\/\/lawgoldberg.com\/","name":"The Goldberg Law Office PLLC","description":"Justice you shall pursue Justice","potentialAction":[{"@type":"SearchAction","target":{"@type":"EntryPoint","urlTemplate":"https:\/\/lawgoldberg.com\/?s={search_term_string}"},"query-input":{"@type":"PropertyValueSpecification","valueRequired":true,"valueName":"search_term_string"}}],"inLanguage":"es"}]}},"_links":{"self":[{"href":"https:\/\/lawgoldberg.com\/es\/wp-json\/wp\/v2\/pages\/15102","targetHints":{"allow":["GET"]}}],"collection":[{"href":"https:\/\/lawgoldberg.com\/es\/wp-json\/wp\/v2\/pages"}],"about":[{"href":"https:\/\/lawgoldberg.com\/es\/wp-json\/wp\/v2\/types\/page"}],"author":[{"embeddable":true,"href":"https:\/\/lawgoldberg.com\/es\/wp-json\/wp\/v2\/users\/3"}],"replies":[{"embeddable":true,"href":"https:\/\/lawgoldberg.com\/es\/wp-json\/wp\/v2\/comments?post=15102"}],"version-history":[{"count":3,"href":"https:\/\/lawgoldberg.com\/es\/wp-json\/wp\/v2\/pages\/15102\/revisions"}],"predecessor-version":[{"id":16769,"href":"https:\/\/lawgoldberg.com\/es\/wp-json\/wp\/v2\/pages\/15102\/revisions\/16769"}],"up":[{"embeddable":true,"href":"https:\/\/lawgoldberg.com\/es\/wp-json\/wp\/v2\/pages\/15100"}],"wp:attachment":[{"href":"https:\/\/lawgoldberg.com\/es\/wp-json\/wp\/v2\/media?parent=15102"}],"curies":[{"name":"wp","href":"https:\/\/api.w.org\/{rel}","templated":true}]}}