{"id":15100,"date":"2020-10-06T06:49:06","date_gmt":"2020-10-06T06:49:06","guid":{"rendered":"https:\/\/lawgoldberg.com\/practice-areas\/immigration\/"},"modified":"2022-12-23T05:51:27","modified_gmt":"2022-12-23T05:51:27","slug":"inmigracion","status":"publish","type":"page","link":"https:\/\/lawgoldberg.com\/es\/practice-areas\/inmigracion\/","title":{"rendered":"Inmigraci\u00f3n"},"content":{"rendered":"<div id=\"cmsmasters_row_rwnom4h5uo\" class=\"cmsmasters_row cmsmasters_color_scheme_default home_feature_box cmsmasters_row_top_default cmsmasters_row_bot_default cmsmasters_row_boxed\">\n<div class=\"cmsmasters_row_outer_parent\">\n<div class=\"cmsmasters_row_outer\">\n<div class=\"cmsmasters_row_inner\">\n<div class=\"cmsmasters_row_margin\">\n<div id=\"cmsmasters_column_005cf6fe5f\" class=\"cmsmasters_column one_third\">\n<div class=\"cmsmasters_column_inner\"><div id=\"cmsmasters_fb_7myo6d5fby\" class=\"cmsmasters_featured_block\">\n<a href=\"http:\/\/lawgoldberg.com\/practice-areas\/litigation\/contract-commercial-litigation\/\" class=\"featured_block_link\"><\/a><div class=\"featured_block_inner\">\n<div class=\"featured_block_text\">\n<h3>Residencia y Ciudadan\u00eda<\/h3>\n<p class=\"headline_aligner\">Vamos a ayudarlo a encontrar el mejor camino para obtener una \u00abTarjeta Verde\u00bb o residencia permanente y eventualmente la ciudadan\u00eda estadounidense.<\/p>\n<div id=\"cmsmasters_button_7myo6d5fby\" class=\"button_wrap\"><a href=\"https:\/\/lawgoldberg.com\/es\/practice-areas\/inmigracion\/residencia-y-ciudadania\/\" class=\"cmsmasters_button\"><span>Aprende m\u00e1s<\/span><\/a><\/div>\n\n<\/div>\n<\/div>\n<\/div>\n<\/div><\/div>\n<div id=\"cmsmasters_column_e925aa937e\" class=\"cmsmasters_column one_third\">\n<div class=\"cmsmasters_column_inner\"><div id=\"cmsmasters_fb_4w0zd5vv9e\" class=\"cmsmasters_featured_block\">\n<a href=\"http:\/\/lawgoldberg.com\/practice-areas\/litigation\/property-law\/\" class=\"featured_block_link\"><\/a><div class=\"featured_block_inner\">\n<div class=\"featured_block_text\">\n<h3 class=\"entry-title\">Visas de No inmigrante<\/h3>\n<p>Ayudamos a los clientes a obtener visas de inmigrantes y no inmigrantes, y discutimos con los clientes qu\u00e9 opci\u00f3n funcionar\u00eda mejor para su situaci\u00f3n particular.<\/p>\n<div id=\"cmsmasters_button_4w0zd5vv9e\" class=\"button_wrap\"><a href=\"https:\/\/lawgoldberg.com\/es\/practice-areas\/inmigracion\/visas-de-no-inmigrante\/\" class=\"cmsmasters_button\"><span>Aprende m\u00e1s<\/span><\/a><\/div>\n\n<\/div>\n<\/div>\n<\/div>\n<\/div><\/div>\n<div id=\"cmsmasters_column_ffbb007dca\" class=\"cmsmasters_column one_third\">\n<div class=\"cmsmasters_column_inner\"><div id=\"cmsmasters_fb_w0rlt7bt9m\" class=\"cmsmasters_featured_block\">\n<a href=\"http:\/\/lawgoldberg.com\/practice-areas\/litigation\/property-damage-insurance-claims\/\" class=\"featured_block_link\"><\/a><div class=\"featured_block_inner\">\n<div class=\"featured_block_text\">\n<h3 class=\"entry-title\">Inmigraci\u00f3n de Estudiantes<\/h3>\n<p>Los estudiantes internacionales pueden tener situaciones de inmigraci\u00f3n complicadas. Tenemos conocimiento y experiencia en satisfacer las necesidades de los estudiantes.<\/p>\n<div id=\"cmsmasters_button_w0rlt7bt9m\" class=\"button_wrap\"><a href=\"https:\/\/lawgoldberg.com\/es\/practice-areas\/inmigracion\/inmigracion-de-estudiantes\/\" class=\"cmsmasters_button\"><span>Aprende m\u00e1s<\/span><\/a><\/div>\n\n<\/div>\n<\/div>\n<\/div>\n<\/div><\/div>\n<\/div>\n<\/div>\n<\/div>\n<\/div>\n<\/div>\n<div id=\"cmsmasters_row_sw8rv54fsj\" class=\"cmsmasters_row cmsmasters_color_scheme_default home_feature_box cmsmasters_row_top_default cmsmasters_row_bot_default cmsmasters_row_boxed\">\n<div class=\"cmsmasters_row_outer_parent\">\n<div class=\"cmsmasters_row_outer\">\n<div class=\"cmsmasters_row_inner\">\n<div class=\"cmsmasters_row_margin\">\n<div id=\"cmsmasters_column_1gyu67xwr\" class=\"cmsmasters_column one_third\">\n<div class=\"cmsmasters_column_inner\"><div id=\"cmsmasters_fb_vdq7n42d08\" class=\"cmsmasters_featured_block\">\n<a href=\"http:\/\/lawgoldberg.com\/practice-areas\/litigation\/contract-commercial-litigation\/\" class=\"featured_block_link\"><\/a><div class=\"featured_block_inner\">\n<div class=\"featured_block_text\">\n<h3 class=\"entry-title\">Ley de SUE\u00d1O<\/h3>\n<p>Ofrecemos consultas gratuitas para los solicitantes de Acci\u00f3n Diferida\/DACA que pueden beneficiarse de un programa destinado a ayudar a los j\u00f3venes inmigrantes.<\/p>\n<div id=\"cmsmasters_button_vdq7n42d08\" class=\"button_wrap\"><a href=\"https:\/\/lawgoldberg.com\/es\/practice-areas\/inmigracion\/ley-dream\/\" class=\"cmsmasters_button\"><span>Aprende m\u00e1s<\/span><\/a><\/div>\n\n<\/div>\n<\/div>\n<\/div>\n<\/div><\/div>\n<div id=\"cmsmasters_column_906ziyqtzp\" class=\"cmsmasters_column one_third\">\n<div class=\"cmsmasters_column_inner\"><div id=\"cmsmasters_fb_8kbii3i7vi\" class=\"cmsmasters_featured_block\">\n<a href=\"http:\/\/lawgoldberg.com\/practice-areas\/litigation\/property-law\/\" class=\"featured_block_link\"><\/a><div class=\"featured_block_inner\">\n<div class=\"featured_block_text\">\n<h3 class=\"entry-title\">Defensa de deportaci\u00f3n<\/h3>\n<p>La idea de los procedimientos de deportaci\u00f3n o remoci\u00f3n puede ser abrumadora. Imagine una persona que tiene que defender su derecho a permanecer en los Estados Unidos.<\/p>\n<div id=\"cmsmasters_button_8kbii3i7vi\" class=\"button_wrap\"><a href=\"https:\/\/lawgoldberg.com\/es\/practice-areas\/inmigracion\/defensa-de-deportacion\/\" class=\"cmsmasters_button\"><span>Aprende m\u00e1s<\/span><\/a><\/div>\n\n<\/div>\n<\/div>\n<\/div>\n<\/div><\/div>\n<div id=\"cmsmasters_column_f44d1gl6ip\" class=\"cmsmasters_column one_third\">\n<div class=\"cmsmasters_column_inner\"><div id=\"cmsmasters_fb_aubru9dndm\" class=\"cmsmasters_featured_block\">\n<a href=\"http:\/\/lawgoldberg.com\/practice-areas\/litigation\/property-law\/\" class=\"featured_block_link\"><\/a><div class=\"featured_block_inner\">\n<div class=\"featured_block_text\">\n<h3 class=\"entry-title\">Visas de Negocios<\/h3>\n<p>Muchas personas pasan por un viaje completo de visa a trav\u00e9s de la inmigraci\u00f3n comercial para obtener la residencia permanente de los EE. UU. y la eventual ciudadan\u00eda.<\/p>\n<div id=\"cmsmasters_button_aubru9dndm\" class=\"button_wrap\"><a href=\"https:\/\/lawgoldberg.com\/es\/practice-areas\/inmigracion\/visas-de-negocios\/\" class=\"cmsmasters_button\"><span>Aprende m\u00e1s<\/span><\/a><\/div>\n\n<\/div>\n<\/div>\n<\/div>\n<\/div><\/div>\n<\/div>\n<\/div>\n<\/div>\n<\/div>\n<\/div>\n<div id=\"cmsmasters_row_ogs1dnx9pw\" class=\"cmsmasters_row cmsmasters_color_scheme_default cmsmasters_row_top_default cmsmasters_row_bot_default cmsmasters_row_boxed\">\n<div class=\"cmsmasters_row_outer_parent\">\n<div class=\"cmsmasters_row_outer\">\n<div class=\"cmsmasters_row_inner\">\n<div class=\"cmsmasters_row_margin\">\n<div id=\"cmsmasters_column_f721314c47\" class=\"cmsmasters_column one_first\">\n<div class=\"cmsmasters_column_inner\">\n<div id=\"cmsmasters_divider_wl2vmjdyh\" class=\"cmsmasters_divider cmsmasters_divider_width_long cmsmasters_divider_pos_center\"><\/div>\n<div id=\"cmsmasters_heading_6z3vugjvzh\" class=\"cmsmasters_heading_wrap cmsmasters_heading_align_center\">\n\t<h3 class=\"cmsmasters_heading\">Sign Up for The Goldberg Globe<\/h3>\n<\/div>\n<div class=\"cmsmasters_sidebar sidebar_layout_11 subscriber-form\"><div class=\"cl\"><\/div>\n<\/div>\n<\/div><\/div>\n<div id=\"cmsmasters_column_l8o80bw4n\" class=\"cmsmasters_column one_first\">\n<div class=\"cmsmasters_column_inner\"><\/div><\/div>\n<\/div>\n<\/div>\n<\/div>\n<\/div>\n<\/div>\n\n","protected":false},"excerpt":{"rendered":"","protected":false},"author":3,"featured_media":0,"parent":15087,"menu_order":0,"comment_status":"closed","ping_status":"closed","template":"","meta":{"_acf_changed":false,"footnotes":""},"class_list":["post-15100","page","type-page","status-publish","hentry"],"acf":[],"yoast_head":"<!-- This site is optimized with the Yoast SEO plugin v26.5 - https:\/\/yoast.com\/wordpress\/plugins\/seo\/ -->\n<title>Houston Immigration Attorneys &amp; Law - Goldberg Law Office<\/title>\n<meta name=\"description\" content=\"We specialize in residency, citizenship, non-immigrant visas, student immigrations, deportation defense, business visas &amp; more. Contact the Goldberg Law Office.\" \/>\n<meta name=\"robots\" content=\"index, follow, max-snippet:-1, max-image-preview:large, max-video-preview:-1\" \/>\n<link rel=\"canonical\" href=\"https:\/\/lawgoldberg.com\/es\/practice-areas\/inmigracion\/\" \/>\n<meta property=\"og:locale\" content=\"es_ES\" \/>\n<meta property=\"og:type\" content=\"article\" \/>\n<meta property=\"og:title\" content=\"Houston Immigration Attorneys &amp; Law - Goldberg Law Office\" \/>\n<meta property=\"og:description\" content=\"We specialize in residency, citizenship, non-immigrant visas, student immigrations, deportation defense, business visas &amp; more. Contact the Goldberg Law Office.\" \/>\n<meta property=\"og:url\" content=\"https:\/\/lawgoldberg.com\/es\/practice-areas\/inmigracion\/\" \/>\n<meta property=\"og:site_name\" content=\"The Goldberg Law Office PLLC\" \/>\n<meta property=\"article:modified_time\" content=\"2022-12-23T05:51:27+00:00\" \/>\n<meta name=\"twitter:card\" content=\"summary_large_image\" \/>\n<meta name=\"twitter:label1\" content=\"Tiempo de lectura\" \/>\n\t<meta name=\"twitter:data1\" content=\"2 minutos\" \/>\n<script type=\"application\/ld+json\" class=\"yoast-schema-graph\">{\"@context\":\"https:\/\/schema.org\",\"@graph\":[{\"@type\":\"WebPage\",\"@id\":\"https:\/\/lawgoldberg.com\/es\/practice-areas\/inmigracion\/\",\"url\":\"https:\/\/lawgoldberg.com\/es\/practice-areas\/inmigracion\/\",\"name\":\"Houston Immigration Attorneys & Law - Goldberg Law Office\",\"isPartOf\":{\"@id\":\"https:\/\/lawgoldberg.com\/#website\"},\"datePublished\":\"2020-10-06T06:49:06+00:00\",\"dateModified\":\"2022-12-23T05:51:27+00:00\",\"description\":\"We specialize in residency, citizenship, non-immigrant visas, student immigrations, deportation defense, business visas & more. Contact the Goldberg Law Office.\",\"breadcrumb\":{\"@id\":\"https:\/\/lawgoldberg.com\/es\/practice-areas\/inmigracion\/#breadcrumb\"},\"inLanguage\":\"es\",\"potentialAction\":[{\"@type\":\"ReadAction\",\"target\":[\"https:\/\/lawgoldberg.com\/es\/practice-areas\/inmigracion\/\"]}]},{\"@type\":\"BreadcrumbList\",\"@id\":\"https:\/\/lawgoldberg.com\/es\/practice-areas\/inmigracion\/#breadcrumb\",\"itemListElement\":[{\"@type\":\"ListItem\",\"position\":1,\"name\":\"Home\",\"item\":\"https:\/\/lawgoldberg.com\/es\/\"},{\"@type\":\"ListItem\",\"position\":2,\"name\":\"Practice Areas\",\"item\":\"https:\/\/lawgoldberg.com\/es\/practice-areas\/\"},{\"@type\":\"ListItem\",\"position\":3,\"name\":\"Inmigraci\u00f3n\"}]},{\"@type\":\"WebSite\",\"@id\":\"https:\/\/lawgoldberg.com\/#website\",\"url\":\"https:\/\/lawgoldberg.com\/\",\"name\":\"The Goldberg Law Office PLLC\",\"description\":\"Justice you shall pursue Justice\",\"potentialAction\":[{\"@type\":\"SearchAction\",\"target\":{\"@type\":\"EntryPoint\",\"urlTemplate\":\"https:\/\/lawgoldberg.com\/?s={search_term_string}\"},\"query-input\":{\"@type\":\"PropertyValueSpecification\",\"valueRequired\":true,\"valueName\":\"search_term_string\"}}],\"inLanguage\":\"es\"}]}<\/script>\n<!-- \/ Yoast SEO plugin. -->","yoast_head_json":{"title":"Houston Immigration Attorneys & Law - Goldberg Law Office","description":"We specialize in residency, citizenship, non-immigrant visas, student immigrations, deportation defense, business visas & more. Contact the Goldberg Law Office.","robots":{"index":"index","follow":"follow","max-snippet":"max-snippet:-1","max-image-preview":"max-image-preview:large","max-video-preview":"max-video-preview:-1"},"canonical":"https:\/\/lawgoldberg.com\/es\/practice-areas\/inmigracion\/","og_locale":"es_ES","og_type":"article","og_title":"Houston Immigration Attorneys & Law - Goldberg Law Office","og_description":"We specialize in residency, citizenship, non-immigrant visas, student immigrations, deportation defense, business visas & more. Contact the Goldberg Law Office.","og_url":"https:\/\/lawgoldberg.com\/es\/practice-areas\/inmigracion\/","og_site_name":"The Goldberg Law Office PLLC","article_modified_time":"2022-12-23T05:51:27+00:00","twitter_card":"summary_large_image","twitter_misc":{"Tiempo de lectura":"2 minutos"},"schema":{"@context":"https:\/\/schema.org","@graph":[{"@type":"WebPage","@id":"https:\/\/lawgoldberg.com\/es\/practice-areas\/inmigracion\/","url":"https:\/\/lawgoldberg.com\/es\/practice-areas\/inmigracion\/","name":"Houston Immigration Attorneys & Law - Goldberg Law Office","isPartOf":{"@id":"https:\/\/lawgoldberg.com\/#website"},"datePublished":"2020-10-06T06:49:06+00:00","dateModified":"2022-12-23T05:51:27+00:00","description":"We specialize in residency, citizenship, non-immigrant visas, student immigrations, deportation defense, business visas & more. Contact the Goldberg Law Office.","breadcrumb":{"@id":"https:\/\/lawgoldberg.com\/es\/practice-areas\/inmigracion\/#breadcrumb"},"inLanguage":"es","potentialAction":[{"@type":"ReadAction","target":["https:\/\/lawgoldberg.com\/es\/practice-areas\/inmigracion\/"]}]},{"@type":"BreadcrumbList","@id":"https:\/\/lawgoldberg.com\/es\/practice-areas\/inmigracion\/#breadcrumb","itemListElement":[{"@type":"ListItem","position":1,"name":"Home","item":"https:\/\/lawgoldberg.com\/es\/"},{"@type":"ListItem","position":2,"name":"Practice Areas","item":"https:\/\/lawgoldberg.com\/es\/practice-areas\/"},{"@type":"ListItem","position":3,"name":"Inmigraci\u00f3n"}]},{"@type":"WebSite","@id":"https:\/\/lawgoldberg.com\/#website","url":"https:\/\/lawgoldberg.com\/","name":"The Goldberg Law Office PLLC","description":"Justice you shall pursue Justice","potentialAction":[{"@type":"SearchAction","target":{"@type":"EntryPoint","urlTemplate":"https:\/\/lawgoldberg.com\/?s={search_term_string}"},"query-input":{"@type":"PropertyValueSpecification","valueRequired":true,"valueName":"search_term_string"}}],"inLanguage":"es"}]}},"_links":{"self":[{"href":"https:\/\/lawgoldberg.com\/es\/wp-json\/wp\/v2\/pages\/15100","targetHints":{"allow":["GET"]}}],"collection":[{"href":"https:\/\/lawgoldberg.com\/es\/wp-json\/wp\/v2\/pages"}],"about":[{"href":"https:\/\/lawgoldberg.com\/es\/wp-json\/wp\/v2\/types\/page"}],"author":[{"embeddable":true,"href":"https:\/\/lawgoldberg.com\/es\/wp-json\/wp\/v2\/users\/3"}],"replies":[{"embeddable":true,"href":"https:\/\/lawgoldberg.com\/es\/wp-json\/wp\/v2\/comments?post=15100"}],"version-history":[{"count":5,"href":"https:\/\/lawgoldberg.com\/es\/wp-json\/wp\/v2\/pages\/15100\/revisions"}],"predecessor-version":[{"id":16775,"href":"https:\/\/lawgoldberg.com\/es\/wp-json\/wp\/v2\/pages\/15100\/revisions\/16775"}],"up":[{"embeddable":true,"href":"https:\/\/lawgoldberg.com\/es\/wp-json\/wp\/v2\/pages\/15087"}],"wp:attachment":[{"href":"https:\/\/lawgoldberg.com\/es\/wp-json\/wp\/v2\/media?parent=15100"}],"curies":[{"name":"wp","href":"https:\/\/api.w.org\/{rel}","templated":true}]}}