{"id":15089,"date":"2021-04-12T11:48:57","date_gmt":"2021-04-12T11:48:57","guid":{"rendered":"https:\/\/lawgoldberg.com\/business-visas\/"},"modified":"2021-04-12T11:50:58","modified_gmt":"2021-04-12T11:50:58","slug":"visas-de-negocios","status":"publish","type":"page","link":"https:\/\/lawgoldberg.com\/es\/practice-areas\/inmigracion\/visas-de-negocios\/","title":{"rendered":"Visas de negocios"},"content":{"rendered":"<div id=\"cmsmasters_row_z2lr7q73\" class=\"cmsmasters_row cmsmasters_color_scheme_default pra_area_pages cmsmasters_row_top_default cmsmasters_row_bot_default cmsmasters_row_boxed\">\n<div class=\"cmsmasters_row_outer_parent\">\n<div class=\"cmsmasters_row_outer\">\n<div class=\"cmsmasters_row_inner\">\n<div class=\"cmsmasters_row_margin\">\n<div id=\"cmsmasters_column_z20mx3jt98\" class=\"cmsmasters_column one_first\" data-animation=\"fadeInDown\" data-delay=\"0\">\n<div class=\"cmsmasters_column_inner\"><div id=\"cmsmasters_fb_lq6x6izti\" class=\"cmsmasters_featured_block\">\n<div class=\"featured_block_inner\">\n<div class=\"featured_block_text\">\n<h2>Visas de negocios<\/h2>\n<p>Muchas personas pasan por un viaje completo de visa a trav\u00e9s de la inmigraci\u00f3n comercial para obtener la residencia permanente en los EE. UU. Y, finalmente, la ciudadan\u00eda.<\/p>\n<p>Muchos estudiantes con visas F-1 buscan una empresa que los patrocine para obtener una visa H-1B. La visa H-1B es una excelente manera para que los empleados conozcan a los empleadores. Si al empleador le gusta mantener al empleado en la empresa, el empleador podr\u00eda patrocinar al titular de la visa H-1B para la residencia permanente.<\/p>\n<p>Ese proceso se conoce como PERM. A trav\u00e9s de PERM, el empleador debe seguir un formato estricto de contrataci\u00f3n. Si no hay un trabajador estadounidense elegible para realizar el trabajo, el empleador presenta los esfuerzos de contrataci\u00f3n al Departamento de Trabajo para su certificaci\u00f3n. Despu\u00e9s de obtener la certificaci\u00f3n laboral, el empleador puede presentar una petici\u00f3n al empleado inmigrante.<\/p>\n<p>Para las personas que no tienen un decreto universitario que los califique para una visa H-1B, otras opciones de visa de negocios a considerar incluyen las visas de comerciante \/ inversionista por tratado E-1 \/ E-2. Los individuos de ciertos pa\u00edses miembros pueden obtener el E-1 \/ E-2 para realizar negocios en los Estados Unidos.<\/p>\n<p>Alternativamente, las personas que tienen sus propios negocios en el extranjero y desean conectarse con un negocio en los EE. UU. Pueden considerar solicitar la visa L-1 Intracompany Transfer.<\/p>\n<p>A veces existen soluciones creativas para ayudar a alguien a lograr sus sue\u00f1os de vivir y trabajar en los Estados Unidos.<\/p>\n<p>Concierte una cita con nosotros hoy mismo para explorar qu\u00e9 opciones se adaptan mejor a su situaci\u00f3n particular de vida.<\/p>\n\n<\/div>\n<\/div>\n<\/div>\n<\/div><\/div>\n<\/div>\n<\/div>\n<\/div>\n<\/div>\n<\/div>\n<div id=\"cmsmasters_row_enf3l28gh\" class=\"cmsmasters_row cmsmasters_color_scheme_default cmsmasters_row_top_default cmsmasters_row_bot_default cmsmasters_row_boxed\">\n<div class=\"cmsmasters_row_outer_parent\">\n<div class=\"cmsmasters_row_outer\">\n<div class=\"cmsmasters_row_inner\">\n<div class=\"cmsmasters_row_margin\">\n<div id=\"cmsmasters_column_303sq37l4t\" class=\"cmsmasters_column one_first\">\n<div class=\"cmsmasters_column_inner\">\n<div id=\"cmsmasters_divider_78ammj0an4\" class=\"cmsmasters_divider cmsmasters_divider_width_long cmsmasters_divider_pos_center\"><\/div>\n<\/div><\/div>\n<\/div>\n<\/div>\n<\/div>\n<\/div>\n<\/div>\n<div id=\"cmsmasters_row_yvq9sfltel\" class=\"cmsmasters_row cmsmasters_color_scheme_default cmsmasters_row_top_default cmsmasters_row_bot_default cmsmasters_row_boxed\">\n<div class=\"cmsmasters_row_outer_parent\">\n<div class=\"cmsmasters_row_outer\">\n<div class=\"cmsmasters_row_inner\">\n<div class=\"cmsmasters_row_margin\">\n<div id=\"cmsmasters_column_f721314c47\" class=\"cmsmasters_column one_first\">\n<div class=\"cmsmasters_column_inner\"><div id=\"cmsmasters_heading_888mmyf3ab\" class=\"cmsmasters_heading_wrap cmsmasters_heading_align_center\">\n\t<h3 class=\"cmsmasters_heading\">Sign Up for The Goldberg Globe<\/h3>\n<\/div><div class=\"cmsmasters_text\">\n<p><\/p>\n<\/div>\n<div class=\"cmsmasters_sidebar sidebar_layout_11 subscriber-form\"><div class=\"cl\"><\/div>\n<\/div>\n<\/div><\/div>\n<\/div>\n<\/div>\n<\/div>\n<\/div>\n<\/div>\n\n","protected":false},"excerpt":{"rendered":"","protected":false},"author":3,"featured_media":0,"parent":15100,"menu_order":0,"comment_status":"closed","ping_status":"closed","template":"","meta":{"_acf_changed":false,"footnotes":""},"class_list":["post-15089","page","type-page","status-publish","hentry"],"acf":[],"yoast_head":"<!-- This site is optimized with the Yoast SEO plugin v26.5 - https:\/\/yoast.com\/wordpress\/plugins\/seo\/ -->\n<title>Business Visas Assistance and Lawyers in Houston, TX<\/title>\n<meta name=\"description\" content=\"At the Goldberg Law Office we offer assistance for business visas. Contact us for an appointment with one of our attorneys to explore what options best fit you.\" \/>\n<meta name=\"robots\" content=\"index, follow, max-snippet:-1, max-image-preview:large, max-video-preview:-1\" \/>\n<link rel=\"canonical\" href=\"https:\/\/lawgoldberg.com\/es\/practice-areas\/inmigracion\/visas-de-negocios\/\" \/>\n<meta property=\"og:locale\" content=\"es_ES\" \/>\n<meta property=\"og:type\" content=\"article\" \/>\n<meta property=\"og:title\" content=\"Business Visas Assistance and Lawyers in Houston, TX\" \/>\n<meta property=\"og:description\" content=\"At the Goldberg Law Office we offer assistance for business visas. Contact us for an appointment with one of our attorneys to explore what options best fit you.\" \/>\n<meta property=\"og:url\" content=\"https:\/\/lawgoldberg.com\/es\/practice-areas\/inmigracion\/visas-de-negocios\/\" \/>\n<meta property=\"og:site_name\" content=\"The Goldberg Law Office PLLC\" \/>\n<meta property=\"article:modified_time\" content=\"2021-04-12T11:50:58+00:00\" \/>\n<meta name=\"twitter:card\" content=\"summary_large_image\" \/>\n<meta name=\"twitter:label1\" content=\"Tiempo de lectura\" \/>\n\t<meta name=\"twitter:data1\" content=\"3 minutos\" \/>\n<script type=\"application\/ld+json\" class=\"yoast-schema-graph\">{\"@context\":\"https:\/\/schema.org\",\"@graph\":[{\"@type\":\"WebPage\",\"@id\":\"https:\/\/lawgoldberg.com\/es\/practice-areas\/inmigracion\/visas-de-negocios\/\",\"url\":\"https:\/\/lawgoldberg.com\/es\/practice-areas\/inmigracion\/visas-de-negocios\/\",\"name\":\"Business Visas Assistance and Lawyers in Houston, TX\",\"isPartOf\":{\"@id\":\"https:\/\/lawgoldberg.com\/#website\"},\"datePublished\":\"2021-04-12T11:48:57+00:00\",\"dateModified\":\"2021-04-12T11:50:58+00:00\",\"description\":\"At the Goldberg Law Office we offer assistance for business visas. Contact us for an appointment with one of our attorneys to explore what options best fit you.\",\"breadcrumb\":{\"@id\":\"https:\/\/lawgoldberg.com\/es\/practice-areas\/inmigracion\/visas-de-negocios\/#breadcrumb\"},\"inLanguage\":\"es\",\"potentialAction\":[{\"@type\":\"ReadAction\",\"target\":[\"https:\/\/lawgoldberg.com\/es\/practice-areas\/inmigracion\/visas-de-negocios\/\"]}]},{\"@type\":\"BreadcrumbList\",\"@id\":\"https:\/\/lawgoldberg.com\/es\/practice-areas\/inmigracion\/visas-de-negocios\/#breadcrumb\",\"itemListElement\":[{\"@type\":\"ListItem\",\"position\":1,\"name\":\"Home\",\"item\":\"https:\/\/lawgoldberg.com\/es\/\"},{\"@type\":\"ListItem\",\"position\":2,\"name\":\"Practice Areas\",\"item\":\"https:\/\/lawgoldberg.com\/es\/practice-areas\/\"},{\"@type\":\"ListItem\",\"position\":3,\"name\":\"Inmigraci\u00f3n\",\"item\":\"https:\/\/lawgoldberg.com\/es\/practice-areas\/inmigracion\/\"},{\"@type\":\"ListItem\",\"position\":4,\"name\":\"Visas de negocios\"}]},{\"@type\":\"WebSite\",\"@id\":\"https:\/\/lawgoldberg.com\/#website\",\"url\":\"https:\/\/lawgoldberg.com\/\",\"name\":\"The Goldberg Law Office PLLC\",\"description\":\"Justice you shall pursue Justice\",\"potentialAction\":[{\"@type\":\"SearchAction\",\"target\":{\"@type\":\"EntryPoint\",\"urlTemplate\":\"https:\/\/lawgoldberg.com\/?s={search_term_string}\"},\"query-input\":{\"@type\":\"PropertyValueSpecification\",\"valueRequired\":true,\"valueName\":\"search_term_string\"}}],\"inLanguage\":\"es\"}]}<\/script>\n<!-- \/ Yoast SEO plugin. -->","yoast_head_json":{"title":"Business Visas Assistance and Lawyers in Houston, TX","description":"At the Goldberg Law Office we offer assistance for business visas. Contact us for an appointment with one of our attorneys to explore what options best fit you.","robots":{"index":"index","follow":"follow","max-snippet":"max-snippet:-1","max-image-preview":"max-image-preview:large","max-video-preview":"max-video-preview:-1"},"canonical":"https:\/\/lawgoldberg.com\/es\/practice-areas\/inmigracion\/visas-de-negocios\/","og_locale":"es_ES","og_type":"article","og_title":"Business Visas Assistance and Lawyers in Houston, TX","og_description":"At the Goldberg Law Office we offer assistance for business visas. Contact us for an appointment with one of our attorneys to explore what options best fit you.","og_url":"https:\/\/lawgoldberg.com\/es\/practice-areas\/inmigracion\/visas-de-negocios\/","og_site_name":"The Goldberg Law Office PLLC","article_modified_time":"2021-04-12T11:50:58+00:00","twitter_card":"summary_large_image","twitter_misc":{"Tiempo de lectura":"3 minutos"},"schema":{"@context":"https:\/\/schema.org","@graph":[{"@type":"WebPage","@id":"https:\/\/lawgoldberg.com\/es\/practice-areas\/inmigracion\/visas-de-negocios\/","url":"https:\/\/lawgoldberg.com\/es\/practice-areas\/inmigracion\/visas-de-negocios\/","name":"Business Visas Assistance and Lawyers in Houston, TX","isPartOf":{"@id":"https:\/\/lawgoldberg.com\/#website"},"datePublished":"2021-04-12T11:48:57+00:00","dateModified":"2021-04-12T11:50:58+00:00","description":"At the Goldberg Law Office we offer assistance for business visas. Contact us for an appointment with one of our attorneys to explore what options best fit you.","breadcrumb":{"@id":"https:\/\/lawgoldberg.com\/es\/practice-areas\/inmigracion\/visas-de-negocios\/#breadcrumb"},"inLanguage":"es","potentialAction":[{"@type":"ReadAction","target":["https:\/\/lawgoldberg.com\/es\/practice-areas\/inmigracion\/visas-de-negocios\/"]}]},{"@type":"BreadcrumbList","@id":"https:\/\/lawgoldberg.com\/es\/practice-areas\/inmigracion\/visas-de-negocios\/#breadcrumb","itemListElement":[{"@type":"ListItem","position":1,"name":"Home","item":"https:\/\/lawgoldberg.com\/es\/"},{"@type":"ListItem","position":2,"name":"Practice Areas","item":"https:\/\/lawgoldberg.com\/es\/practice-areas\/"},{"@type":"ListItem","position":3,"name":"Inmigraci\u00f3n","item":"https:\/\/lawgoldberg.com\/es\/practice-areas\/inmigracion\/"},{"@type":"ListItem","position":4,"name":"Visas de negocios"}]},{"@type":"WebSite","@id":"https:\/\/lawgoldberg.com\/#website","url":"https:\/\/lawgoldberg.com\/","name":"The Goldberg Law Office PLLC","description":"Justice you shall pursue Justice","potentialAction":[{"@type":"SearchAction","target":{"@type":"EntryPoint","urlTemplate":"https:\/\/lawgoldberg.com\/?s={search_term_string}"},"query-input":{"@type":"PropertyValueSpecification","valueRequired":true,"valueName":"search_term_string"}}],"inLanguage":"es"}]}},"_links":{"self":[{"href":"https:\/\/lawgoldberg.com\/es\/wp-json\/wp\/v2\/pages\/15089","targetHints":{"allow":["GET"]}}],"collection":[{"href":"https:\/\/lawgoldberg.com\/es\/wp-json\/wp\/v2\/pages"}],"about":[{"href":"https:\/\/lawgoldberg.com\/es\/wp-json\/wp\/v2\/types\/page"}],"author":[{"embeddable":true,"href":"https:\/\/lawgoldberg.com\/es\/wp-json\/wp\/v2\/users\/3"}],"replies":[{"embeddable":true,"href":"https:\/\/lawgoldberg.com\/es\/wp-json\/wp\/v2\/comments?post=15089"}],"version-history":[{"count":2,"href":"https:\/\/lawgoldberg.com\/es\/wp-json\/wp\/v2\/pages\/15089\/revisions"}],"predecessor-version":[{"id":15091,"href":"https:\/\/lawgoldberg.com\/es\/wp-json\/wp\/v2\/pages\/15089\/revisions\/15091"}],"up":[{"embeddable":true,"href":"https:\/\/lawgoldberg.com\/es\/wp-json\/wp\/v2\/pages\/15100"}],"wp:attachment":[{"href":"https:\/\/lawgoldberg.com\/es\/wp-json\/wp\/v2\/media?parent=15089"}],"curies":[{"name":"wp","href":"https:\/\/api.w.org\/{rel}","templated":true}]}}