{"id":15022,"date":"2021-04-09T07:55:21","date_gmt":"2021-04-09T07:55:21","guid":{"rendered":"https:\/\/lawgoldberg.com\/?page_id=15022"},"modified":"2021-04-12T09:30:04","modified_gmt":"2021-04-12T09:30:04","slug":"residencia-y-ciudadania","status":"publish","type":"page","link":"https:\/\/lawgoldberg.com\/es\/practice-areas\/inmigracion\/residencia-y-ciudadania\/","title":{"rendered":"Residencia y ciudadan\u00eda"},"content":{"rendered":"<div id=\"cmsmasters_row_mae56pujsb\" class=\"cmsmasters_row cmsmasters_color_scheme_default cmsmasters_row_top_default cmsmasters_row_bot_default cmsmasters_row_boxed\">\n<div class=\"cmsmasters_row_outer_parent\">\n<div class=\"cmsmasters_row_outer\">\n<div class=\"cmsmasters_row_inner\">\n<div class=\"cmsmasters_row_margin\">\n<div id=\"cmsmasters_column_5wml0gyrfb\" class=\"cmsmasters_column one_first\">\n<div class=\"cmsmasters_column_inner\"><div id=\"cmsmasters_fb_d5vvl8xx3e\" class=\"cmsmasters_featured_block\">\n<div class=\"featured_block_inner\">\n<div class=\"featured_block_text\">\n<h2>Residencia y ciudadan\u00eda<\/h2>\n<p>La residencia permanente, tambi\u00e9nconocidacomo \u201ctarjetaverde\u201d, suele ser un proceso de dos pasos.<\/p>\n<p>Paso 1: Petici\u00f3n del solicitanteinmigrante.<\/p>\n<p>Paso 2: Solicitud de residencia permanente del inmigrante.<\/p>\n<p>La forma t\u00edpica para que una persona obtenga la residencia permanente es mediante la petici\u00f3n \/ patrocinio de un miembro de la familia o empresa \/ patrocinador del solicitanteinmigrante. Despu\u00e9s de una petici\u00f3naprobada, el inmigrantedeber\u00e1solicitar la residencia permanente. Si el inmigranteest\u00e1en los Estados Unidos, es posible que puedasolicitar un ajuste de estatus. Si el inmigranteest\u00e1fuera de los Estados Unidos, solicitar\u00e1 una visa de inmigranteen el consulado de los Estados Unidos.<\/p>\n<p>El matrimonio con un ciudadanoestadounidense es una de las formasen que muchos de nuestrosclientesobtienen la residencia permanente. Hemosrepresentado con \u00e9xito a nuestrosclientesen la obtenci\u00f3n de su residencia permanente a trav\u00e9s de peticiones de c\u00f3nyuges.<\/p>\n\n<\/div>\n<\/div>\n<\/div>\n<\/div><\/div>\n<\/div>\n<\/div>\n<\/div>\n<\/div>\n<\/div>\n<div id=\"cmsmasters_row_76lk8bzcin\" class=\"cmsmasters_row cmsmasters_color_scheme_default cmsmasters_row_top_default cmsmasters_row_bot_default cmsmasters_row_boxed\">\n<div class=\"cmsmasters_row_outer_parent\">\n<div class=\"cmsmasters_row_outer\">\n<div class=\"cmsmasters_row_inner\">\n<div class=\"cmsmasters_row_margin\">\n<div id=\"cmsmasters_column_kzrxyrydj8\" class=\"cmsmasters_column one_first\">\n<div class=\"cmsmasters_column_inner\"><div id=\"cmsmasters_fb_o353kz087\" class=\"cmsmasters_featured_block\">\n<div class=\"featured_block_inner\">\n<div class=\"featured_block_text\">\n<h2>Ciudadan\u00eda \/ Naturalizaci\u00f3n<\/h2>\n<p>\u00a1La ciudadan\u00eda es el paso final en el viaje de un inmigrante de solicitudes de inmigraci\u00f3n de EE. UU.! Recomendamos encarecidamente que las personas soliciten la naturalizaci\u00f3n \/ ciudadan\u00eda tan pronto como puedan calificar. Solicitar la ciudadan\u00eda implica varios pasos que incluyen aprobar un examen de ingl\u00e9s y de historia \/ educaci\u00f3n c\u00edvica de EE. UU. A partir de entonces, se revisa el historial migratorio completo del solicitante para determinar si el solicitante califica para la ciudadan\u00eda.<\/p>\n<p>Incluso si una persona aprueba el examen y la entrevista, la persona no es oficialmente un ciudadano estadounidense hasta que la persona preste juramento y participe en la ceremonia de naturalizaci\u00f3n.<\/p>\n<p>Es raro que un inmigrante obtenga la ciudadan\u00eda autom\u00e1tica a menos que la persona est\u00e9 dentro de ciertos par\u00e1metros.<\/p>\n<p>La naturalizaci\u00f3n todav\u00eda pone al solicitante bajo revisi\u00f3n por un oficial de inmigraci\u00f3n. Se recomienda seguir el proceso con un abogado para garantizar un resultado exitoso.<\/p>\n\n<\/div>\n<\/div>\n<\/div>\n<\/div><\/div>\n<\/div>\n<\/div>\n<\/div>\n<\/div>\n<\/div>\n\n","protected":false},"excerpt":{"rendered":"","protected":false},"author":3,"featured_media":0,"parent":15100,"menu_order":0,"comment_status":"closed","ping_status":"closed","template":"","meta":{"_acf_changed":false,"footnotes":""},"class_list":["post-15022","page","type-page","status-publish","hentry"],"acf":[],"yoast_head":"<!-- This site is optimized with the Yoast SEO plugin v26.5 - https:\/\/yoast.com\/wordpress\/plugins\/seo\/ -->\n<title>Residencia y ciudadan\u00eda - The Goldberg Law Office PLLC<\/title>\n<meta name=\"robots\" content=\"index, follow, max-snippet:-1, max-image-preview:large, max-video-preview:-1\" \/>\n<link rel=\"canonical\" href=\"https:\/\/lawgoldberg.com\/es\/practice-areas\/inmigracion\/residencia-y-ciudadania\/\" \/>\n<meta property=\"og:locale\" content=\"es_ES\" \/>\n<meta property=\"og:type\" content=\"article\" \/>\n<meta property=\"og:title\" content=\"Residencia y ciudadan\u00eda - The Goldberg Law Office PLLC\" \/>\n<meta property=\"og:url\" content=\"https:\/\/lawgoldberg.com\/es\/practice-areas\/inmigracion\/residencia-y-ciudadania\/\" \/>\n<meta property=\"og:site_name\" content=\"The Goldberg Law Office PLLC\" \/>\n<meta property=\"article:modified_time\" content=\"2021-04-12T09:30:04+00:00\" \/>\n<meta name=\"twitter:card\" content=\"summary_large_image\" \/>\n<meta name=\"twitter:label1\" content=\"Tiempo de lectura\" \/>\n\t<meta name=\"twitter:data1\" content=\"3 minutos\" \/>\n<script type=\"application\/ld+json\" class=\"yoast-schema-graph\">{\"@context\":\"https:\/\/schema.org\",\"@graph\":[{\"@type\":\"WebPage\",\"@id\":\"https:\/\/lawgoldberg.com\/es\/practice-areas\/inmigracion\/residencia-y-ciudadania\/\",\"url\":\"https:\/\/lawgoldberg.com\/es\/practice-areas\/inmigracion\/residencia-y-ciudadania\/\",\"name\":\"Residencia y ciudadan\u00eda - The Goldberg Law Office PLLC\",\"isPartOf\":{\"@id\":\"https:\/\/lawgoldberg.com\/#website\"},\"datePublished\":\"2021-04-09T07:55:21+00:00\",\"dateModified\":\"2021-04-12T09:30:04+00:00\",\"breadcrumb\":{\"@id\":\"https:\/\/lawgoldberg.com\/es\/practice-areas\/inmigracion\/residencia-y-ciudadania\/#breadcrumb\"},\"inLanguage\":\"es\",\"potentialAction\":[{\"@type\":\"ReadAction\",\"target\":[\"https:\/\/lawgoldberg.com\/es\/practice-areas\/inmigracion\/residencia-y-ciudadania\/\"]}]},{\"@type\":\"BreadcrumbList\",\"@id\":\"https:\/\/lawgoldberg.com\/es\/practice-areas\/inmigracion\/residencia-y-ciudadania\/#breadcrumb\",\"itemListElement\":[{\"@type\":\"ListItem\",\"position\":1,\"name\":\"Home\",\"item\":\"https:\/\/lawgoldberg.com\/es\/\"},{\"@type\":\"ListItem\",\"position\":2,\"name\":\"Practice Areas\",\"item\":\"https:\/\/lawgoldberg.com\/es\/practice-areas\/\"},{\"@type\":\"ListItem\",\"position\":3,\"name\":\"Inmigraci\u00f3n\",\"item\":\"https:\/\/lawgoldberg.com\/es\/practice-areas\/inmigracion\/\"},{\"@type\":\"ListItem\",\"position\":4,\"name\":\"Residencia y ciudadan\u00eda\"}]},{\"@type\":\"WebSite\",\"@id\":\"https:\/\/lawgoldberg.com\/#website\",\"url\":\"https:\/\/lawgoldberg.com\/\",\"name\":\"The Goldberg Law Office PLLC\",\"description\":\"Justice you shall pursue Justice\",\"potentialAction\":[{\"@type\":\"SearchAction\",\"target\":{\"@type\":\"EntryPoint\",\"urlTemplate\":\"https:\/\/lawgoldberg.com\/?s={search_term_string}\"},\"query-input\":{\"@type\":\"PropertyValueSpecification\",\"valueRequired\":true,\"valueName\":\"search_term_string\"}}],\"inLanguage\":\"es\"}]}<\/script>\n<!-- \/ Yoast SEO plugin. -->","yoast_head_json":{"title":"Residencia y ciudadan\u00eda - The Goldberg Law Office PLLC","robots":{"index":"index","follow":"follow","max-snippet":"max-snippet:-1","max-image-preview":"max-image-preview:large","max-video-preview":"max-video-preview:-1"},"canonical":"https:\/\/lawgoldberg.com\/es\/practice-areas\/inmigracion\/residencia-y-ciudadania\/","og_locale":"es_ES","og_type":"article","og_title":"Residencia y ciudadan\u00eda - The Goldberg Law Office PLLC","og_url":"https:\/\/lawgoldberg.com\/es\/practice-areas\/inmigracion\/residencia-y-ciudadania\/","og_site_name":"The Goldberg Law Office PLLC","article_modified_time":"2021-04-12T09:30:04+00:00","twitter_card":"summary_large_image","twitter_misc":{"Tiempo de lectura":"3 minutos"},"schema":{"@context":"https:\/\/schema.org","@graph":[{"@type":"WebPage","@id":"https:\/\/lawgoldberg.com\/es\/practice-areas\/inmigracion\/residencia-y-ciudadania\/","url":"https:\/\/lawgoldberg.com\/es\/practice-areas\/inmigracion\/residencia-y-ciudadania\/","name":"Residencia y ciudadan\u00eda - The Goldberg Law Office PLLC","isPartOf":{"@id":"https:\/\/lawgoldberg.com\/#website"},"datePublished":"2021-04-09T07:55:21+00:00","dateModified":"2021-04-12T09:30:04+00:00","breadcrumb":{"@id":"https:\/\/lawgoldberg.com\/es\/practice-areas\/inmigracion\/residencia-y-ciudadania\/#breadcrumb"},"inLanguage":"es","potentialAction":[{"@type":"ReadAction","target":["https:\/\/lawgoldberg.com\/es\/practice-areas\/inmigracion\/residencia-y-ciudadania\/"]}]},{"@type":"BreadcrumbList","@id":"https:\/\/lawgoldberg.com\/es\/practice-areas\/inmigracion\/residencia-y-ciudadania\/#breadcrumb","itemListElement":[{"@type":"ListItem","position":1,"name":"Home","item":"https:\/\/lawgoldberg.com\/es\/"},{"@type":"ListItem","position":2,"name":"Practice Areas","item":"https:\/\/lawgoldberg.com\/es\/practice-areas\/"},{"@type":"ListItem","position":3,"name":"Inmigraci\u00f3n","item":"https:\/\/lawgoldberg.com\/es\/practice-areas\/inmigracion\/"},{"@type":"ListItem","position":4,"name":"Residencia y ciudadan\u00eda"}]},{"@type":"WebSite","@id":"https:\/\/lawgoldberg.com\/#website","url":"https:\/\/lawgoldberg.com\/","name":"The Goldberg Law Office PLLC","description":"Justice you shall pursue Justice","potentialAction":[{"@type":"SearchAction","target":{"@type":"EntryPoint","urlTemplate":"https:\/\/lawgoldberg.com\/?s={search_term_string}"},"query-input":{"@type":"PropertyValueSpecification","valueRequired":true,"valueName":"search_term_string"}}],"inLanguage":"es"}]}},"_links":{"self":[{"href":"https:\/\/lawgoldberg.com\/es\/wp-json\/wp\/v2\/pages\/15022","targetHints":{"allow":["GET"]}}],"collection":[{"href":"https:\/\/lawgoldberg.com\/es\/wp-json\/wp\/v2\/pages"}],"about":[{"href":"https:\/\/lawgoldberg.com\/es\/wp-json\/wp\/v2\/types\/page"}],"author":[{"embeddable":true,"href":"https:\/\/lawgoldberg.com\/es\/wp-json\/wp\/v2\/users\/3"}],"replies":[{"embeddable":true,"href":"https:\/\/lawgoldberg.com\/es\/wp-json\/wp\/v2\/comments?post=15022"}],"version-history":[{"count":4,"href":"https:\/\/lawgoldberg.com\/es\/wp-json\/wp\/v2\/pages\/15022\/revisions"}],"predecessor-version":[{"id":15083,"href":"https:\/\/lawgoldberg.com\/es\/wp-json\/wp\/v2\/pages\/15022\/revisions\/15083"}],"up":[{"embeddable":true,"href":"https:\/\/lawgoldberg.com\/es\/wp-json\/wp\/v2\/pages\/15100"}],"wp:attachment":[{"href":"https:\/\/lawgoldberg.com\/es\/wp-json\/wp\/v2\/media?parent=15022"}],"curies":[{"name":"wp","href":"https:\/\/api.w.org\/{rel}","templated":true}]}}