{"id":15016,"date":"2021-04-09T07:48:59","date_gmt":"2021-04-09T07:48:59","guid":{"rendered":"https:\/\/lawgoldberg.com\/?page_id=15016"},"modified":"2021-04-09T07:49:34","modified_gmt":"2021-04-09T07:49:34","slug":"defensa-de-deportacion","status":"publish","type":"page","link":"https:\/\/lawgoldberg.com\/es\/practice-areas\/inmigracion\/defensa-de-deportacion\/","title":{"rendered":"Defensa de deportaci\u00f3n"},"content":{"rendered":"<div id=\"cmsmasters_row_9jf9xhpyq\" class=\"cmsmasters_row cmsmasters_color_scheme_default cmsmasters_row_top_default cmsmasters_row_bot_default cmsmasters_row_boxed\">\n<div class=\"cmsmasters_row_outer_parent\">\n<div class=\"cmsmasters_row_outer\">\n<div class=\"cmsmasters_row_inner\">\n<div class=\"cmsmasters_row_margin\">\n<div id=\"cmsmasters_column_t9to9l8xy\" class=\"cmsmasters_column one_first\">\n<div class=\"cmsmasters_column_inner\"><div id=\"cmsmasters_fb_9226dkrz74\" class=\"cmsmasters_featured_block\">\n<div class=\"featured_block_inner\">\n<div class=\"featured_block_text\">\n<h2>Defensa de deportaci\u00f3n<\/h2>\n<p>La idea de procesos de deportaci\u00f3n o remoci\u00f3nde los Estado Unidos puede ser abrumadora. Imaginen a una persona que tiene que defender su derecho a los Estados Unidos. No importa la edad de la persona, joven o mayor, si la persona no tieneestatusmigratorio legal o tieneantecedentespenales que identifiquen a la persona comoextra\u00edble, los Estados Unidos puedentratar de deportara ese individuo.<\/p>\n<p>\u00bfHa recibido un aviso por correo para comparecer ante la Corte de Inmigraci\u00f3n de Houston? Algunas personas nosdir\u00e1n que tienen una citaen la corte sin darsecuenta de que est\u00e1nen un proceso de deportaci\u00f3n.<\/p>\n<p>La deportaci\u00f3n es un proceso serio, pero no uno que puedesucederimmediatamente. De hecho, muchos de nuestrosclientestienencasospendientesdurantea\u00f1os!<\/p>\n<p>Tratamos de representar con \u00e9xito a nuestrosclientesen la deportaci\u00f3n. Investigamos la ley, presentamos los mejoresargumentos que podemos y luchamos por nuestrosclientes.<\/p>\n<p>Si ustedest\u00e1enproceso de deportaci\u00f3n o deportaci\u00f3nahora o no, es importanteobtenerasesoramiento legal honestosobresusituaci\u00f3n de inmigraci\u00f3n. Ofrecemosrespuestasdirectas a sus preguntasdif\u00edciles.<\/p>\n\n<\/div>\n<\/div>\n<\/div>\n<\/div><\/div>\n<\/div>\n<\/div>\n<\/div>\n<\/div>\n<\/div>\n\n","protected":false},"excerpt":{"rendered":"","protected":false},"author":3,"featured_media":0,"parent":15100,"menu_order":0,"comment_status":"closed","ping_status":"closed","template":"","meta":{"_acf_changed":false,"footnotes":""},"class_list":["post-15016","page","type-page","status-publish","hentry"],"acf":[],"yoast_head":"<!-- This site is optimized with the Yoast SEO plugin v26.5 - https:\/\/yoast.com\/wordpress\/plugins\/seo\/ -->\n<title>Defensa de deportaci\u00f3n - The Goldberg Law Office PLLC<\/title>\n<meta name=\"robots\" content=\"index, follow, max-snippet:-1, max-image-preview:large, max-video-preview:-1\" \/>\n<link rel=\"canonical\" href=\"https:\/\/lawgoldberg.com\/es\/practice-areas\/inmigracion\/defensa-de-deportacion\/\" \/>\n<meta property=\"og:locale\" content=\"es_ES\" \/>\n<meta property=\"og:type\" content=\"article\" \/>\n<meta property=\"og:title\" content=\"Defensa de deportaci\u00f3n - The Goldberg Law Office PLLC\" \/>\n<meta property=\"og:url\" content=\"https:\/\/lawgoldberg.com\/es\/practice-areas\/inmigracion\/defensa-de-deportacion\/\" \/>\n<meta property=\"og:site_name\" content=\"The Goldberg Law Office PLLC\" \/>\n<meta property=\"article:modified_time\" content=\"2021-04-09T07:49:34+00:00\" \/>\n<meta name=\"twitter:card\" content=\"summary_large_image\" \/>\n<meta name=\"twitter:label1\" content=\"Tiempo de lectura\" \/>\n\t<meta name=\"twitter:data1\" content=\"2 minutos\" \/>\n<script type=\"application\/ld+json\" class=\"yoast-schema-graph\">{\"@context\":\"https:\/\/schema.org\",\"@graph\":[{\"@type\":\"WebPage\",\"@id\":\"https:\/\/lawgoldberg.com\/es\/practice-areas\/inmigracion\/defensa-de-deportacion\/\",\"url\":\"https:\/\/lawgoldberg.com\/es\/practice-areas\/inmigracion\/defensa-de-deportacion\/\",\"name\":\"Defensa de deportaci\u00f3n - The Goldberg Law Office PLLC\",\"isPartOf\":{\"@id\":\"https:\/\/lawgoldberg.com\/#website\"},\"datePublished\":\"2021-04-09T07:48:59+00:00\",\"dateModified\":\"2021-04-09T07:49:34+00:00\",\"breadcrumb\":{\"@id\":\"https:\/\/lawgoldberg.com\/es\/practice-areas\/inmigracion\/defensa-de-deportacion\/#breadcrumb\"},\"inLanguage\":\"es\",\"potentialAction\":[{\"@type\":\"ReadAction\",\"target\":[\"https:\/\/lawgoldberg.com\/es\/practice-areas\/inmigracion\/defensa-de-deportacion\/\"]}]},{\"@type\":\"BreadcrumbList\",\"@id\":\"https:\/\/lawgoldberg.com\/es\/practice-areas\/inmigracion\/defensa-de-deportacion\/#breadcrumb\",\"itemListElement\":[{\"@type\":\"ListItem\",\"position\":1,\"name\":\"Home\",\"item\":\"https:\/\/lawgoldberg.com\/es\/\"},{\"@type\":\"ListItem\",\"position\":2,\"name\":\"Practice Areas\",\"item\":\"https:\/\/lawgoldberg.com\/es\/practice-areas\/\"},{\"@type\":\"ListItem\",\"position\":3,\"name\":\"Inmigraci\u00f3n\",\"item\":\"https:\/\/lawgoldberg.com\/es\/practice-areas\/inmigracion\/\"},{\"@type\":\"ListItem\",\"position\":4,\"name\":\"Defensa de deportaci\u00f3n\"}]},{\"@type\":\"WebSite\",\"@id\":\"https:\/\/lawgoldberg.com\/#website\",\"url\":\"https:\/\/lawgoldberg.com\/\",\"name\":\"The Goldberg Law Office PLLC\",\"description\":\"Justice you shall pursue Justice\",\"potentialAction\":[{\"@type\":\"SearchAction\",\"target\":{\"@type\":\"EntryPoint\",\"urlTemplate\":\"https:\/\/lawgoldberg.com\/?s={search_term_string}\"},\"query-input\":{\"@type\":\"PropertyValueSpecification\",\"valueRequired\":true,\"valueName\":\"search_term_string\"}}],\"inLanguage\":\"es\"}]}<\/script>\n<!-- \/ Yoast SEO plugin. -->","yoast_head_json":{"title":"Defensa de deportaci\u00f3n - The Goldberg Law Office PLLC","robots":{"index":"index","follow":"follow","max-snippet":"max-snippet:-1","max-image-preview":"max-image-preview:large","max-video-preview":"max-video-preview:-1"},"canonical":"https:\/\/lawgoldberg.com\/es\/practice-areas\/inmigracion\/defensa-de-deportacion\/","og_locale":"es_ES","og_type":"article","og_title":"Defensa de deportaci\u00f3n - The Goldberg Law Office PLLC","og_url":"https:\/\/lawgoldberg.com\/es\/practice-areas\/inmigracion\/defensa-de-deportacion\/","og_site_name":"The Goldberg Law Office PLLC","article_modified_time":"2021-04-09T07:49:34+00:00","twitter_card":"summary_large_image","twitter_misc":{"Tiempo de lectura":"2 minutos"},"schema":{"@context":"https:\/\/schema.org","@graph":[{"@type":"WebPage","@id":"https:\/\/lawgoldberg.com\/es\/practice-areas\/inmigracion\/defensa-de-deportacion\/","url":"https:\/\/lawgoldberg.com\/es\/practice-areas\/inmigracion\/defensa-de-deportacion\/","name":"Defensa de deportaci\u00f3n - The Goldberg Law Office PLLC","isPartOf":{"@id":"https:\/\/lawgoldberg.com\/#website"},"datePublished":"2021-04-09T07:48:59+00:00","dateModified":"2021-04-09T07:49:34+00:00","breadcrumb":{"@id":"https:\/\/lawgoldberg.com\/es\/practice-areas\/inmigracion\/defensa-de-deportacion\/#breadcrumb"},"inLanguage":"es","potentialAction":[{"@type":"ReadAction","target":["https:\/\/lawgoldberg.com\/es\/practice-areas\/inmigracion\/defensa-de-deportacion\/"]}]},{"@type":"BreadcrumbList","@id":"https:\/\/lawgoldberg.com\/es\/practice-areas\/inmigracion\/defensa-de-deportacion\/#breadcrumb","itemListElement":[{"@type":"ListItem","position":1,"name":"Home","item":"https:\/\/lawgoldberg.com\/es\/"},{"@type":"ListItem","position":2,"name":"Practice Areas","item":"https:\/\/lawgoldberg.com\/es\/practice-areas\/"},{"@type":"ListItem","position":3,"name":"Inmigraci\u00f3n","item":"https:\/\/lawgoldberg.com\/es\/practice-areas\/inmigracion\/"},{"@type":"ListItem","position":4,"name":"Defensa de deportaci\u00f3n"}]},{"@type":"WebSite","@id":"https:\/\/lawgoldberg.com\/#website","url":"https:\/\/lawgoldberg.com\/","name":"The Goldberg Law Office PLLC","description":"Justice you shall pursue Justice","potentialAction":[{"@type":"SearchAction","target":{"@type":"EntryPoint","urlTemplate":"https:\/\/lawgoldberg.com\/?s={search_term_string}"},"query-input":{"@type":"PropertyValueSpecification","valueRequired":true,"valueName":"search_term_string"}}],"inLanguage":"es"}]}},"_links":{"self":[{"href":"https:\/\/lawgoldberg.com\/es\/wp-json\/wp\/v2\/pages\/15016","targetHints":{"allow":["GET"]}}],"collection":[{"href":"https:\/\/lawgoldberg.com\/es\/wp-json\/wp\/v2\/pages"}],"about":[{"href":"https:\/\/lawgoldberg.com\/es\/wp-json\/wp\/v2\/types\/page"}],"author":[{"embeddable":true,"href":"https:\/\/lawgoldberg.com\/es\/wp-json\/wp\/v2\/users\/3"}],"replies":[{"embeddable":true,"href":"https:\/\/lawgoldberg.com\/es\/wp-json\/wp\/v2\/comments?post=15016"}],"version-history":[{"count":3,"href":"https:\/\/lawgoldberg.com\/es\/wp-json\/wp\/v2\/pages\/15016\/revisions"}],"predecessor-version":[{"id":15019,"href":"https:\/\/lawgoldberg.com\/es\/wp-json\/wp\/v2\/pages\/15016\/revisions\/15019"}],"up":[{"embeddable":true,"href":"https:\/\/lawgoldberg.com\/es\/wp-json\/wp\/v2\/pages\/15100"}],"wp:attachment":[{"href":"https:\/\/lawgoldberg.com\/es\/wp-json\/wp\/v2\/media?parent=15016"}],"curies":[{"name":"wp","href":"https:\/\/api.w.org\/{rel}","templated":true}]}}